{"id":8097,"date":"2020-06-01T17:59:30","date_gmt":"2020-06-01T15:59:30","guid":{"rendered":"https:\/\/siroco.pamplemousse.site\/accueil\/"},"modified":"2025-01-06T12:23:37","modified_gmt":"2025-01-06T11:23:37","slug":"soluciones-termicas","status":"publish","type":"page","link":"https:\/\/www.siroco-hvac.com\/es\/","title":{"rendered":"soluciones t\u00e9rmicas"},"content":{"rendered":"<p><strong>Siroco, proveedor internacional de soluciones t\u00e9rmicas y el\u00e9ctricas para veh\u00edculos industriales, imagina, dise\u00f1a y gestiona el confort de las cabinas para los principales fabricantes del mundo mediante soluciones de climatizaci\u00f3n llave en mano.<\/strong><\/p>\n","protected":false},"excerpt":{"rendered":"<p>Siroco, proveedor internacional de soluciones t\u00e9rmicas y el\u00e9ctricas para veh\u00edculos industriales, imagina, dise\u00f1a y gestiona el confort de las cabinas&#8230;<\/p>\n","protected":false},"author":1,"featured_media":7829,"parent":0,"menu_order":0,"comment_status":"closed","ping_status":"closed","template":"","meta":{"_acf_changed":false,"inline_featured_image":false,"footnotes":""},"product_category":[],"class_list":["post-8097","page","type-page","status-publish","has-post-thumbnail","hentry"],"acf":[],"yoast_head":"<!-- This site is optimized with the Yoast SEO plugin v27.4 - https:\/\/yoast.com\/product\/yoast-seo-wordpress\/ -->\n<title>soluciones t\u00e9rmicas - Siroco<\/title>\n<meta name=\"description\" content=\"Siroco, proveedor internacional de soluciones t\u00e9rmicas y el\u00e9ctricas para veh\u00edculos industriales.\" \/>\n<meta name=\"robots\" content=\"index, follow, max-snippet:-1, max-image-preview:large, max-video-preview:-1\" \/>\n<link rel=\"canonical\" href=\"https:\/\/www.siroco-hvac.com\/es\/\" \/>\n<meta property=\"og:locale\" content=\"es_ES\" \/>\n<meta property=\"og:type\" content=\"article\" \/>\n<meta property=\"og:title\" content=\"soluciones t\u00e9rmicas - Siroco\" \/>\n<meta property=\"og:description\" content=\"Siroco, proveedor internacional de soluciones t\u00e9rmicas y el\u00e9ctricas para veh\u00edculos industriales.\" \/>\n<meta property=\"og:url\" content=\"https:\/\/www.siroco-hvac.com\/es\/\" \/>\n<meta property=\"og:site_name\" content=\"Siroco\" \/>\n<meta property=\"article:modified_time\" content=\"2025-01-06T11:23:37+00:00\" \/>\n<meta property=\"og:image\" content=\"https:\/\/www.siroco-hvac.com\/app\/uploads\/2021\/01\/placeholder.jpg\" \/>\n\t<meta property=\"og:image:width\" content=\"1114\" \/>\n\t<meta property=\"og:image:height\" content=\"836\" \/>\n\t<meta property=\"og:image:type\" content=\"image\/jpeg\" \/>\n<meta name=\"twitter:card\" content=\"summary_large_image\" \/>\n<meta name=\"twitter:label1\" content=\"Est. reading time\" \/>\n\t<meta name=\"twitter:data1\" content=\"1 minute\" \/>\n<script type=\"application\/ld+json\" class=\"yoast-schema-graph\">{\"@context\":\"https:\\\/\\\/schema.org\",\"@graph\":[{\"@type\":\"WebPage\",\"@id\":\"https:\\\/\\\/www.siroco-hvac.com\\\/es\\\/\",\"url\":\"https:\\\/\\\/www.siroco-hvac.com\\\/es\\\/\",\"name\":\"soluciones t\u00e9rmicas - Siroco\",\"isPartOf\":{\"@id\":\"https:\\\/\\\/www.siroco-hvac.com\\\/es\\\/#website\"},\"primaryImageOfPage\":{\"@id\":\"https:\\\/\\\/www.siroco-hvac.com\\\/es\\\/#primaryimage\"},\"image\":{\"@id\":\"https:\\\/\\\/www.siroco-hvac.com\\\/es\\\/#primaryimage\"},\"thumbnailUrl\":\"https:\\\/\\\/www.siroco-hvac.com\\\/app\\\/uploads\\\/2021\\\/01\\\/placeholder.jpg\",\"datePublished\":\"2020-06-01T15:59:30+00:00\",\"dateModified\":\"2025-01-06T11:23:37+00:00\",\"description\":\"Siroco, proveedor internacional de soluciones t\u00e9rmicas y el\u00e9ctricas para veh\u00edculos industriales.\",\"breadcrumb\":{\"@id\":\"https:\\\/\\\/www.siroco-hvac.com\\\/es\\\/#breadcrumb\"},\"inLanguage\":\"es-ES\",\"potentialAction\":[{\"@type\":\"ReadAction\",\"target\":[\"https:\\\/\\\/www.siroco-hvac.com\\\/es\\\/\"]}]},{\"@type\":\"ImageObject\",\"inLanguage\":\"es-ES\",\"@id\":\"https:\\\/\\\/www.siroco-hvac.com\\\/es\\\/#primaryimage\",\"url\":\"https:\\\/\\\/www.siroco-hvac.com\\\/app\\\/uploads\\\/2021\\\/01\\\/placeholder.jpg\",\"contentUrl\":\"https:\\\/\\\/www.siroco-hvac.com\\\/app\\\/uploads\\\/2021\\\/01\\\/placeholder.jpg\",\"width\":1114,\"height\":836},{\"@type\":\"BreadcrumbList\",\"@id\":\"https:\\\/\\\/www.siroco-hvac.com\\\/es\\\/#breadcrumb\",\"itemListElement\":[{\"@type\":\"ListItem\",\"position\":1,\"name\":\"Home\",\"item\":\"https:\\\/\\\/www.siroco-hvac.com\\\/es\\\/\"},{\"@type\":\"ListItem\",\"position\":2,\"name\":\"soluciones t\u00e9rmicas\"}]},{\"@type\":\"WebSite\",\"@id\":\"https:\\\/\\\/www.siroco-hvac.com\\\/es\\\/#website\",\"url\":\"https:\\\/\\\/www.siroco-hvac.com\\\/es\\\/\",\"name\":\"Siroco\",\"description\":\"Energize the air\",\"potentialAction\":[{\"@type\":\"SearchAction\",\"target\":{\"@type\":\"EntryPoint\",\"urlTemplate\":\"https:\\\/\\\/www.siroco-hvac.com\\\/es\\\/?s={search_term_string}\"},\"query-input\":{\"@type\":\"PropertyValueSpecification\",\"valueRequired\":true,\"valueName\":\"search_term_string\"}}],\"inLanguage\":\"es-ES\"}]}<\/script>\n<!-- \/ Yoast SEO plugin. -->","yoast_head_json":{"title":"soluciones t\u00e9rmicas - Siroco","description":"Siroco, proveedor internacional de soluciones t\u00e9rmicas y el\u00e9ctricas para veh\u00edculos industriales.","robots":{"index":"index","follow":"follow","max-snippet":"max-snippet:-1","max-image-preview":"max-image-preview:large","max-video-preview":"max-video-preview:-1"},"canonical":"https:\/\/www.siroco-hvac.com\/es\/","og_locale":"es_ES","og_type":"article","og_title":"soluciones t\u00e9rmicas - Siroco","og_description":"Siroco, proveedor internacional de soluciones t\u00e9rmicas y el\u00e9ctricas para veh\u00edculos industriales.","og_url":"https:\/\/www.siroco-hvac.com\/es\/","og_site_name":"Siroco","article_modified_time":"2025-01-06T11:23:37+00:00","og_image":[{"width":1114,"height":836,"url":"https:\/\/www.siroco-hvac.com\/app\/uploads\/2021\/01\/placeholder.jpg","type":"image\/jpeg"}],"twitter_card":"summary_large_image","twitter_misc":{"Est. reading time":"1 minute"},"schema":{"@context":"https:\/\/schema.org","@graph":[{"@type":"WebPage","@id":"https:\/\/www.siroco-hvac.com\/es\/","url":"https:\/\/www.siroco-hvac.com\/es\/","name":"soluciones t\u00e9rmicas - Siroco","isPartOf":{"@id":"https:\/\/www.siroco-hvac.com\/es\/#website"},"primaryImageOfPage":{"@id":"https:\/\/www.siroco-hvac.com\/es\/#primaryimage"},"image":{"@id":"https:\/\/www.siroco-hvac.com\/es\/#primaryimage"},"thumbnailUrl":"https:\/\/www.siroco-hvac.com\/app\/uploads\/2021\/01\/placeholder.jpg","datePublished":"2020-06-01T15:59:30+00:00","dateModified":"2025-01-06T11:23:37+00:00","description":"Siroco, proveedor internacional de soluciones t\u00e9rmicas y el\u00e9ctricas para veh\u00edculos industriales.","breadcrumb":{"@id":"https:\/\/www.siroco-hvac.com\/es\/#breadcrumb"},"inLanguage":"es-ES","potentialAction":[{"@type":"ReadAction","target":["https:\/\/www.siroco-hvac.com\/es\/"]}]},{"@type":"ImageObject","inLanguage":"es-ES","@id":"https:\/\/www.siroco-hvac.com\/es\/#primaryimage","url":"https:\/\/www.siroco-hvac.com\/app\/uploads\/2021\/01\/placeholder.jpg","contentUrl":"https:\/\/www.siroco-hvac.com\/app\/uploads\/2021\/01\/placeholder.jpg","width":1114,"height":836},{"@type":"BreadcrumbList","@id":"https:\/\/www.siroco-hvac.com\/es\/#breadcrumb","itemListElement":[{"@type":"ListItem","position":1,"name":"Home","item":"https:\/\/www.siroco-hvac.com\/es\/"},{"@type":"ListItem","position":2,"name":"soluciones t\u00e9rmicas"}]},{"@type":"WebSite","@id":"https:\/\/www.siroco-hvac.com\/es\/#website","url":"https:\/\/www.siroco-hvac.com\/es\/","name":"Siroco","description":"Energize the air","potentialAction":[{"@type":"SearchAction","target":{"@type":"EntryPoint","urlTemplate":"https:\/\/www.siroco-hvac.com\/es\/?s={search_term_string}"},"query-input":{"@type":"PropertyValueSpecification","valueRequired":true,"valueName":"search_term_string"}}],"inLanguage":"es-ES"}]}},"_links":{"self":[{"href":"https:\/\/www.siroco-hvac.com\/es\/wp-json\/wp\/v2\/pages\/8097","targetHints":{"allow":["GET"]}}],"collection":[{"href":"https:\/\/www.siroco-hvac.com\/es\/wp-json\/wp\/v2\/pages"}],"about":[{"href":"https:\/\/www.siroco-hvac.com\/es\/wp-json\/wp\/v2\/types\/page"}],"author":[{"embeddable":true,"href":"https:\/\/www.siroco-hvac.com\/es\/wp-json\/wp\/v2\/users\/1"}],"replies":[{"embeddable":true,"href":"https:\/\/www.siroco-hvac.com\/es\/wp-json\/wp\/v2\/comments?post=8097"}],"version-history":[{"count":5,"href":"https:\/\/www.siroco-hvac.com\/es\/wp-json\/wp\/v2\/pages\/8097\/revisions"}],"predecessor-version":[{"id":21329,"href":"https:\/\/www.siroco-hvac.com\/es\/wp-json\/wp\/v2\/pages\/8097\/revisions\/21329"}],"wp:featuredmedia":[{"embeddable":true,"href":"https:\/\/www.siroco-hvac.com\/es\/wp-json\/wp\/v2\/media\/7829"}],"wp:attachment":[{"href":"https:\/\/www.siroco-hvac.com\/es\/wp-json\/wp\/v2\/media?parent=8097"}],"wp:term":[{"taxonomy":"product_category","embeddable":true,"href":"https:\/\/www.siroco-hvac.com\/es\/wp-json\/wp\/v2\/product_category?post=8097"}],"curies":[{"name":"wp","href":"https:\/\/api.w.org\/{rel}","templated":true}]}}