{"id":8076,"date":"2021-02-02T10:39:47","date_gmt":"2021-02-02T09:39:47","guid":{"rendered":"https:\/\/siroco.pamplemousse.site\/solution-sur-mesure\/"},"modified":"2025-07-07T14:30:51","modified_gmt":"2025-07-07T12:30:51","slug":"soluciones-a-medida","status":"publish","type":"page","link":"https:\/\/www.siroco-hvac.com\/es\/soluciones-a-medida\/","title":{"rendered":"SOLUCIONES PERSONALIZADAS"},"content":{"rendered":"","protected":false},"excerpt":{"rendered":"","protected":false},"author":1,"featured_media":4271,"parent":0,"menu_order":2,"comment_status":"closed","ping_status":"closed","template":"","meta":{"_acf_changed":false,"inline_featured_image":false,"footnotes":""},"product_category":[],"class_list":["post-8076","page","type-page","status-publish","has-post-thumbnail","hentry"],"acf":[],"yoast_head":"<!-- This site is optimized with the Yoast SEO plugin v27.4 - https:\/\/yoast.com\/product\/yoast-seo-wordpress\/ -->\n<title>SOLUCIONES PERSONALIZADAS - Siroco<\/title>\n<meta name=\"description\" content=\"Los conocimientos t\u00e9cnicos y la capacidad de SIROCO ENGINEERING para imaginar y dise\u00f1ar sistemas de calefacci\u00f3n y climatizaci\u00f3n \u00f3ptimos, completos y a medida para gestionar el confort t\u00e9rmico en la cabina.\" \/>\n<meta name=\"robots\" content=\"index, follow, max-snippet:-1, max-image-preview:large, max-video-preview:-1\" \/>\n<link rel=\"canonical\" href=\"https:\/\/www.siroco-hvac.com\/es\/soluciones-a-medida\/\" \/>\n<meta property=\"og:locale\" content=\"es_ES\" \/>\n<meta property=\"og:type\" content=\"article\" \/>\n<meta property=\"og:title\" content=\"SOLUCIONES PERSONALIZADAS - Siroco\" \/>\n<meta property=\"og:description\" content=\"Los conocimientos t\u00e9cnicos y la capacidad de SIROCO ENGINEERING para imaginar y dise\u00f1ar sistemas de calefacci\u00f3n y climatizaci\u00f3n \u00f3ptimos, completos y a medida para gestionar el confort t\u00e9rmico en la cabina.\" \/>\n<meta property=\"og:url\" content=\"https:\/\/www.siroco-hvac.com\/es\/soluciones-a-medida\/\" \/>\n<meta property=\"og:site_name\" content=\"Siroco\" \/>\n<meta property=\"article:modified_time\" content=\"2025-07-07T12:30:51+00:00\" \/>\n<meta property=\"og:image\" content=\"https:\/\/www.siroco-hvac.com\/app\/uploads\/2021\/04\/img-8949.jpg\" \/>\n\t<meta property=\"og:image:width\" content=\"1140\" \/>\n\t<meta property=\"og:image:height\" content=\"400\" \/>\n\t<meta property=\"og:image:type\" content=\"image\/jpeg\" \/>\n<meta name=\"twitter:card\" content=\"summary_large_image\" \/>\n<meta name=\"twitter:label1\" content=\"Est. reading time\" \/>\n\t<meta name=\"twitter:data1\" content=\"1 minute\" \/>\n<script type=\"application\/ld+json\" class=\"yoast-schema-graph\">{\"@context\":\"https:\\\/\\\/schema.org\",\"@graph\":[{\"@type\":\"WebPage\",\"@id\":\"https:\\\/\\\/www.siroco-hvac.com\\\/es\\\/soluciones-a-medida\\\/\",\"url\":\"https:\\\/\\\/www.siroco-hvac.com\\\/es\\\/soluciones-a-medida\\\/\",\"name\":\"SOLUCIONES PERSONALIZADAS - Siroco\",\"isPartOf\":{\"@id\":\"https:\\\/\\\/www.siroco-hvac.com\\\/es\\\/#website\"},\"primaryImageOfPage\":{\"@id\":\"https:\\\/\\\/www.siroco-hvac.com\\\/es\\\/soluciones-a-medida\\\/#primaryimage\"},\"image\":{\"@id\":\"https:\\\/\\\/www.siroco-hvac.com\\\/es\\\/soluciones-a-medida\\\/#primaryimage\"},\"thumbnailUrl\":\"https:\\\/\\\/www.siroco-hvac.com\\\/app\\\/uploads\\\/2021\\\/04\\\/img-8949.jpg\",\"datePublished\":\"2021-02-02T09:39:47+00:00\",\"dateModified\":\"2025-07-07T12:30:51+00:00\",\"description\":\"Los conocimientos t\u00e9cnicos y la capacidad de SIROCO ENGINEERING para imaginar y dise\u00f1ar sistemas de calefacci\u00f3n y climatizaci\u00f3n \u00f3ptimos, completos y a medida para gestionar el confort t\u00e9rmico en la cabina.\",\"breadcrumb\":{\"@id\":\"https:\\\/\\\/www.siroco-hvac.com\\\/es\\\/soluciones-a-medida\\\/#breadcrumb\"},\"inLanguage\":\"es-ES\",\"potentialAction\":[{\"@type\":\"ReadAction\",\"target\":[\"https:\\\/\\\/www.siroco-hvac.com\\\/es\\\/soluciones-a-medida\\\/\"]}]},{\"@type\":\"ImageObject\",\"inLanguage\":\"es-ES\",\"@id\":\"https:\\\/\\\/www.siroco-hvac.com\\\/es\\\/soluciones-a-medida\\\/#primaryimage\",\"url\":\"https:\\\/\\\/www.siroco-hvac.com\\\/app\\\/uploads\\\/2021\\\/04\\\/img-8949.jpg\",\"contentUrl\":\"https:\\\/\\\/www.siroco-hvac.com\\\/app\\\/uploads\\\/2021\\\/04\\\/img-8949.jpg\",\"width\":1140,\"height\":400},{\"@type\":\"BreadcrumbList\",\"@id\":\"https:\\\/\\\/www.siroco-hvac.com\\\/es\\\/soluciones-a-medida\\\/#breadcrumb\",\"itemListElement\":[{\"@type\":\"ListItem\",\"position\":1,\"name\":\"Home\",\"item\":\"https:\\\/\\\/www.siroco-hvac.com\\\/es\\\/\"},{\"@type\":\"ListItem\",\"position\":2,\"name\":\"SOLUCIONES PERSONALIZADAS\"}]},{\"@type\":\"WebSite\",\"@id\":\"https:\\\/\\\/www.siroco-hvac.com\\\/es\\\/#website\",\"url\":\"https:\\\/\\\/www.siroco-hvac.com\\\/es\\\/\",\"name\":\"Siroco\",\"description\":\"Energize the air\",\"potentialAction\":[{\"@type\":\"SearchAction\",\"target\":{\"@type\":\"EntryPoint\",\"urlTemplate\":\"https:\\\/\\\/www.siroco-hvac.com\\\/es\\\/?s={search_term_string}\"},\"query-input\":{\"@type\":\"PropertyValueSpecification\",\"valueRequired\":true,\"valueName\":\"search_term_string\"}}],\"inLanguage\":\"es-ES\"}]}<\/script>\n<!-- \/ Yoast SEO plugin. -->","yoast_head_json":{"title":"SOLUCIONES PERSONALIZADAS - Siroco","description":"Los conocimientos t\u00e9cnicos y la capacidad de SIROCO ENGINEERING para imaginar y dise\u00f1ar sistemas de calefacci\u00f3n y climatizaci\u00f3n \u00f3ptimos, completos y a medida para gestionar el confort t\u00e9rmico en la cabina.","robots":{"index":"index","follow":"follow","max-snippet":"max-snippet:-1","max-image-preview":"max-image-preview:large","max-video-preview":"max-video-preview:-1"},"canonical":"https:\/\/www.siroco-hvac.com\/es\/soluciones-a-medida\/","og_locale":"es_ES","og_type":"article","og_title":"SOLUCIONES PERSONALIZADAS - Siroco","og_description":"Los conocimientos t\u00e9cnicos y la capacidad de SIROCO ENGINEERING para imaginar y dise\u00f1ar sistemas de calefacci\u00f3n y climatizaci\u00f3n \u00f3ptimos, completos y a medida para gestionar el confort t\u00e9rmico en la cabina.","og_url":"https:\/\/www.siroco-hvac.com\/es\/soluciones-a-medida\/","og_site_name":"Siroco","article_modified_time":"2025-07-07T12:30:51+00:00","og_image":[{"width":1140,"height":400,"url":"https:\/\/www.siroco-hvac.com\/app\/uploads\/2021\/04\/img-8949.jpg","type":"image\/jpeg"}],"twitter_card":"summary_large_image","twitter_misc":{"Est. reading time":"1 minute"},"schema":{"@context":"https:\/\/schema.org","@graph":[{"@type":"WebPage","@id":"https:\/\/www.siroco-hvac.com\/es\/soluciones-a-medida\/","url":"https:\/\/www.siroco-hvac.com\/es\/soluciones-a-medida\/","name":"SOLUCIONES PERSONALIZADAS - Siroco","isPartOf":{"@id":"https:\/\/www.siroco-hvac.com\/es\/#website"},"primaryImageOfPage":{"@id":"https:\/\/www.siroco-hvac.com\/es\/soluciones-a-medida\/#primaryimage"},"image":{"@id":"https:\/\/www.siroco-hvac.com\/es\/soluciones-a-medida\/#primaryimage"},"thumbnailUrl":"https:\/\/www.siroco-hvac.com\/app\/uploads\/2021\/04\/img-8949.jpg","datePublished":"2021-02-02T09:39:47+00:00","dateModified":"2025-07-07T12:30:51+00:00","description":"Los conocimientos t\u00e9cnicos y la capacidad de SIROCO ENGINEERING para imaginar y dise\u00f1ar sistemas de calefacci\u00f3n y climatizaci\u00f3n \u00f3ptimos, completos y a medida para gestionar el confort t\u00e9rmico en la cabina.","breadcrumb":{"@id":"https:\/\/www.siroco-hvac.com\/es\/soluciones-a-medida\/#breadcrumb"},"inLanguage":"es-ES","potentialAction":[{"@type":"ReadAction","target":["https:\/\/www.siroco-hvac.com\/es\/soluciones-a-medida\/"]}]},{"@type":"ImageObject","inLanguage":"es-ES","@id":"https:\/\/www.siroco-hvac.com\/es\/soluciones-a-medida\/#primaryimage","url":"https:\/\/www.siroco-hvac.com\/app\/uploads\/2021\/04\/img-8949.jpg","contentUrl":"https:\/\/www.siroco-hvac.com\/app\/uploads\/2021\/04\/img-8949.jpg","width":1140,"height":400},{"@type":"BreadcrumbList","@id":"https:\/\/www.siroco-hvac.com\/es\/soluciones-a-medida\/#breadcrumb","itemListElement":[{"@type":"ListItem","position":1,"name":"Home","item":"https:\/\/www.siroco-hvac.com\/es\/"},{"@type":"ListItem","position":2,"name":"SOLUCIONES PERSONALIZADAS"}]},{"@type":"WebSite","@id":"https:\/\/www.siroco-hvac.com\/es\/#website","url":"https:\/\/www.siroco-hvac.com\/es\/","name":"Siroco","description":"Energize the air","potentialAction":[{"@type":"SearchAction","target":{"@type":"EntryPoint","urlTemplate":"https:\/\/www.siroco-hvac.com\/es\/?s={search_term_string}"},"query-input":{"@type":"PropertyValueSpecification","valueRequired":true,"valueName":"search_term_string"}}],"inLanguage":"es-ES"}]}},"_links":{"self":[{"href":"https:\/\/www.siroco-hvac.com\/es\/wp-json\/wp\/v2\/pages\/8076","targetHints":{"allow":["GET"]}}],"collection":[{"href":"https:\/\/www.siroco-hvac.com\/es\/wp-json\/wp\/v2\/pages"}],"about":[{"href":"https:\/\/www.siroco-hvac.com\/es\/wp-json\/wp\/v2\/types\/page"}],"author":[{"embeddable":true,"href":"https:\/\/www.siroco-hvac.com\/es\/wp-json\/wp\/v2\/users\/1"}],"replies":[{"embeddable":true,"href":"https:\/\/www.siroco-hvac.com\/es\/wp-json\/wp\/v2\/comments?post=8076"}],"version-history":[{"count":5,"href":"https:\/\/www.siroco-hvac.com\/es\/wp-json\/wp\/v2\/pages\/8076\/revisions"}],"predecessor-version":[{"id":21762,"href":"https:\/\/www.siroco-hvac.com\/es\/wp-json\/wp\/v2\/pages\/8076\/revisions\/21762"}],"wp:featuredmedia":[{"embeddable":true,"href":"https:\/\/www.siroco-hvac.com\/es\/wp-json\/wp\/v2\/media\/4271"}],"wp:attachment":[{"href":"https:\/\/www.siroco-hvac.com\/es\/wp-json\/wp\/v2\/media?parent=8076"}],"wp:term":[{"taxonomy":"product_category","embeddable":true,"href":"https:\/\/www.siroco-hvac.com\/es\/wp-json\/wp\/v2\/product_category?post=8076"}],"curies":[{"name":"wp","href":"https:\/\/api.w.org\/{rel}","templated":true}]}}