{"id":8053,"date":"2021-02-02T10:41:02","date_gmt":"2021-02-02T09:41:02","guid":{"rendered":"https:\/\/siroco.pamplemousse.site\/groupe\/"},"modified":"2022-04-27T12:30:08","modified_gmt":"2022-04-27T10:30:08","slug":"grupo","status":"publish","type":"page","link":"https:\/\/www.siroco-hvac.com\/es\/grupo\/","title":{"rendered":"Clayens"},"content":{"rendered":"","protected":false},"excerpt":{"rendered":"","protected":false},"author":1,"featured_media":4388,"parent":0,"menu_order":14,"comment_status":"closed","ping_status":"closed","template":"","meta":{"_acf_changed":false,"inline_featured_image":false,"footnotes":""},"product_category":[],"class_list":["post-8053","page","type-page","status-publish","has-post-thumbnail","hentry"],"acf":[],"yoast_head":"<!-- This site is optimized with the Yoast SEO plugin v27.4 - https:\/\/yoast.com\/product\/yoast-seo-wordpress\/ -->\n<title>Clayens - Siroco<\/title>\n<meta name=\"description\" content=\"Siroco forma parte del grupo Clayens, l\u00edder europeo en transformaci\u00f3n de pl\u00e1sticos, corte de precisi\u00f3n, electr\u00f3nica y mazos de cables.\" \/>\n<meta name=\"robots\" content=\"index, follow, max-snippet:-1, max-image-preview:large, max-video-preview:-1\" \/>\n<link rel=\"canonical\" href=\"https:\/\/www.siroco-hvac.com\/es\/grupo\/\" \/>\n<meta property=\"og:locale\" content=\"es_ES\" \/>\n<meta property=\"og:type\" content=\"article\" \/>\n<meta property=\"og:title\" content=\"Clayens - Siroco\" \/>\n<meta property=\"og:description\" content=\"Siroco forma parte del grupo Clayens, l\u00edder europeo en transformaci\u00f3n de pl\u00e1sticos, corte de precisi\u00f3n, electr\u00f3nica y mazos de cables.\" \/>\n<meta property=\"og:url\" content=\"https:\/\/www.siroco-hvac.com\/es\/grupo\/\" \/>\n<meta property=\"og:site_name\" content=\"Siroco\" \/>\n<meta property=\"article:modified_time\" content=\"2022-04-27T10:30:08+00:00\" \/>\n<meta property=\"og:image\" content=\"https:\/\/www.siroco-hvac.com\/app\/uploads\/2021\/04\/clayens-illustration.jpg\" \/>\n\t<meta property=\"og:image:width\" content=\"1878\" \/>\n\t<meta property=\"og:image:height\" content=\"625\" \/>\n\t<meta property=\"og:image:type\" content=\"image\/jpeg\" \/>\n<meta name=\"twitter:card\" content=\"summary_large_image\" \/>\n<script type=\"application\/ld+json\" class=\"yoast-schema-graph\">{\"@context\":\"https:\\\/\\\/schema.org\",\"@graph\":[{\"@type\":\"WebPage\",\"@id\":\"https:\\\/\\\/www.siroco-hvac.com\\\/es\\\/grupo\\\/\",\"url\":\"https:\\\/\\\/www.siroco-hvac.com\\\/es\\\/grupo\\\/\",\"name\":\"Clayens - Siroco\",\"isPartOf\":{\"@id\":\"https:\\\/\\\/www.siroco-hvac.com\\\/es\\\/#website\"},\"primaryImageOfPage\":{\"@id\":\"https:\\\/\\\/www.siroco-hvac.com\\\/es\\\/grupo\\\/#primaryimage\"},\"image\":{\"@id\":\"https:\\\/\\\/www.siroco-hvac.com\\\/es\\\/grupo\\\/#primaryimage\"},\"thumbnailUrl\":\"https:\\\/\\\/www.siroco-hvac.com\\\/app\\\/uploads\\\/2021\\\/04\\\/clayens-illustration.jpg\",\"datePublished\":\"2021-02-02T09:41:02+00:00\",\"dateModified\":\"2022-04-27T10:30:08+00:00\",\"description\":\"Siroco forma parte del grupo Clayens, l\u00edder europeo en transformaci\u00f3n de pl\u00e1sticos, corte de precisi\u00f3n, electr\u00f3nica y mazos de cables.\",\"breadcrumb\":{\"@id\":\"https:\\\/\\\/www.siroco-hvac.com\\\/es\\\/grupo\\\/#breadcrumb\"},\"inLanguage\":\"es-ES\",\"potentialAction\":[{\"@type\":\"ReadAction\",\"target\":[\"https:\\\/\\\/www.siroco-hvac.com\\\/es\\\/grupo\\\/\"]}]},{\"@type\":\"ImageObject\",\"inLanguage\":\"es-ES\",\"@id\":\"https:\\\/\\\/www.siroco-hvac.com\\\/es\\\/grupo\\\/#primaryimage\",\"url\":\"https:\\\/\\\/www.siroco-hvac.com\\\/app\\\/uploads\\\/2021\\\/04\\\/clayens-illustration.jpg\",\"contentUrl\":\"https:\\\/\\\/www.siroco-hvac.com\\\/app\\\/uploads\\\/2021\\\/04\\\/clayens-illustration.jpg\",\"width\":1878,\"height\":625},{\"@type\":\"BreadcrumbList\",\"@id\":\"https:\\\/\\\/www.siroco-hvac.com\\\/es\\\/grupo\\\/#breadcrumb\",\"itemListElement\":[{\"@type\":\"ListItem\",\"position\":1,\"name\":\"Home\",\"item\":\"https:\\\/\\\/www.siroco-hvac.com\\\/es\\\/\"},{\"@type\":\"ListItem\",\"position\":2,\"name\":\"Clayens\"}]},{\"@type\":\"WebSite\",\"@id\":\"https:\\\/\\\/www.siroco-hvac.com\\\/es\\\/#website\",\"url\":\"https:\\\/\\\/www.siroco-hvac.com\\\/es\\\/\",\"name\":\"Siroco\",\"description\":\"Energize the air\",\"potentialAction\":[{\"@type\":\"SearchAction\",\"target\":{\"@type\":\"EntryPoint\",\"urlTemplate\":\"https:\\\/\\\/www.siroco-hvac.com\\\/es\\\/?s={search_term_string}\"},\"query-input\":{\"@type\":\"PropertyValueSpecification\",\"valueRequired\":true,\"valueName\":\"search_term_string\"}}],\"inLanguage\":\"es-ES\"}]}<\/script>\n<!-- \/ Yoast SEO plugin. -->","yoast_head_json":{"title":"Clayens - Siroco","description":"Siroco forma parte del grupo Clayens, l\u00edder europeo en transformaci\u00f3n de pl\u00e1sticos, corte de precisi\u00f3n, electr\u00f3nica y mazos de cables.","robots":{"index":"index","follow":"follow","max-snippet":"max-snippet:-1","max-image-preview":"max-image-preview:large","max-video-preview":"max-video-preview:-1"},"canonical":"https:\/\/www.siroco-hvac.com\/es\/grupo\/","og_locale":"es_ES","og_type":"article","og_title":"Clayens - Siroco","og_description":"Siroco forma parte del grupo Clayens, l\u00edder europeo en transformaci\u00f3n de pl\u00e1sticos, corte de precisi\u00f3n, electr\u00f3nica y mazos de cables.","og_url":"https:\/\/www.siroco-hvac.com\/es\/grupo\/","og_site_name":"Siroco","article_modified_time":"2022-04-27T10:30:08+00:00","og_image":[{"width":1878,"height":625,"url":"https:\/\/www.siroco-hvac.com\/app\/uploads\/2021\/04\/clayens-illustration.jpg","type":"image\/jpeg"}],"twitter_card":"summary_large_image","schema":{"@context":"https:\/\/schema.org","@graph":[{"@type":"WebPage","@id":"https:\/\/www.siroco-hvac.com\/es\/grupo\/","url":"https:\/\/www.siroco-hvac.com\/es\/grupo\/","name":"Clayens - Siroco","isPartOf":{"@id":"https:\/\/www.siroco-hvac.com\/es\/#website"},"primaryImageOfPage":{"@id":"https:\/\/www.siroco-hvac.com\/es\/grupo\/#primaryimage"},"image":{"@id":"https:\/\/www.siroco-hvac.com\/es\/grupo\/#primaryimage"},"thumbnailUrl":"https:\/\/www.siroco-hvac.com\/app\/uploads\/2021\/04\/clayens-illustration.jpg","datePublished":"2021-02-02T09:41:02+00:00","dateModified":"2022-04-27T10:30:08+00:00","description":"Siroco forma parte del grupo Clayens, l\u00edder europeo en transformaci\u00f3n de pl\u00e1sticos, corte de precisi\u00f3n, electr\u00f3nica y mazos de cables.","breadcrumb":{"@id":"https:\/\/www.siroco-hvac.com\/es\/grupo\/#breadcrumb"},"inLanguage":"es-ES","potentialAction":[{"@type":"ReadAction","target":["https:\/\/www.siroco-hvac.com\/es\/grupo\/"]}]},{"@type":"ImageObject","inLanguage":"es-ES","@id":"https:\/\/www.siroco-hvac.com\/es\/grupo\/#primaryimage","url":"https:\/\/www.siroco-hvac.com\/app\/uploads\/2021\/04\/clayens-illustration.jpg","contentUrl":"https:\/\/www.siroco-hvac.com\/app\/uploads\/2021\/04\/clayens-illustration.jpg","width":1878,"height":625},{"@type":"BreadcrumbList","@id":"https:\/\/www.siroco-hvac.com\/es\/grupo\/#breadcrumb","itemListElement":[{"@type":"ListItem","position":1,"name":"Home","item":"https:\/\/www.siroco-hvac.com\/es\/"},{"@type":"ListItem","position":2,"name":"Clayens"}]},{"@type":"WebSite","@id":"https:\/\/www.siroco-hvac.com\/es\/#website","url":"https:\/\/www.siroco-hvac.com\/es\/","name":"Siroco","description":"Energize the air","potentialAction":[{"@type":"SearchAction","target":{"@type":"EntryPoint","urlTemplate":"https:\/\/www.siroco-hvac.com\/es\/?s={search_term_string}"},"query-input":{"@type":"PropertyValueSpecification","valueRequired":true,"valueName":"search_term_string"}}],"inLanguage":"es-ES"}]}},"_links":{"self":[{"href":"https:\/\/www.siroco-hvac.com\/es\/wp-json\/wp\/v2\/pages\/8053","targetHints":{"allow":["GET"]}}],"collection":[{"href":"https:\/\/www.siroco-hvac.com\/es\/wp-json\/wp\/v2\/pages"}],"about":[{"href":"https:\/\/www.siroco-hvac.com\/es\/wp-json\/wp\/v2\/types\/page"}],"author":[{"embeddable":true,"href":"https:\/\/www.siroco-hvac.com\/es\/wp-json\/wp\/v2\/users\/1"}],"replies":[{"embeddable":true,"href":"https:\/\/www.siroco-hvac.com\/es\/wp-json\/wp\/v2\/comments?post=8053"}],"version-history":[{"count":2,"href":"https:\/\/www.siroco-hvac.com\/es\/wp-json\/wp\/v2\/pages\/8053\/revisions"}],"predecessor-version":[{"id":16801,"href":"https:\/\/www.siroco-hvac.com\/es\/wp-json\/wp\/v2\/pages\/8053\/revisions\/16801"}],"wp:featuredmedia":[{"embeddable":true,"href":"https:\/\/www.siroco-hvac.com\/es\/wp-json\/wp\/v2\/media\/4388"}],"wp:attachment":[{"href":"https:\/\/www.siroco-hvac.com\/es\/wp-json\/wp\/v2\/media?parent=8053"}],"wp:term":[{"taxonomy":"product_category","embeddable":true,"href":"https:\/\/www.siroco-hvac.com\/es\/wp-json\/wp\/v2\/product_category?post=8053"}],"curies":[{"name":"wp","href":"https:\/\/api.w.org\/{rel}","templated":true}]}}