{"id":8015,"date":"2021-02-16T12:28:00","date_gmt":"2021-02-16T11:28:37","guid":{"rendered":"https:\/\/siroco.pamplemousse.site\/accessoires\/"},"modified":"2026-04-28T16:16:34","modified_gmt":"2026-04-28T14:16:34","slug":"accesorios","status":"publish","type":"page","link":"https:\/\/www.siroco-hvac.com\/es\/accesorios\/","title":{"rendered":"Accesorios"},"content":{"rendered":"<p><strong>Descubra todos nuestros accesorios de control y circuito de agua indispensables para la instalaci\u00f3n de sistemas de aire acondicionado, calefacci\u00f3n y ventilaci\u00f3n: electrov\u00e1lvulas, mangueras y bombas de agua, paneles de control, botones, interruptores, potenci\u00f3metros, v\u00e1lvulas, racores y forros de protecci\u00f3n. Todos nuestros accesorios est\u00e1n probados y aprobados por SIROCO ENGINEERING France. Para cualquier solicitud espec\u00edfica, p\u00f3ngase en <a href=\"https:\/\/www.siroco-hvac.com\/es\/contacte-con-nosotros\/\">contacto con nosotros<\/a>.<\/strong><\/p>\n","protected":false},"excerpt":{"rendered":"<p>Descubra todos nuestros accesorios de control y circuito de agua indispensables para la instalaci\u00f3n de sistemas de aire acondicionado, calefacci\u00f3n&#8230;<\/p>\n","protected":false},"author":1,"featured_media":21639,"parent":0,"menu_order":9,"comment_status":"closed","ping_status":"closed","template":"views\/category.blade.php","meta":{"_acf_changed":false,"inline_featured_image":false,"footnotes":""},"product_category":[79],"class_list":["post-8015","page","type-page","status-publish","has-post-thumbnail","hentry","product_category-categorie-es"],"acf":[],"yoast_head":"<!-- This site is optimized with the Yoast SEO plugin v27.5 - https:\/\/yoast.com\/product\/yoast-seo-wordpress\/ -->\n<title>Accesorios - Siroco<\/title>\n<meta name=\"description\" content=\"Scopri i nostri accessori per il controllo e il circuito dell&#039;acqua che sono essenziali per l&#039;impostazione dei vari sistemi.\" \/>\n<meta name=\"robots\" content=\"index, follow, max-snippet:-1, max-image-preview:large, max-video-preview:-1\" \/>\n<link rel=\"canonical\" href=\"https:\/\/www.siroco-hvac.com\/es\/accesorios\/\" \/>\n<meta property=\"og:locale\" content=\"es_ES\" \/>\n<meta property=\"og:type\" content=\"article\" \/>\n<meta property=\"og:title\" content=\"Accesorios - Siroco\" \/>\n<meta property=\"og:description\" content=\"Scopri i nostri accessori per il controllo e il circuito dell&#039;acqua che sono essenziali per l&#039;impostazione dei vari sistemi.\" \/>\n<meta property=\"og:url\" content=\"https:\/\/www.siroco-hvac.com\/es\/accesorios\/\" \/>\n<meta property=\"og:site_name\" content=\"Siroco\" \/>\n<meta property=\"article:modified_time\" content=\"2026-04-28T14:16:34+00:00\" \/>\n<meta property=\"og:image\" content=\"https:\/\/www.siroco-hvac.com\/app\/uploads\/2025\/06\/control-panel-electronic-hvac-3d-allege.png\" \/>\n\t<meta property=\"og:image:width\" content=\"500\" \/>\n\t<meta property=\"og:image:height\" content=\"294\" \/>\n\t<meta property=\"og:image:type\" content=\"image\/png\" \/>\n<meta name=\"twitter:card\" content=\"summary_large_image\" \/>\n<meta name=\"twitter:label1\" content=\"Est. reading time\" \/>\n\t<meta name=\"twitter:data1\" content=\"1 minute\" \/>\n<script type=\"application\/ld+json\" class=\"yoast-schema-graph\">{\"@context\":\"https:\\\/\\\/schema.org\",\"@graph\":[{\"@type\":\"WebPage\",\"@id\":\"https:\\\/\\\/www.siroco-hvac.com\\\/es\\\/accesorios\\\/\",\"url\":\"https:\\\/\\\/www.siroco-hvac.com\\\/es\\\/accesorios\\\/\",\"name\":\"Accesorios - Siroco\",\"isPartOf\":{\"@id\":\"https:\\\/\\\/www.siroco-hvac.com\\\/es\\\/#website\"},\"primaryImageOfPage\":{\"@id\":\"https:\\\/\\\/www.siroco-hvac.com\\\/es\\\/accesorios\\\/#primaryimage\"},\"image\":{\"@id\":\"https:\\\/\\\/www.siroco-hvac.com\\\/es\\\/accesorios\\\/#primaryimage\"},\"thumbnailUrl\":\"https:\\\/\\\/www.siroco-hvac.com\\\/app\\\/uploads\\\/2025\\\/06\\\/control-panel-electronic-hvac-3d-allege.png\",\"datePublished\":\"2021-02-16T11:28:37+00:00\",\"dateModified\":\"2026-04-28T14:16:34+00:00\",\"description\":\"Scopri i nostri accessori per il controllo e il circuito dell'acqua che sono essenziali per l'impostazione dei vari sistemi.\",\"breadcrumb\":{\"@id\":\"https:\\\/\\\/www.siroco-hvac.com\\\/es\\\/accesorios\\\/#breadcrumb\"},\"inLanguage\":\"es-ES\",\"potentialAction\":[{\"@type\":\"ReadAction\",\"target\":[\"https:\\\/\\\/www.siroco-hvac.com\\\/es\\\/accesorios\\\/\"]}]},{\"@type\":\"ImageObject\",\"inLanguage\":\"es-ES\",\"@id\":\"https:\\\/\\\/www.siroco-hvac.com\\\/es\\\/accesorios\\\/#primaryimage\",\"url\":\"https:\\\/\\\/www.siroco-hvac.com\\\/app\\\/uploads\\\/2025\\\/06\\\/control-panel-electronic-hvac-3d-allege.png\",\"contentUrl\":\"https:\\\/\\\/www.siroco-hvac.com\\\/app\\\/uploads\\\/2025\\\/06\\\/control-panel-electronic-hvac-3d-allege.png\",\"width\":500,\"height\":294},{\"@type\":\"BreadcrumbList\",\"@id\":\"https:\\\/\\\/www.siroco-hvac.com\\\/es\\\/accesorios\\\/#breadcrumb\",\"itemListElement\":[{\"@type\":\"ListItem\",\"position\":1,\"name\":\"Home\",\"item\":\"https:\\\/\\\/www.siroco-hvac.com\\\/es\\\/\"},{\"@type\":\"ListItem\",\"position\":2,\"name\":\"Accesorios\"}]},{\"@type\":\"WebSite\",\"@id\":\"https:\\\/\\\/www.siroco-hvac.com\\\/es\\\/#website\",\"url\":\"https:\\\/\\\/www.siroco-hvac.com\\\/es\\\/\",\"name\":\"Siroco\",\"description\":\"Energize the air\",\"potentialAction\":[{\"@type\":\"SearchAction\",\"target\":{\"@type\":\"EntryPoint\",\"urlTemplate\":\"https:\\\/\\\/www.siroco-hvac.com\\\/es\\\/?s={search_term_string}\"},\"query-input\":{\"@type\":\"PropertyValueSpecification\",\"valueRequired\":true,\"valueName\":\"search_term_string\"}}],\"inLanguage\":\"es-ES\"}]}<\/script>\n<!-- \/ Yoast SEO plugin. -->","yoast_head_json":{"title":"Accesorios - Siroco","description":"Scopri i nostri accessori per il controllo e il circuito dell'acqua che sono essenziali per l'impostazione dei vari sistemi.","robots":{"index":"index","follow":"follow","max-snippet":"max-snippet:-1","max-image-preview":"max-image-preview:large","max-video-preview":"max-video-preview:-1"},"canonical":"https:\/\/www.siroco-hvac.com\/es\/accesorios\/","og_locale":"es_ES","og_type":"article","og_title":"Accesorios - Siroco","og_description":"Scopri i nostri accessori per il controllo e il circuito dell'acqua che sono essenziali per l'impostazione dei vari sistemi.","og_url":"https:\/\/www.siroco-hvac.com\/es\/accesorios\/","og_site_name":"Siroco","article_modified_time":"2026-04-28T14:16:34+00:00","og_image":[{"width":500,"height":294,"url":"https:\/\/www.siroco-hvac.com\/app\/uploads\/2025\/06\/control-panel-electronic-hvac-3d-allege.png","type":"image\/png"}],"twitter_card":"summary_large_image","twitter_misc":{"Est. reading time":"1 minute"},"schema":{"@context":"https:\/\/schema.org","@graph":[{"@type":"WebPage","@id":"https:\/\/www.siroco-hvac.com\/es\/accesorios\/","url":"https:\/\/www.siroco-hvac.com\/es\/accesorios\/","name":"Accesorios - Siroco","isPartOf":{"@id":"https:\/\/www.siroco-hvac.com\/es\/#website"},"primaryImageOfPage":{"@id":"https:\/\/www.siroco-hvac.com\/es\/accesorios\/#primaryimage"},"image":{"@id":"https:\/\/www.siroco-hvac.com\/es\/accesorios\/#primaryimage"},"thumbnailUrl":"https:\/\/www.siroco-hvac.com\/app\/uploads\/2025\/06\/control-panel-electronic-hvac-3d-allege.png","datePublished":"2021-02-16T11:28:37+00:00","dateModified":"2026-04-28T14:16:34+00:00","description":"Scopri i nostri accessori per il controllo e il circuito dell'acqua che sono essenziali per l'impostazione dei vari sistemi.","breadcrumb":{"@id":"https:\/\/www.siroco-hvac.com\/es\/accesorios\/#breadcrumb"},"inLanguage":"es-ES","potentialAction":[{"@type":"ReadAction","target":["https:\/\/www.siroco-hvac.com\/es\/accesorios\/"]}]},{"@type":"ImageObject","inLanguage":"es-ES","@id":"https:\/\/www.siroco-hvac.com\/es\/accesorios\/#primaryimage","url":"https:\/\/www.siroco-hvac.com\/app\/uploads\/2025\/06\/control-panel-electronic-hvac-3d-allege.png","contentUrl":"https:\/\/www.siroco-hvac.com\/app\/uploads\/2025\/06\/control-panel-electronic-hvac-3d-allege.png","width":500,"height":294},{"@type":"BreadcrumbList","@id":"https:\/\/www.siroco-hvac.com\/es\/accesorios\/#breadcrumb","itemListElement":[{"@type":"ListItem","position":1,"name":"Home","item":"https:\/\/www.siroco-hvac.com\/es\/"},{"@type":"ListItem","position":2,"name":"Accesorios"}]},{"@type":"WebSite","@id":"https:\/\/www.siroco-hvac.com\/es\/#website","url":"https:\/\/www.siroco-hvac.com\/es\/","name":"Siroco","description":"Energize the air","potentialAction":[{"@type":"SearchAction","target":{"@type":"EntryPoint","urlTemplate":"https:\/\/www.siroco-hvac.com\/es\/?s={search_term_string}"},"query-input":{"@type":"PropertyValueSpecification","valueRequired":true,"valueName":"search_term_string"}}],"inLanguage":"es-ES"}]}},"_links":{"self":[{"href":"https:\/\/www.siroco-hvac.com\/es\/wp-json\/wp\/v2\/pages\/8015","targetHints":{"allow":["GET"]}}],"collection":[{"href":"https:\/\/www.siroco-hvac.com\/es\/wp-json\/wp\/v2\/pages"}],"about":[{"href":"https:\/\/www.siroco-hvac.com\/es\/wp-json\/wp\/v2\/types\/page"}],"author":[{"embeddable":true,"href":"https:\/\/www.siroco-hvac.com\/es\/wp-json\/wp\/v2\/users\/1"}],"replies":[{"embeddable":true,"href":"https:\/\/www.siroco-hvac.com\/es\/wp-json\/wp\/v2\/comments?post=8015"}],"version-history":[{"count":5,"href":"https:\/\/www.siroco-hvac.com\/es\/wp-json\/wp\/v2\/pages\/8015\/revisions"}],"predecessor-version":[{"id":17299,"href":"https:\/\/www.siroco-hvac.com\/es\/wp-json\/wp\/v2\/pages\/8015\/revisions\/17299"}],"wp:featuredmedia":[{"embeddable":true,"href":"https:\/\/www.siroco-hvac.com\/es\/wp-json\/wp\/v2\/media\/21639"}],"wp:attachment":[{"href":"https:\/\/www.siroco-hvac.com\/es\/wp-json\/wp\/v2\/media?parent=8015"}],"wp:term":[{"taxonomy":"product_category","embeddable":true,"href":"https:\/\/www.siroco-hvac.com\/es\/wp-json\/wp\/v2\/product_category?post=8015"}],"curies":[{"name":"wp","href":"https:\/\/api.w.org\/{rel}","templated":true}]}}