{"id":7958,"date":"2021-02-16T12:29:00","date_gmt":"2021-02-16T11:29:50","guid":{"rendered":"https:\/\/siroco.pamplemousse.site\/accessoires-raccords-2\/"},"modified":"2021-07-26T10:14:27","modified_gmt":"2021-07-26T08:14:27","slug":"accesorios-aire-acondicionado","status":"publish","type":"page","link":"https:\/\/www.siroco-hvac.com\/es\/aire-acondicionado\/accesorios-aire-acondicionado\/","title":{"rendered":"Accesorios de climatizadores"},"content":{"rendered":"<p><strong>Complemente sus sistemas de climatizaci\u00f3n con nuestros accesorios de climatizadores adaptados a sus necesidades: presostatos, filtros deshidratadores, v\u00e1lvulas de expansi\u00f3n, bridas, termostatos, v\u00e1lvulas, mangueras, kits adaptadores para evaporadores adicionales. Para cualquier solicitud espec\u00edfica, p\u00f3ngase en<a href=\"https:\/\/www.siroco-hvac.com\/es\/contacte-con-nosotros\/\"> contacto con nosotros<\/a>.<\/strong><\/p>\n","protected":false},"excerpt":{"rendered":"<p>Complemente sus sistemas de climatizaci\u00f3n con nuestros accesorios de climatizadores adaptados a sus necesidades: presostatos, filtros deshidratadores, v\u00e1lvulas de expansi\u00f3n,&#8230;<\/p>\n","protected":false},"author":1,"featured_media":4318,"parent":7983,"menu_order":3,"comment_status":"closed","ping_status":"closed","template":"views\/sub-category.blade.php","meta":{"_acf_changed":false,"inline_featured_image":false,"footnotes":""},"product_category":[75],"class_list":["post-7958","page","type-page","status-publish","has-post-thumbnail","hentry","product_category-sous-categorie-es"],"acf":[],"yoast_head":"<!-- This site is optimized with the Yoast SEO plugin v27.5 - https:\/\/yoast.com\/product\/yoast-seo-wordpress\/ -->\n<title>Accesorios de climatizadores - Siroco<\/title>\n<meta name=\"robots\" content=\"index, follow, max-snippet:-1, max-image-preview:large, max-video-preview:-1\" \/>\n<link rel=\"canonical\" href=\"https:\/\/www.siroco-hvac.com\/es\/aire-acondicionado\/accesorios-aire-acondicionado\/\" \/>\n<meta property=\"og:locale\" content=\"es_ES\" \/>\n<meta property=\"og:type\" content=\"article\" \/>\n<meta property=\"og:title\" content=\"Accesorios de climatizadores - Siroco\" \/>\n<meta property=\"og:description\" content=\"Complemente sus sistemas de climatizaci\u00f3n con nuestros accesorios de climatizadores adaptados a sus necesidades: presostatos, filtros deshidratadores, v\u00e1lvulas de expansi\u00f3n,...\" \/>\n<meta property=\"og:url\" content=\"https:\/\/www.siroco-hvac.com\/es\/aire-acondicionado\/accesorios-aire-acondicionado\/\" \/>\n<meta property=\"og:site_name\" content=\"Siroco\" \/>\n<meta property=\"article:modified_time\" content=\"2021-07-26T08:14:27+00:00\" \/>\n<meta property=\"og:image\" content=\"https:\/\/www.siroco-hvac.com\/app\/uploads\/2021\/04\/siroco-cold-2.jpg\" \/>\n\t<meta property=\"og:image:width\" content=\"1895\" \/>\n\t<meta property=\"og:image:height\" content=\"805\" \/>\n\t<meta property=\"og:image:type\" content=\"image\/jpeg\" \/>\n<meta name=\"twitter:card\" content=\"summary_large_image\" \/>\n<meta name=\"twitter:label1\" content=\"Est. reading time\" \/>\n\t<meta name=\"twitter:data1\" content=\"1 minute\" \/>\n<script type=\"application\/ld+json\" class=\"yoast-schema-graph\">{\"@context\":\"https:\\\/\\\/schema.org\",\"@graph\":[{\"@type\":\"WebPage\",\"@id\":\"https:\\\/\\\/www.siroco-hvac.com\\\/es\\\/aire-acondicionado\\\/accesorios-aire-acondicionado\\\/\",\"url\":\"https:\\\/\\\/www.siroco-hvac.com\\\/es\\\/aire-acondicionado\\\/accesorios-aire-acondicionado\\\/\",\"name\":\"Accesorios de climatizadores - Siroco\",\"isPartOf\":{\"@id\":\"https:\\\/\\\/www.siroco-hvac.com\\\/es\\\/#website\"},\"primaryImageOfPage\":{\"@id\":\"https:\\\/\\\/www.siroco-hvac.com\\\/es\\\/aire-acondicionado\\\/accesorios-aire-acondicionado\\\/#primaryimage\"},\"image\":{\"@id\":\"https:\\\/\\\/www.siroco-hvac.com\\\/es\\\/aire-acondicionado\\\/accesorios-aire-acondicionado\\\/#primaryimage\"},\"thumbnailUrl\":\"https:\\\/\\\/www.siroco-hvac.com\\\/app\\\/uploads\\\/2021\\\/04\\\/siroco-cold-2.jpg\",\"datePublished\":\"2021-02-16T11:29:50+00:00\",\"dateModified\":\"2021-07-26T08:14:27+00:00\",\"breadcrumb\":{\"@id\":\"https:\\\/\\\/www.siroco-hvac.com\\\/es\\\/aire-acondicionado\\\/accesorios-aire-acondicionado\\\/#breadcrumb\"},\"inLanguage\":\"es-ES\",\"potentialAction\":[{\"@type\":\"ReadAction\",\"target\":[\"https:\\\/\\\/www.siroco-hvac.com\\\/es\\\/aire-acondicionado\\\/accesorios-aire-acondicionado\\\/\"]}]},{\"@type\":\"ImageObject\",\"inLanguage\":\"es-ES\",\"@id\":\"https:\\\/\\\/www.siroco-hvac.com\\\/es\\\/aire-acondicionado\\\/accesorios-aire-acondicionado\\\/#primaryimage\",\"url\":\"https:\\\/\\\/www.siroco-hvac.com\\\/app\\\/uploads\\\/2021\\\/04\\\/siroco-cold-2.jpg\",\"contentUrl\":\"https:\\\/\\\/www.siroco-hvac.com\\\/app\\\/uploads\\\/2021\\\/04\\\/siroco-cold-2.jpg\",\"width\":1895,\"height\":805},{\"@type\":\"BreadcrumbList\",\"@id\":\"https:\\\/\\\/www.siroco-hvac.com\\\/es\\\/aire-acondicionado\\\/accesorios-aire-acondicionado\\\/#breadcrumb\",\"itemListElement\":[{\"@type\":\"ListItem\",\"position\":1,\"name\":\"Home\",\"item\":\"https:\\\/\\\/www.siroco-hvac.com\\\/es\\\/\"},{\"@type\":\"ListItem\",\"position\":2,\"name\":\"CLIMATIZACION\",\"item\":\"https:\\\/\\\/www.siroco-hvac.com\\\/es\\\/aire-acondicionado\\\/\"},{\"@type\":\"ListItem\",\"position\":3,\"name\":\"Accesorios de climatizadores\"}]},{\"@type\":\"WebSite\",\"@id\":\"https:\\\/\\\/www.siroco-hvac.com\\\/es\\\/#website\",\"url\":\"https:\\\/\\\/www.siroco-hvac.com\\\/es\\\/\",\"name\":\"Siroco\",\"description\":\"Energize the air\",\"potentialAction\":[{\"@type\":\"SearchAction\",\"target\":{\"@type\":\"EntryPoint\",\"urlTemplate\":\"https:\\\/\\\/www.siroco-hvac.com\\\/es\\\/?s={search_term_string}\"},\"query-input\":{\"@type\":\"PropertyValueSpecification\",\"valueRequired\":true,\"valueName\":\"search_term_string\"}}],\"inLanguage\":\"es-ES\"}]}<\/script>\n<!-- \/ Yoast SEO plugin. -->","yoast_head_json":{"title":"Accesorios de climatizadores - Siroco","robots":{"index":"index","follow":"follow","max-snippet":"max-snippet:-1","max-image-preview":"max-image-preview:large","max-video-preview":"max-video-preview:-1"},"canonical":"https:\/\/www.siroco-hvac.com\/es\/aire-acondicionado\/accesorios-aire-acondicionado\/","og_locale":"es_ES","og_type":"article","og_title":"Accesorios de climatizadores - Siroco","og_description":"Complemente sus sistemas de climatizaci\u00f3n con nuestros accesorios de climatizadores adaptados a sus necesidades: presostatos, filtros deshidratadores, v\u00e1lvulas de expansi\u00f3n,...","og_url":"https:\/\/www.siroco-hvac.com\/es\/aire-acondicionado\/accesorios-aire-acondicionado\/","og_site_name":"Siroco","article_modified_time":"2021-07-26T08:14:27+00:00","og_image":[{"width":1895,"height":805,"url":"https:\/\/www.siroco-hvac.com\/app\/uploads\/2021\/04\/siroco-cold-2.jpg","type":"image\/jpeg"}],"twitter_card":"summary_large_image","twitter_misc":{"Est. reading time":"1 minute"},"schema":{"@context":"https:\/\/schema.org","@graph":[{"@type":"WebPage","@id":"https:\/\/www.siroco-hvac.com\/es\/aire-acondicionado\/accesorios-aire-acondicionado\/","url":"https:\/\/www.siroco-hvac.com\/es\/aire-acondicionado\/accesorios-aire-acondicionado\/","name":"Accesorios de climatizadores - Siroco","isPartOf":{"@id":"https:\/\/www.siroco-hvac.com\/es\/#website"},"primaryImageOfPage":{"@id":"https:\/\/www.siroco-hvac.com\/es\/aire-acondicionado\/accesorios-aire-acondicionado\/#primaryimage"},"image":{"@id":"https:\/\/www.siroco-hvac.com\/es\/aire-acondicionado\/accesorios-aire-acondicionado\/#primaryimage"},"thumbnailUrl":"https:\/\/www.siroco-hvac.com\/app\/uploads\/2021\/04\/siroco-cold-2.jpg","datePublished":"2021-02-16T11:29:50+00:00","dateModified":"2021-07-26T08:14:27+00:00","breadcrumb":{"@id":"https:\/\/www.siroco-hvac.com\/es\/aire-acondicionado\/accesorios-aire-acondicionado\/#breadcrumb"},"inLanguage":"es-ES","potentialAction":[{"@type":"ReadAction","target":["https:\/\/www.siroco-hvac.com\/es\/aire-acondicionado\/accesorios-aire-acondicionado\/"]}]},{"@type":"ImageObject","inLanguage":"es-ES","@id":"https:\/\/www.siroco-hvac.com\/es\/aire-acondicionado\/accesorios-aire-acondicionado\/#primaryimage","url":"https:\/\/www.siroco-hvac.com\/app\/uploads\/2021\/04\/siroco-cold-2.jpg","contentUrl":"https:\/\/www.siroco-hvac.com\/app\/uploads\/2021\/04\/siroco-cold-2.jpg","width":1895,"height":805},{"@type":"BreadcrumbList","@id":"https:\/\/www.siroco-hvac.com\/es\/aire-acondicionado\/accesorios-aire-acondicionado\/#breadcrumb","itemListElement":[{"@type":"ListItem","position":1,"name":"Home","item":"https:\/\/www.siroco-hvac.com\/es\/"},{"@type":"ListItem","position":2,"name":"CLIMATIZACION","item":"https:\/\/www.siroco-hvac.com\/es\/aire-acondicionado\/"},{"@type":"ListItem","position":3,"name":"Accesorios de climatizadores"}]},{"@type":"WebSite","@id":"https:\/\/www.siroco-hvac.com\/es\/#website","url":"https:\/\/www.siroco-hvac.com\/es\/","name":"Siroco","description":"Energize the air","potentialAction":[{"@type":"SearchAction","target":{"@type":"EntryPoint","urlTemplate":"https:\/\/www.siroco-hvac.com\/es\/?s={search_term_string}"},"query-input":{"@type":"PropertyValueSpecification","valueRequired":true,"valueName":"search_term_string"}}],"inLanguage":"es-ES"}]}},"_links":{"self":[{"href":"https:\/\/www.siroco-hvac.com\/es\/wp-json\/wp\/v2\/pages\/7958","targetHints":{"allow":["GET"]}}],"collection":[{"href":"https:\/\/www.siroco-hvac.com\/es\/wp-json\/wp\/v2\/pages"}],"about":[{"href":"https:\/\/www.siroco-hvac.com\/es\/wp-json\/wp\/v2\/types\/page"}],"author":[{"embeddable":true,"href":"https:\/\/www.siroco-hvac.com\/es\/wp-json\/wp\/v2\/users\/1"}],"replies":[{"embeddable":true,"href":"https:\/\/www.siroco-hvac.com\/es\/wp-json\/wp\/v2\/comments?post=7958"}],"version-history":[{"count":3,"href":"https:\/\/www.siroco-hvac.com\/es\/wp-json\/wp\/v2\/pages\/7958\/revisions"}],"predecessor-version":[{"id":12980,"href":"https:\/\/www.siroco-hvac.com\/es\/wp-json\/wp\/v2\/pages\/7958\/revisions\/12980"}],"up":[{"embeddable":true,"href":"https:\/\/www.siroco-hvac.com\/es\/wp-json\/wp\/v2\/pages\/7983"}],"wp:featuredmedia":[{"embeddable":true,"href":"https:\/\/www.siroco-hvac.com\/es\/wp-json\/wp\/v2\/media\/4318"}],"wp:attachment":[{"href":"https:\/\/www.siroco-hvac.com\/es\/wp-json\/wp\/v2\/media?parent=7958"}],"wp:term":[{"taxonomy":"product_category","embeddable":true,"href":"https:\/\/www.siroco-hvac.com\/es\/wp-json\/wp\/v2\/product_category?post=7958"}],"curies":[{"name":"wp","href":"https:\/\/api.w.org\/{rel}","templated":true}]}}