{"id":7915,"date":"2021-02-16T12:32:00","date_gmt":"2021-02-16T11:32:59","guid":{"rendered":"https:\/\/siroco.pamplemousse.site\/rond\/"},"modified":"2021-07-26T10:42:33","modified_gmt":"2021-07-26T08:42:33","slug":"difusores-redondos","status":"publish","type":"page","link":"https:\/\/www.siroco-hvac.com\/es\/difusores-aire-sensyo\/difusores-redondos\/","title":{"rendered":"Difusores redondos"},"content":{"rendered":"<p><strong>Descubra nuestra amplia gama de difusores de aire est\u00e1ndar Sensyo, redondos, ajustables y cerrables, que se complementan con una rejilla de protecci\u00f3n IP20, codos o manguitos rectos para la conexi\u00f3n de conductos de aire. Personalice el color de los difusores Sensyo seg\u00fan el dise\u00f1o de su cabina: metal, negro, carbono, pintura, pel\u00edcula decorativa o marcado especial. Para cualquier solicitud espec\u00edfica, p\u00f3ngase en <a href=\"https:\/\/www.siroco-hvac.com\/es\/contacte-con-nosotros\/\">contacto con nosotros<\/a>.<\/strong><\/p>\n","protected":false},"excerpt":{"rendered":"<p>Descubra nuestra amplia gama de difusores de aire est\u00e1ndar Sensyo, redondos, ajustables y cerrables, que se complementan con una rejilla&#8230;<\/p>\n","protected":false},"author":1,"featured_media":2110,"parent":7990,"menu_order":0,"comment_status":"closed","ping_status":"closed","template":"views\/sub-category.blade.php","meta":{"_acf_changed":false,"inline_featured_image":false,"footnotes":""},"product_category":[75,75],"class_list":["post-7915","page","type-page","status-publish","has-post-thumbnail","hentry","product_category-sous-categorie-es"],"acf":[],"yoast_head":"<!-- This site is optimized with the Yoast SEO plugin v27.3 - https:\/\/yoast.com\/product\/yoast-seo-wordpress\/ -->\n<title>Difusores redondos - Siroco<\/title>\n<meta name=\"robots\" content=\"index, follow, max-snippet:-1, max-image-preview:large, max-video-preview:-1\" \/>\n<link rel=\"canonical\" href=\"https:\/\/www.siroco-hvac.com\/es\/difusores-aire-sensyo\/difusores-redondos\/\" \/>\n<meta property=\"og:locale\" content=\"es_ES\" \/>\n<meta property=\"og:type\" content=\"article\" \/>\n<meta property=\"og:title\" content=\"Difusores redondos - Siroco\" \/>\n<meta property=\"og:description\" content=\"Descubra nuestra amplia gama de difusores de aire est\u00e1ndar Sensyo, redondos, ajustables y cerrables, que se complementan con una rejilla...\" \/>\n<meta property=\"og:url\" content=\"https:\/\/www.siroco-hvac.com\/es\/difusores-aire-sensyo\/difusores-redondos\/\" \/>\n<meta property=\"og:site_name\" content=\"Siroco\" \/>\n<meta property=\"article:modified_time\" content=\"2021-07-26T08:42:33+00:00\" \/>\n<meta property=\"og:image\" content=\"https:\/\/www.siroco-hvac.com\/app\/uploads\/2021\/04\/sensyo-72-metallic-0420-5101-diffuseurs-dair-siroco.jpg\" \/>\n\t<meta property=\"og:image:width\" content=\"814\" \/>\n\t<meta property=\"og:image:height\" content=\"661\" \/>\n\t<meta property=\"og:image:type\" content=\"image\/jpeg\" \/>\n<meta name=\"twitter:card\" content=\"summary_large_image\" \/>\n<meta name=\"twitter:label1\" content=\"Est. reading time\" \/>\n\t<meta name=\"twitter:data1\" content=\"1 minute\" \/>\n<script type=\"application\/ld+json\" class=\"yoast-schema-graph\">{\"@context\":\"https:\\\/\\\/schema.org\",\"@graph\":[{\"@type\":\"WebPage\",\"@id\":\"https:\\\/\\\/www.siroco-hvac.com\\\/es\\\/difusores-aire-sensyo\\\/difusores-redondos\\\/\",\"url\":\"https:\\\/\\\/www.siroco-hvac.com\\\/es\\\/difusores-aire-sensyo\\\/difusores-redondos\\\/\",\"name\":\"Difusores redondos - Siroco\",\"isPartOf\":{\"@id\":\"https:\\\/\\\/www.siroco-hvac.com\\\/es\\\/#website\"},\"primaryImageOfPage\":{\"@id\":\"https:\\\/\\\/www.siroco-hvac.com\\\/es\\\/difusores-aire-sensyo\\\/difusores-redondos\\\/#primaryimage\"},\"image\":{\"@id\":\"https:\\\/\\\/www.siroco-hvac.com\\\/es\\\/difusores-aire-sensyo\\\/difusores-redondos\\\/#primaryimage\"},\"thumbnailUrl\":\"https:\\\/\\\/www.siroco-hvac.com\\\/app\\\/uploads\\\/2021\\\/04\\\/sensyo-72-metallic-0420-5101-diffuseurs-dair-siroco.jpg\",\"datePublished\":\"2021-02-16T11:32:59+00:00\",\"dateModified\":\"2021-07-26T08:42:33+00:00\",\"breadcrumb\":{\"@id\":\"https:\\\/\\\/www.siroco-hvac.com\\\/es\\\/difusores-aire-sensyo\\\/difusores-redondos\\\/#breadcrumb\"},\"inLanguage\":\"es-ES\",\"potentialAction\":[{\"@type\":\"ReadAction\",\"target\":[\"https:\\\/\\\/www.siroco-hvac.com\\\/es\\\/difusores-aire-sensyo\\\/difusores-redondos\\\/\"]}]},{\"@type\":\"ImageObject\",\"inLanguage\":\"es-ES\",\"@id\":\"https:\\\/\\\/www.siroco-hvac.com\\\/es\\\/difusores-aire-sensyo\\\/difusores-redondos\\\/#primaryimage\",\"url\":\"https:\\\/\\\/www.siroco-hvac.com\\\/app\\\/uploads\\\/2021\\\/04\\\/sensyo-72-metallic-0420-5101-diffuseurs-dair-siroco.jpg\",\"contentUrl\":\"https:\\\/\\\/www.siroco-hvac.com\\\/app\\\/uploads\\\/2021\\\/04\\\/sensyo-72-metallic-0420-5101-diffuseurs-dair-siroco.jpg\",\"width\":814,\"height\":661},{\"@type\":\"BreadcrumbList\",\"@id\":\"https:\\\/\\\/www.siroco-hvac.com\\\/es\\\/difusores-aire-sensyo\\\/difusores-redondos\\\/#breadcrumb\",\"itemListElement\":[{\"@type\":\"ListItem\",\"position\":1,\"name\":\"Home\",\"item\":\"https:\\\/\\\/www.siroco-hvac.com\\\/es\\\/\"},{\"@type\":\"ListItem\",\"position\":2,\"name\":\"DIFUSOR DE AIRE SENSYO\",\"item\":\"https:\\\/\\\/www.siroco-hvac.com\\\/es\\\/difusores-aire-sensyo\\\/\"},{\"@type\":\"ListItem\",\"position\":3,\"name\":\"Difusores redondos\"}]},{\"@type\":\"WebSite\",\"@id\":\"https:\\\/\\\/www.siroco-hvac.com\\\/es\\\/#website\",\"url\":\"https:\\\/\\\/www.siroco-hvac.com\\\/es\\\/\",\"name\":\"Siroco\",\"description\":\"Energize the air\",\"potentialAction\":[{\"@type\":\"SearchAction\",\"target\":{\"@type\":\"EntryPoint\",\"urlTemplate\":\"https:\\\/\\\/www.siroco-hvac.com\\\/es\\\/?s={search_term_string}\"},\"query-input\":{\"@type\":\"PropertyValueSpecification\",\"valueRequired\":true,\"valueName\":\"search_term_string\"}}],\"inLanguage\":\"es-ES\"}]}<\/script>\n<!-- \/ Yoast SEO plugin. -->","yoast_head_json":{"title":"Difusores redondos - Siroco","robots":{"index":"index","follow":"follow","max-snippet":"max-snippet:-1","max-image-preview":"max-image-preview:large","max-video-preview":"max-video-preview:-1"},"canonical":"https:\/\/www.siroco-hvac.com\/es\/difusores-aire-sensyo\/difusores-redondos\/","og_locale":"es_ES","og_type":"article","og_title":"Difusores redondos - Siroco","og_description":"Descubra nuestra amplia gama de difusores de aire est\u00e1ndar Sensyo, redondos, ajustables y cerrables, que se complementan con una rejilla...","og_url":"https:\/\/www.siroco-hvac.com\/es\/difusores-aire-sensyo\/difusores-redondos\/","og_site_name":"Siroco","article_modified_time":"2021-07-26T08:42:33+00:00","og_image":[{"width":814,"height":661,"url":"https:\/\/www.siroco-hvac.com\/app\/uploads\/2021\/04\/sensyo-72-metallic-0420-5101-diffuseurs-dair-siroco.jpg","type":"image\/jpeg"}],"twitter_card":"summary_large_image","twitter_misc":{"Est. reading time":"1 minute"},"schema":{"@context":"https:\/\/schema.org","@graph":[{"@type":"WebPage","@id":"https:\/\/www.siroco-hvac.com\/es\/difusores-aire-sensyo\/difusores-redondos\/","url":"https:\/\/www.siroco-hvac.com\/es\/difusores-aire-sensyo\/difusores-redondos\/","name":"Difusores redondos - Siroco","isPartOf":{"@id":"https:\/\/www.siroco-hvac.com\/es\/#website"},"primaryImageOfPage":{"@id":"https:\/\/www.siroco-hvac.com\/es\/difusores-aire-sensyo\/difusores-redondos\/#primaryimage"},"image":{"@id":"https:\/\/www.siroco-hvac.com\/es\/difusores-aire-sensyo\/difusores-redondos\/#primaryimage"},"thumbnailUrl":"https:\/\/www.siroco-hvac.com\/app\/uploads\/2021\/04\/sensyo-72-metallic-0420-5101-diffuseurs-dair-siroco.jpg","datePublished":"2021-02-16T11:32:59+00:00","dateModified":"2021-07-26T08:42:33+00:00","breadcrumb":{"@id":"https:\/\/www.siroco-hvac.com\/es\/difusores-aire-sensyo\/difusores-redondos\/#breadcrumb"},"inLanguage":"es-ES","potentialAction":[{"@type":"ReadAction","target":["https:\/\/www.siroco-hvac.com\/es\/difusores-aire-sensyo\/difusores-redondos\/"]}]},{"@type":"ImageObject","inLanguage":"es-ES","@id":"https:\/\/www.siroco-hvac.com\/es\/difusores-aire-sensyo\/difusores-redondos\/#primaryimage","url":"https:\/\/www.siroco-hvac.com\/app\/uploads\/2021\/04\/sensyo-72-metallic-0420-5101-diffuseurs-dair-siroco.jpg","contentUrl":"https:\/\/www.siroco-hvac.com\/app\/uploads\/2021\/04\/sensyo-72-metallic-0420-5101-diffuseurs-dair-siroco.jpg","width":814,"height":661},{"@type":"BreadcrumbList","@id":"https:\/\/www.siroco-hvac.com\/es\/difusores-aire-sensyo\/difusores-redondos\/#breadcrumb","itemListElement":[{"@type":"ListItem","position":1,"name":"Home","item":"https:\/\/www.siroco-hvac.com\/es\/"},{"@type":"ListItem","position":2,"name":"DIFUSOR DE AIRE SENSYO","item":"https:\/\/www.siroco-hvac.com\/es\/difusores-aire-sensyo\/"},{"@type":"ListItem","position":3,"name":"Difusores redondos"}]},{"@type":"WebSite","@id":"https:\/\/www.siroco-hvac.com\/es\/#website","url":"https:\/\/www.siroco-hvac.com\/es\/","name":"Siroco","description":"Energize the air","potentialAction":[{"@type":"SearchAction","target":{"@type":"EntryPoint","urlTemplate":"https:\/\/www.siroco-hvac.com\/es\/?s={search_term_string}"},"query-input":{"@type":"PropertyValueSpecification","valueRequired":true,"valueName":"search_term_string"}}],"inLanguage":"es-ES"}]}},"_links":{"self":[{"href":"https:\/\/www.siroco-hvac.com\/es\/wp-json\/wp\/v2\/pages\/7915","targetHints":{"allow":["GET"]}}],"collection":[{"href":"https:\/\/www.siroco-hvac.com\/es\/wp-json\/wp\/v2\/pages"}],"about":[{"href":"https:\/\/www.siroco-hvac.com\/es\/wp-json\/wp\/v2\/types\/page"}],"author":[{"embeddable":true,"href":"https:\/\/www.siroco-hvac.com\/es\/wp-json\/wp\/v2\/users\/1"}],"replies":[{"embeddable":true,"href":"https:\/\/www.siroco-hvac.com\/es\/wp-json\/wp\/v2\/comments?post=7915"}],"version-history":[{"count":3,"href":"https:\/\/www.siroco-hvac.com\/es\/wp-json\/wp\/v2\/pages\/7915\/revisions"}],"predecessor-version":[{"id":13031,"href":"https:\/\/www.siroco-hvac.com\/es\/wp-json\/wp\/v2\/pages\/7915\/revisions\/13031"}],"up":[{"embeddable":true,"href":"https:\/\/www.siroco-hvac.com\/es\/wp-json\/wp\/v2\/pages\/7990"}],"wp:featuredmedia":[{"embeddable":true,"href":"https:\/\/www.siroco-hvac.com\/es\/wp-json\/wp\/v2\/media\/2110"}],"wp:attachment":[{"href":"https:\/\/www.siroco-hvac.com\/es\/wp-json\/wp\/v2\/media?parent=7915"}],"wp:term":[{"taxonomy":"product_category","embeddable":true,"href":"https:\/\/www.siroco-hvac.com\/es\/wp-json\/wp\/v2\/product_category?post=7915"}],"curies":[{"name":"wp","href":"https:\/\/api.w.org\/{rel}","templated":true}]}}