{"id":7901,"date":"2021-02-16T12:33:00","date_gmt":"2021-02-16T11:33:03","guid":{"rendered":"https:\/\/siroco.pamplemousse.site\/grilles\/"},"modified":"2021-07-26T10:43:49","modified_gmt":"2021-07-26T08:43:49","slug":"rejillas","status":"publish","type":"page","link":"https:\/\/www.siroco-hvac.com\/es\/difusores-aire-sensyo\/rejillas\/","title":{"rendered":"Rejillas"},"content":{"rendered":"<p><strong>Descubra nuestra gama est\u00e1ndar de rejillas para complementar sus redes de aire: rejilla de descongelaci\u00f3n, rejilla con casete de filtro, rejilla de difusi\u00f3n de aire, cerrable, redonda o cuadrada. Para cualquier solicitud espec\u00edfica, p\u00f3ngase en <a href=\"https:\/\/www.siroco-hvac.com\/es\/contacte-con-nosotros\/\">contacto con nosotros<\/a>.<\/strong><\/p>\n","protected":false},"excerpt":{"rendered":"<p>Descubra nuestra gama est\u00e1ndar de rejillas para complementar sus redes de aire: rejilla de descongelaci\u00f3n, rejilla con casete de filtro,&#8230;<\/p>\n","protected":false},"author":1,"featured_media":2225,"parent":7990,"menu_order":3,"comment_status":"closed","ping_status":"closed","template":"views\/sub-category.blade.php","meta":{"_acf_changed":false,"inline_featured_image":false,"footnotes":""},"product_category":[75,75],"class_list":["post-7901","page","type-page","status-publish","has-post-thumbnail","hentry","product_category-sous-categorie-es"],"acf":[],"yoast_head":"<!-- This site is optimized with the Yoast SEO plugin v27.3 - https:\/\/yoast.com\/product\/yoast-seo-wordpress\/ -->\n<title>Rejillas - Siroco<\/title>\n<meta name=\"robots\" content=\"index, follow, max-snippet:-1, max-image-preview:large, max-video-preview:-1\" \/>\n<link rel=\"canonical\" href=\"https:\/\/www.siroco-hvac.com\/es\/difusores-aire-sensyo\/rejillas\/\" \/>\n<meta property=\"og:locale\" content=\"es_ES\" \/>\n<meta property=\"og:type\" content=\"article\" \/>\n<meta property=\"og:title\" content=\"Rejillas - Siroco\" \/>\n<meta property=\"og:description\" content=\"Descubra nuestra gama est\u00e1ndar de rejillas para complementar sus redes de aire: rejilla de descongelaci\u00f3n, rejilla con casete de filtro,...\" \/>\n<meta property=\"og:url\" content=\"https:\/\/www.siroco-hvac.com\/es\/difusores-aire-sensyo\/rejillas\/\" \/>\n<meta property=\"og:site_name\" content=\"Siroco\" \/>\n<meta property=\"article:modified_time\" content=\"2021-07-26T08:43:49+00:00\" \/>\n<meta property=\"og:image\" content=\"https:\/\/www.siroco-hvac.com\/app\/uploads\/2021\/04\/sensyo-ii-roll-mono-siroco-1.jpg\" \/>\n\t<meta property=\"og:image:width\" content=\"800\" \/>\n\t<meta property=\"og:image:height\" content=\"383\" \/>\n\t<meta property=\"og:image:type\" content=\"image\/jpeg\" \/>\n<meta name=\"twitter:card\" content=\"summary_large_image\" \/>\n<meta name=\"twitter:label1\" content=\"Est. reading time\" \/>\n\t<meta name=\"twitter:data1\" content=\"1 minute\" \/>\n<script type=\"application\/ld+json\" class=\"yoast-schema-graph\">{\"@context\":\"https:\\\/\\\/schema.org\",\"@graph\":[{\"@type\":\"WebPage\",\"@id\":\"https:\\\/\\\/www.siroco-hvac.com\\\/es\\\/difusores-aire-sensyo\\\/rejillas\\\/\",\"url\":\"https:\\\/\\\/www.siroco-hvac.com\\\/es\\\/difusores-aire-sensyo\\\/rejillas\\\/\",\"name\":\"Rejillas - Siroco\",\"isPartOf\":{\"@id\":\"https:\\\/\\\/www.siroco-hvac.com\\\/es\\\/#website\"},\"primaryImageOfPage\":{\"@id\":\"https:\\\/\\\/www.siroco-hvac.com\\\/es\\\/difusores-aire-sensyo\\\/rejillas\\\/#primaryimage\"},\"image\":{\"@id\":\"https:\\\/\\\/www.siroco-hvac.com\\\/es\\\/difusores-aire-sensyo\\\/rejillas\\\/#primaryimage\"},\"thumbnailUrl\":\"https:\\\/\\\/www.siroco-hvac.com\\\/app\\\/uploads\\\/2021\\\/04\\\/sensyo-ii-roll-mono-siroco-1.jpg\",\"datePublished\":\"2021-02-16T11:33:03+00:00\",\"dateModified\":\"2021-07-26T08:43:49+00:00\",\"breadcrumb\":{\"@id\":\"https:\\\/\\\/www.siroco-hvac.com\\\/es\\\/difusores-aire-sensyo\\\/rejillas\\\/#breadcrumb\"},\"inLanguage\":\"es-ES\",\"potentialAction\":[{\"@type\":\"ReadAction\",\"target\":[\"https:\\\/\\\/www.siroco-hvac.com\\\/es\\\/difusores-aire-sensyo\\\/rejillas\\\/\"]}]},{\"@type\":\"ImageObject\",\"inLanguage\":\"es-ES\",\"@id\":\"https:\\\/\\\/www.siroco-hvac.com\\\/es\\\/difusores-aire-sensyo\\\/rejillas\\\/#primaryimage\",\"url\":\"https:\\\/\\\/www.siroco-hvac.com\\\/app\\\/uploads\\\/2021\\\/04\\\/sensyo-ii-roll-mono-siroco-1.jpg\",\"contentUrl\":\"https:\\\/\\\/www.siroco-hvac.com\\\/app\\\/uploads\\\/2021\\\/04\\\/sensyo-ii-roll-mono-siroco-1.jpg\",\"width\":800,\"height\":383},{\"@type\":\"BreadcrumbList\",\"@id\":\"https:\\\/\\\/www.siroco-hvac.com\\\/es\\\/difusores-aire-sensyo\\\/rejillas\\\/#breadcrumb\",\"itemListElement\":[{\"@type\":\"ListItem\",\"position\":1,\"name\":\"Home\",\"item\":\"https:\\\/\\\/www.siroco-hvac.com\\\/es\\\/\"},{\"@type\":\"ListItem\",\"position\":2,\"name\":\"DIFUSOR DE AIRE SENSYO\",\"item\":\"https:\\\/\\\/www.siroco-hvac.com\\\/es\\\/difusores-aire-sensyo\\\/\"},{\"@type\":\"ListItem\",\"position\":3,\"name\":\"Rejillas\"}]},{\"@type\":\"WebSite\",\"@id\":\"https:\\\/\\\/www.siroco-hvac.com\\\/es\\\/#website\",\"url\":\"https:\\\/\\\/www.siroco-hvac.com\\\/es\\\/\",\"name\":\"Siroco\",\"description\":\"Energize the air\",\"potentialAction\":[{\"@type\":\"SearchAction\",\"target\":{\"@type\":\"EntryPoint\",\"urlTemplate\":\"https:\\\/\\\/www.siroco-hvac.com\\\/es\\\/?s={search_term_string}\"},\"query-input\":{\"@type\":\"PropertyValueSpecification\",\"valueRequired\":true,\"valueName\":\"search_term_string\"}}],\"inLanguage\":\"es-ES\"}]}<\/script>\n<!-- \/ Yoast SEO plugin. -->","yoast_head_json":{"title":"Rejillas - Siroco","robots":{"index":"index","follow":"follow","max-snippet":"max-snippet:-1","max-image-preview":"max-image-preview:large","max-video-preview":"max-video-preview:-1"},"canonical":"https:\/\/www.siroco-hvac.com\/es\/difusores-aire-sensyo\/rejillas\/","og_locale":"es_ES","og_type":"article","og_title":"Rejillas - Siroco","og_description":"Descubra nuestra gama est\u00e1ndar de rejillas para complementar sus redes de aire: rejilla de descongelaci\u00f3n, rejilla con casete de filtro,...","og_url":"https:\/\/www.siroco-hvac.com\/es\/difusores-aire-sensyo\/rejillas\/","og_site_name":"Siroco","article_modified_time":"2021-07-26T08:43:49+00:00","og_image":[{"width":800,"height":383,"url":"https:\/\/www.siroco-hvac.com\/app\/uploads\/2021\/04\/sensyo-ii-roll-mono-siroco-1.jpg","type":"image\/jpeg"}],"twitter_card":"summary_large_image","twitter_misc":{"Est. reading time":"1 minute"},"schema":{"@context":"https:\/\/schema.org","@graph":[{"@type":"WebPage","@id":"https:\/\/www.siroco-hvac.com\/es\/difusores-aire-sensyo\/rejillas\/","url":"https:\/\/www.siroco-hvac.com\/es\/difusores-aire-sensyo\/rejillas\/","name":"Rejillas - Siroco","isPartOf":{"@id":"https:\/\/www.siroco-hvac.com\/es\/#website"},"primaryImageOfPage":{"@id":"https:\/\/www.siroco-hvac.com\/es\/difusores-aire-sensyo\/rejillas\/#primaryimage"},"image":{"@id":"https:\/\/www.siroco-hvac.com\/es\/difusores-aire-sensyo\/rejillas\/#primaryimage"},"thumbnailUrl":"https:\/\/www.siroco-hvac.com\/app\/uploads\/2021\/04\/sensyo-ii-roll-mono-siroco-1.jpg","datePublished":"2021-02-16T11:33:03+00:00","dateModified":"2021-07-26T08:43:49+00:00","breadcrumb":{"@id":"https:\/\/www.siroco-hvac.com\/es\/difusores-aire-sensyo\/rejillas\/#breadcrumb"},"inLanguage":"es-ES","potentialAction":[{"@type":"ReadAction","target":["https:\/\/www.siroco-hvac.com\/es\/difusores-aire-sensyo\/rejillas\/"]}]},{"@type":"ImageObject","inLanguage":"es-ES","@id":"https:\/\/www.siroco-hvac.com\/es\/difusores-aire-sensyo\/rejillas\/#primaryimage","url":"https:\/\/www.siroco-hvac.com\/app\/uploads\/2021\/04\/sensyo-ii-roll-mono-siroco-1.jpg","contentUrl":"https:\/\/www.siroco-hvac.com\/app\/uploads\/2021\/04\/sensyo-ii-roll-mono-siroco-1.jpg","width":800,"height":383},{"@type":"BreadcrumbList","@id":"https:\/\/www.siroco-hvac.com\/es\/difusores-aire-sensyo\/rejillas\/#breadcrumb","itemListElement":[{"@type":"ListItem","position":1,"name":"Home","item":"https:\/\/www.siroco-hvac.com\/es\/"},{"@type":"ListItem","position":2,"name":"DIFUSOR DE AIRE SENSYO","item":"https:\/\/www.siroco-hvac.com\/es\/difusores-aire-sensyo\/"},{"@type":"ListItem","position":3,"name":"Rejillas"}]},{"@type":"WebSite","@id":"https:\/\/www.siroco-hvac.com\/es\/#website","url":"https:\/\/www.siroco-hvac.com\/es\/","name":"Siroco","description":"Energize the air","potentialAction":[{"@type":"SearchAction","target":{"@type":"EntryPoint","urlTemplate":"https:\/\/www.siroco-hvac.com\/es\/?s={search_term_string}"},"query-input":{"@type":"PropertyValueSpecification","valueRequired":true,"valueName":"search_term_string"}}],"inLanguage":"es-ES"}]}},"_links":{"self":[{"href":"https:\/\/www.siroco-hvac.com\/es\/wp-json\/wp\/v2\/pages\/7901","targetHints":{"allow":["GET"]}}],"collection":[{"href":"https:\/\/www.siroco-hvac.com\/es\/wp-json\/wp\/v2\/pages"}],"about":[{"href":"https:\/\/www.siroco-hvac.com\/es\/wp-json\/wp\/v2\/types\/page"}],"author":[{"embeddable":true,"href":"https:\/\/www.siroco-hvac.com\/es\/wp-json\/wp\/v2\/users\/1"}],"replies":[{"embeddable":true,"href":"https:\/\/www.siroco-hvac.com\/es\/wp-json\/wp\/v2\/comments?post=7901"}],"version-history":[{"count":4,"href":"https:\/\/www.siroco-hvac.com\/es\/wp-json\/wp\/v2\/pages\/7901\/revisions"}],"predecessor-version":[{"id":13034,"href":"https:\/\/www.siroco-hvac.com\/es\/wp-json\/wp\/v2\/pages\/7901\/revisions\/13034"}],"up":[{"embeddable":true,"href":"https:\/\/www.siroco-hvac.com\/es\/wp-json\/wp\/v2\/pages\/7990"}],"wp:featuredmedia":[{"embeddable":true,"href":"https:\/\/www.siroco-hvac.com\/es\/wp-json\/wp\/v2\/media\/2225"}],"wp:attachment":[{"href":"https:\/\/www.siroco-hvac.com\/es\/wp-json\/wp\/v2\/media?parent=7901"}],"wp:term":[{"taxonomy":"product_category","embeddable":true,"href":"https:\/\/www.siroco-hvac.com\/es\/wp-json\/wp\/v2\/product_category?post=7901"}],"curies":[{"name":"wp","href":"https:\/\/api.w.org\/{rel}","templated":true}]}}