{"id":7883,"date":"2021-02-16T12:34:00","date_gmt":"2021-02-16T11:34:43","guid":{"rendered":"https:\/\/siroco.pamplemousse.site\/aerateurs-de-toit\/"},"modified":"2021-07-26T11:03:03","modified_gmt":"2021-07-26T09:03:03","slug":"ventilacion-techo","status":"publish","type":"page","link":"https:\/\/www.siroco-hvac.com\/es\/ventilacion\/ventilacion-techo\/","title":{"rendered":"Ventiladores de techo"},"content":{"rendered":"<p><strong>Descubra nuestra gama est\u00e1ndar de ventiladores de techo Sensyo disponibles en 12\u00a0V y 24\u00a0V, de aspiraci\u00f3n o soplado, de forma aerodin\u00e1mica, entregados con conectores. Complemente sus sistemas de ventilaci\u00f3n con nuestros accesorios asociados: separador, medio separador, rejilla. Para cualquier solicitud espec\u00edfica, p\u00f3ngase en <a href=\"https:\/\/www.siroco-hvac.com\/es\/contacte-con-nosotros\/\">contacto con nosotros<\/a>.<\/strong><\/p>\n","protected":false},"excerpt":{"rendered":"<p>Descubra nuestra gama est\u00e1ndar de ventiladores de techo Sensyo disponibles en 12\u00a0V y 24\u00a0V, de aspiraci\u00f3n o soplado, de forma&#8230;<\/p>\n","protected":false},"author":1,"featured_media":5238,"parent":8011,"menu_order":0,"comment_status":"closed","ping_status":"closed","template":"views\/sub-category.blade.php","meta":{"_acf_changed":false,"inline_featured_image":false,"footnotes":""},"product_category":[75,75],"class_list":["post-7883","page","type-page","status-publish","has-post-thumbnail","hentry","product_category-sous-categorie-es"],"acf":[],"yoast_head":"<!-- This site is optimized with the Yoast SEO plugin v27.3 - https:\/\/yoast.com\/product\/yoast-seo-wordpress\/ -->\n<title>Ventiladores de techo - Siroco<\/title>\n<meta name=\"robots\" content=\"index, follow, max-snippet:-1, max-image-preview:large, max-video-preview:-1\" \/>\n<link rel=\"canonical\" href=\"https:\/\/www.siroco-hvac.com\/es\/ventilacion\/ventilacion-techo\/\" \/>\n<meta property=\"og:locale\" content=\"es_ES\" \/>\n<meta property=\"og:type\" content=\"article\" \/>\n<meta property=\"og:title\" content=\"Ventiladores de techo - Siroco\" \/>\n<meta property=\"og:description\" content=\"Descubra nuestra gama est\u00e1ndar de ventiladores de techo Sensyo disponibles en 12\u00a0V y 24\u00a0V, de aspiraci\u00f3n o soplado, de forma...\" \/>\n<meta property=\"og:url\" content=\"https:\/\/www.siroco-hvac.com\/es\/ventilacion\/ventilacion-techo\/\" \/>\n<meta property=\"og:site_name\" content=\"Siroco\" \/>\n<meta property=\"article:modified_time\" content=\"2021-07-26T09:03:03+00:00\" \/>\n<meta property=\"og:image\" content=\"https:\/\/www.siroco-hvac.com\/app\/uploads\/2021\/02\/a3003-finlandia-aerateur-de-toit-siroco.jpg\" \/>\n\t<meta property=\"og:image:width\" content=\"1455\" \/>\n\t<meta property=\"og:image:height\" content=\"1063\" \/>\n\t<meta property=\"og:image:type\" content=\"image\/jpeg\" \/>\n<meta name=\"twitter:card\" content=\"summary_large_image\" \/>\n<meta name=\"twitter:label1\" content=\"Est. reading time\" \/>\n\t<meta name=\"twitter:data1\" content=\"1 minute\" \/>\n<script type=\"application\/ld+json\" class=\"yoast-schema-graph\">{\"@context\":\"https:\\\/\\\/schema.org\",\"@graph\":[{\"@type\":\"WebPage\",\"@id\":\"https:\\\/\\\/www.siroco-hvac.com\\\/es\\\/ventilacion\\\/ventilacion-techo\\\/\",\"url\":\"https:\\\/\\\/www.siroco-hvac.com\\\/es\\\/ventilacion\\\/ventilacion-techo\\\/\",\"name\":\"Ventiladores de techo - Siroco\",\"isPartOf\":{\"@id\":\"https:\\\/\\\/www.siroco-hvac.com\\\/es\\\/#website\"},\"primaryImageOfPage\":{\"@id\":\"https:\\\/\\\/www.siroco-hvac.com\\\/es\\\/ventilacion\\\/ventilacion-techo\\\/#primaryimage\"},\"image\":{\"@id\":\"https:\\\/\\\/www.siroco-hvac.com\\\/es\\\/ventilacion\\\/ventilacion-techo\\\/#primaryimage\"},\"thumbnailUrl\":\"https:\\\/\\\/www.siroco-hvac.com\\\/app\\\/uploads\\\/2021\\\/02\\\/a3003-finlandia-aerateur-de-toit-siroco.jpg\",\"datePublished\":\"2021-02-16T11:34:43+00:00\",\"dateModified\":\"2021-07-26T09:03:03+00:00\",\"breadcrumb\":{\"@id\":\"https:\\\/\\\/www.siroco-hvac.com\\\/es\\\/ventilacion\\\/ventilacion-techo\\\/#breadcrumb\"},\"inLanguage\":\"es-ES\",\"potentialAction\":[{\"@type\":\"ReadAction\",\"target\":[\"https:\\\/\\\/www.siroco-hvac.com\\\/es\\\/ventilacion\\\/ventilacion-techo\\\/\"]}]},{\"@type\":\"ImageObject\",\"inLanguage\":\"es-ES\",\"@id\":\"https:\\\/\\\/www.siroco-hvac.com\\\/es\\\/ventilacion\\\/ventilacion-techo\\\/#primaryimage\",\"url\":\"https:\\\/\\\/www.siroco-hvac.com\\\/app\\\/uploads\\\/2021\\\/02\\\/a3003-finlandia-aerateur-de-toit-siroco.jpg\",\"contentUrl\":\"https:\\\/\\\/www.siroco-hvac.com\\\/app\\\/uploads\\\/2021\\\/02\\\/a3003-finlandia-aerateur-de-toit-siroco.jpg\",\"width\":1455,\"height\":1063},{\"@type\":\"BreadcrumbList\",\"@id\":\"https:\\\/\\\/www.siroco-hvac.com\\\/es\\\/ventilacion\\\/ventilacion-techo\\\/#breadcrumb\",\"itemListElement\":[{\"@type\":\"ListItem\",\"position\":1,\"name\":\"Home\",\"item\":\"https:\\\/\\\/www.siroco-hvac.com\\\/es\\\/\"},{\"@type\":\"ListItem\",\"position\":2,\"name\":\"Ventilaci\u00f3n\",\"item\":\"https:\\\/\\\/www.siroco-hvac.com\\\/es\\\/ventilacion\\\/\"},{\"@type\":\"ListItem\",\"position\":3,\"name\":\"Ventiladores de techo\"}]},{\"@type\":\"WebSite\",\"@id\":\"https:\\\/\\\/www.siroco-hvac.com\\\/es\\\/#website\",\"url\":\"https:\\\/\\\/www.siroco-hvac.com\\\/es\\\/\",\"name\":\"Siroco\",\"description\":\"Energize the air\",\"potentialAction\":[{\"@type\":\"SearchAction\",\"target\":{\"@type\":\"EntryPoint\",\"urlTemplate\":\"https:\\\/\\\/www.siroco-hvac.com\\\/es\\\/?s={search_term_string}\"},\"query-input\":{\"@type\":\"PropertyValueSpecification\",\"valueRequired\":true,\"valueName\":\"search_term_string\"}}],\"inLanguage\":\"es-ES\"}]}<\/script>\n<!-- \/ Yoast SEO plugin. -->","yoast_head_json":{"title":"Ventiladores de techo - Siroco","robots":{"index":"index","follow":"follow","max-snippet":"max-snippet:-1","max-image-preview":"max-image-preview:large","max-video-preview":"max-video-preview:-1"},"canonical":"https:\/\/www.siroco-hvac.com\/es\/ventilacion\/ventilacion-techo\/","og_locale":"es_ES","og_type":"article","og_title":"Ventiladores de techo - Siroco","og_description":"Descubra nuestra gama est\u00e1ndar de ventiladores de techo Sensyo disponibles en 12\u00a0V y 24\u00a0V, de aspiraci\u00f3n o soplado, de forma...","og_url":"https:\/\/www.siroco-hvac.com\/es\/ventilacion\/ventilacion-techo\/","og_site_name":"Siroco","article_modified_time":"2021-07-26T09:03:03+00:00","og_image":[{"width":1455,"height":1063,"url":"https:\/\/www.siroco-hvac.com\/app\/uploads\/2021\/02\/a3003-finlandia-aerateur-de-toit-siroco.jpg","type":"image\/jpeg"}],"twitter_card":"summary_large_image","twitter_misc":{"Est. reading time":"1 minute"},"schema":{"@context":"https:\/\/schema.org","@graph":[{"@type":"WebPage","@id":"https:\/\/www.siroco-hvac.com\/es\/ventilacion\/ventilacion-techo\/","url":"https:\/\/www.siroco-hvac.com\/es\/ventilacion\/ventilacion-techo\/","name":"Ventiladores de techo - Siroco","isPartOf":{"@id":"https:\/\/www.siroco-hvac.com\/es\/#website"},"primaryImageOfPage":{"@id":"https:\/\/www.siroco-hvac.com\/es\/ventilacion\/ventilacion-techo\/#primaryimage"},"image":{"@id":"https:\/\/www.siroco-hvac.com\/es\/ventilacion\/ventilacion-techo\/#primaryimage"},"thumbnailUrl":"https:\/\/www.siroco-hvac.com\/app\/uploads\/2021\/02\/a3003-finlandia-aerateur-de-toit-siroco.jpg","datePublished":"2021-02-16T11:34:43+00:00","dateModified":"2021-07-26T09:03:03+00:00","breadcrumb":{"@id":"https:\/\/www.siroco-hvac.com\/es\/ventilacion\/ventilacion-techo\/#breadcrumb"},"inLanguage":"es-ES","potentialAction":[{"@type":"ReadAction","target":["https:\/\/www.siroco-hvac.com\/es\/ventilacion\/ventilacion-techo\/"]}]},{"@type":"ImageObject","inLanguage":"es-ES","@id":"https:\/\/www.siroco-hvac.com\/es\/ventilacion\/ventilacion-techo\/#primaryimage","url":"https:\/\/www.siroco-hvac.com\/app\/uploads\/2021\/02\/a3003-finlandia-aerateur-de-toit-siroco.jpg","contentUrl":"https:\/\/www.siroco-hvac.com\/app\/uploads\/2021\/02\/a3003-finlandia-aerateur-de-toit-siroco.jpg","width":1455,"height":1063},{"@type":"BreadcrumbList","@id":"https:\/\/www.siroco-hvac.com\/es\/ventilacion\/ventilacion-techo\/#breadcrumb","itemListElement":[{"@type":"ListItem","position":1,"name":"Home","item":"https:\/\/www.siroco-hvac.com\/es\/"},{"@type":"ListItem","position":2,"name":"Ventilaci\u00f3n","item":"https:\/\/www.siroco-hvac.com\/es\/ventilacion\/"},{"@type":"ListItem","position":3,"name":"Ventiladores de techo"}]},{"@type":"WebSite","@id":"https:\/\/www.siroco-hvac.com\/es\/#website","url":"https:\/\/www.siroco-hvac.com\/es\/","name":"Siroco","description":"Energize the air","potentialAction":[{"@type":"SearchAction","target":{"@type":"EntryPoint","urlTemplate":"https:\/\/www.siroco-hvac.com\/es\/?s={search_term_string}"},"query-input":{"@type":"PropertyValueSpecification","valueRequired":true,"valueName":"search_term_string"}}],"inLanguage":"es-ES"}]}},"_links":{"self":[{"href":"https:\/\/www.siroco-hvac.com\/es\/wp-json\/wp\/v2\/pages\/7883","targetHints":{"allow":["GET"]}}],"collection":[{"href":"https:\/\/www.siroco-hvac.com\/es\/wp-json\/wp\/v2\/pages"}],"about":[{"href":"https:\/\/www.siroco-hvac.com\/es\/wp-json\/wp\/v2\/types\/page"}],"author":[{"embeddable":true,"href":"https:\/\/www.siroco-hvac.com\/es\/wp-json\/wp\/v2\/users\/1"}],"replies":[{"embeddable":true,"href":"https:\/\/www.siroco-hvac.com\/es\/wp-json\/wp\/v2\/comments?post=7883"}],"version-history":[{"count":4,"href":"https:\/\/www.siroco-hvac.com\/es\/wp-json\/wp\/v2\/pages\/7883\/revisions"}],"predecessor-version":[{"id":13052,"href":"https:\/\/www.siroco-hvac.com\/es\/wp-json\/wp\/v2\/pages\/7883\/revisions\/13052"}],"up":[{"embeddable":true,"href":"https:\/\/www.siroco-hvac.com\/es\/wp-json\/wp\/v2\/pages\/8011"}],"wp:featuredmedia":[{"embeddable":true,"href":"https:\/\/www.siroco-hvac.com\/es\/wp-json\/wp\/v2\/media\/5238"}],"wp:attachment":[{"href":"https:\/\/www.siroco-hvac.com\/es\/wp-json\/wp\/v2\/media?parent=7883"}],"wp:term":[{"taxonomy":"product_category","embeddable":true,"href":"https:\/\/www.siroco-hvac.com\/es\/wp-json\/wp\/v2\/product_category?post=7883"}],"curies":[{"name":"wp","href":"https:\/\/api.w.org\/{rel}","templated":true}]}}