{"id":20169,"date":"2024-01-18T10:54:31","date_gmt":"2024-01-18T09:54:31","guid":{"rendered":"https:\/\/www.siroco-hvac.com\/calefaccion-electrica\/chauffage-haute-tension\/"},"modified":"2024-01-18T11:42:35","modified_gmt":"2024-01-18T10:42:35","slug":"chauffage-haute-tension","status":"publish","type":"page","link":"https:\/\/www.siroco-hvac.com\/es\/calefaccion-electrica\/chauffage-haute-tension\/","title":{"rendered":"CALEFACCI\u00d3N DE ALTO VOLTAJE"},"content":{"rendered":"<p>Descubra nuestra gama de calefactores de alto voltaje dise\u00f1ados para calentar o precalentar las bater\u00edas de los veh\u00edculos el\u00e9ctricos cuando las temperaturas exteriores son fr\u00edas. Instalado en el interior de la cabina, el calefactor de alto voltaje mejora el confort t\u00e9rmico en la cabina, permite el control individual a trav\u00e9s del LIN BUS y cumple las normas de seguridad vigentes.<\/p>\n","protected":false},"excerpt":{"rendered":"<p>Descubra nuestra gama de calefactores de alto voltaje dise\u00f1ados para calentar o precalentar las bater\u00edas de los veh\u00edculos el\u00e9ctricos cuando&#8230;<\/p>\n","protected":false},"author":13,"featured_media":20161,"parent":8022,"menu_order":3,"comment_status":"closed","ping_status":"closed","template":"views\/sub-category.blade.php","meta":{"_acf_changed":false,"inline_featured_image":false,"footnotes":""},"product_category":[75],"class_list":["post-20169","page","type-page","status-publish","has-post-thumbnail","hentry","product_category-sous-categorie-es"],"acf":[],"yoast_head":"<!-- This site is optimized with the Yoast SEO plugin v27.6 - https:\/\/yoast.com\/product\/yoast-seo-wordpress\/ -->\n<title>CALEFACCI\u00d3N DE ALTO VOLTAJE - Siroco<\/title>\n<meta name=\"description\" content=\"Precalienta las bater\u00edas de los veh\u00edculos el\u00e9ctricos, mejora el confort t\u00e9rmico en la cabina, permite el control individual a trav\u00e9s del LIN BUS\" \/>\n<meta name=\"robots\" content=\"index, follow, max-snippet:-1, max-image-preview:large, max-video-preview:-1\" \/>\n<link rel=\"canonical\" href=\"https:\/\/www.siroco-hvac.com\/es\/calefaccion-electrica\/chauffage-haute-tension\/\" \/>\n<meta property=\"og:locale\" content=\"es_ES\" \/>\n<meta property=\"og:type\" content=\"article\" \/>\n<meta property=\"og:title\" content=\"CALEFACCI\u00d3N DE ALTO VOLTAJE - Siroco\" \/>\n<meta property=\"og:description\" content=\"Precalienta las bater\u00edas de los veh\u00edculos el\u00e9ctricos, mejora el confort t\u00e9rmico en la cabina, permite el control individual a trav\u00e9s del LIN BUS\" \/>\n<meta property=\"og:url\" content=\"https:\/\/www.siroco-hvac.com\/es\/calefaccion-electrica\/chauffage-haute-tension\/\" \/>\n<meta property=\"og:site_name\" content=\"Siroco\" \/>\n<meta property=\"article:modified_time\" content=\"2024-01-18T10:42:35+00:00\" \/>\n<meta property=\"og:image\" content=\"https:\/\/www.siroco-hvac.com\/app\/uploads\/2024\/01\/water-heater.png\" \/>\n\t<meta property=\"og:image:width\" content=\"1920\" \/>\n\t<meta property=\"og:image:height\" content=\"1081\" \/>\n\t<meta property=\"og:image:type\" content=\"image\/png\" \/>\n<meta name=\"twitter:card\" content=\"summary_large_image\" \/>\n<meta name=\"twitter:label1\" content=\"Est. reading time\" \/>\n\t<meta name=\"twitter:data1\" content=\"1 minute\" \/>\n<script type=\"application\/ld+json\" class=\"yoast-schema-graph\">{\"@context\":\"https:\\\/\\\/schema.org\",\"@graph\":[{\"@type\":\"WebPage\",\"@id\":\"https:\\\/\\\/www.siroco-hvac.com\\\/es\\\/calefaccion-electrica\\\/chauffage-haute-tension\\\/\",\"url\":\"https:\\\/\\\/www.siroco-hvac.com\\\/es\\\/calefaccion-electrica\\\/chauffage-haute-tension\\\/\",\"name\":\"CALEFACCI\u00d3N DE ALTO VOLTAJE - Siroco\",\"isPartOf\":{\"@id\":\"https:\\\/\\\/www.siroco-hvac.com\\\/es\\\/#website\"},\"primaryImageOfPage\":{\"@id\":\"https:\\\/\\\/www.siroco-hvac.com\\\/es\\\/calefaccion-electrica\\\/chauffage-haute-tension\\\/#primaryimage\"},\"image\":{\"@id\":\"https:\\\/\\\/www.siroco-hvac.com\\\/es\\\/calefaccion-electrica\\\/chauffage-haute-tension\\\/#primaryimage\"},\"thumbnailUrl\":\"https:\\\/\\\/www.siroco-hvac.com\\\/app\\\/uploads\\\/2024\\\/01\\\/water-heater.png\",\"datePublished\":\"2024-01-18T09:54:31+00:00\",\"dateModified\":\"2024-01-18T10:42:35+00:00\",\"description\":\"Precalienta las bater\u00edas de los veh\u00edculos el\u00e9ctricos, mejora el confort t\u00e9rmico en la cabina, permite el control individual a trav\u00e9s del LIN BUS\",\"breadcrumb\":{\"@id\":\"https:\\\/\\\/www.siroco-hvac.com\\\/es\\\/calefaccion-electrica\\\/chauffage-haute-tension\\\/#breadcrumb\"},\"inLanguage\":\"es-ES\",\"potentialAction\":[{\"@type\":\"ReadAction\",\"target\":[\"https:\\\/\\\/www.siroco-hvac.com\\\/es\\\/calefaccion-electrica\\\/chauffage-haute-tension\\\/\"]}]},{\"@type\":\"ImageObject\",\"inLanguage\":\"es-ES\",\"@id\":\"https:\\\/\\\/www.siroco-hvac.com\\\/es\\\/calefaccion-electrica\\\/chauffage-haute-tension\\\/#primaryimage\",\"url\":\"https:\\\/\\\/www.siroco-hvac.com\\\/app\\\/uploads\\\/2024\\\/01\\\/water-heater.png\",\"contentUrl\":\"https:\\\/\\\/www.siroco-hvac.com\\\/app\\\/uploads\\\/2024\\\/01\\\/water-heater.png\",\"width\":1920,\"height\":1081},{\"@type\":\"BreadcrumbList\",\"@id\":\"https:\\\/\\\/www.siroco-hvac.com\\\/es\\\/calefaccion-electrica\\\/chauffage-haute-tension\\\/#breadcrumb\",\"itemListElement\":[{\"@type\":\"ListItem\",\"position\":1,\"name\":\"Home\",\"item\":\"https:\\\/\\\/www.siroco-hvac.com\\\/es\\\/\"},{\"@type\":\"ListItem\",\"position\":2,\"name\":\"CALENTADOR EL\u00c9CTRICO\",\"item\":\"https:\\\/\\\/www.siroco-hvac.com\\\/es\\\/calefaccion-electrica\\\/\"},{\"@type\":\"ListItem\",\"position\":3,\"name\":\"CALEFACCI\u00d3N DE ALTO VOLTAJE\"}]},{\"@type\":\"WebSite\",\"@id\":\"https:\\\/\\\/www.siroco-hvac.com\\\/es\\\/#website\",\"url\":\"https:\\\/\\\/www.siroco-hvac.com\\\/es\\\/\",\"name\":\"Siroco\",\"description\":\"Energize the air\",\"potentialAction\":[{\"@type\":\"SearchAction\",\"target\":{\"@type\":\"EntryPoint\",\"urlTemplate\":\"https:\\\/\\\/www.siroco-hvac.com\\\/es\\\/?s={search_term_string}\"},\"query-input\":{\"@type\":\"PropertyValueSpecification\",\"valueRequired\":true,\"valueName\":\"search_term_string\"}}],\"inLanguage\":\"es-ES\"}]}<\/script>\n<!-- \/ Yoast SEO plugin. -->","yoast_head_json":{"title":"CALEFACCI\u00d3N DE ALTO VOLTAJE - Siroco","description":"Precalienta las bater\u00edas de los veh\u00edculos el\u00e9ctricos, mejora el confort t\u00e9rmico en la cabina, permite el control individual a trav\u00e9s del LIN BUS","robots":{"index":"index","follow":"follow","max-snippet":"max-snippet:-1","max-image-preview":"max-image-preview:large","max-video-preview":"max-video-preview:-1"},"canonical":"https:\/\/www.siroco-hvac.com\/es\/calefaccion-electrica\/chauffage-haute-tension\/","og_locale":"es_ES","og_type":"article","og_title":"CALEFACCI\u00d3N DE ALTO VOLTAJE - Siroco","og_description":"Precalienta las bater\u00edas de los veh\u00edculos el\u00e9ctricos, mejora el confort t\u00e9rmico en la cabina, permite el control individual a trav\u00e9s del LIN BUS","og_url":"https:\/\/www.siroco-hvac.com\/es\/calefaccion-electrica\/chauffage-haute-tension\/","og_site_name":"Siroco","article_modified_time":"2024-01-18T10:42:35+00:00","og_image":[{"width":1920,"height":1081,"url":"https:\/\/www.siroco-hvac.com\/app\/uploads\/2024\/01\/water-heater.png","type":"image\/png"}],"twitter_card":"summary_large_image","twitter_misc":{"Est. reading time":"1 minute"},"schema":{"@context":"https:\/\/schema.org","@graph":[{"@type":"WebPage","@id":"https:\/\/www.siroco-hvac.com\/es\/calefaccion-electrica\/chauffage-haute-tension\/","url":"https:\/\/www.siroco-hvac.com\/es\/calefaccion-electrica\/chauffage-haute-tension\/","name":"CALEFACCI\u00d3N DE ALTO VOLTAJE - Siroco","isPartOf":{"@id":"https:\/\/www.siroco-hvac.com\/es\/#website"},"primaryImageOfPage":{"@id":"https:\/\/www.siroco-hvac.com\/es\/calefaccion-electrica\/chauffage-haute-tension\/#primaryimage"},"image":{"@id":"https:\/\/www.siroco-hvac.com\/es\/calefaccion-electrica\/chauffage-haute-tension\/#primaryimage"},"thumbnailUrl":"https:\/\/www.siroco-hvac.com\/app\/uploads\/2024\/01\/water-heater.png","datePublished":"2024-01-18T09:54:31+00:00","dateModified":"2024-01-18T10:42:35+00:00","description":"Precalienta las bater\u00edas de los veh\u00edculos el\u00e9ctricos, mejora el confort t\u00e9rmico en la cabina, permite el control individual a trav\u00e9s del LIN BUS","breadcrumb":{"@id":"https:\/\/www.siroco-hvac.com\/es\/calefaccion-electrica\/chauffage-haute-tension\/#breadcrumb"},"inLanguage":"es-ES","potentialAction":[{"@type":"ReadAction","target":["https:\/\/www.siroco-hvac.com\/es\/calefaccion-electrica\/chauffage-haute-tension\/"]}]},{"@type":"ImageObject","inLanguage":"es-ES","@id":"https:\/\/www.siroco-hvac.com\/es\/calefaccion-electrica\/chauffage-haute-tension\/#primaryimage","url":"https:\/\/www.siroco-hvac.com\/app\/uploads\/2024\/01\/water-heater.png","contentUrl":"https:\/\/www.siroco-hvac.com\/app\/uploads\/2024\/01\/water-heater.png","width":1920,"height":1081},{"@type":"BreadcrumbList","@id":"https:\/\/www.siroco-hvac.com\/es\/calefaccion-electrica\/chauffage-haute-tension\/#breadcrumb","itemListElement":[{"@type":"ListItem","position":1,"name":"Home","item":"https:\/\/www.siroco-hvac.com\/es\/"},{"@type":"ListItem","position":2,"name":"CALENTADOR EL\u00c9CTRICO","item":"https:\/\/www.siroco-hvac.com\/es\/calefaccion-electrica\/"},{"@type":"ListItem","position":3,"name":"CALEFACCI\u00d3N DE ALTO VOLTAJE"}]},{"@type":"WebSite","@id":"https:\/\/www.siroco-hvac.com\/es\/#website","url":"https:\/\/www.siroco-hvac.com\/es\/","name":"Siroco","description":"Energize the air","potentialAction":[{"@type":"SearchAction","target":{"@type":"EntryPoint","urlTemplate":"https:\/\/www.siroco-hvac.com\/es\/?s={search_term_string}"},"query-input":{"@type":"PropertyValueSpecification","valueRequired":true,"valueName":"search_term_string"}}],"inLanguage":"es-ES"}]}},"_links":{"self":[{"href":"https:\/\/www.siroco-hvac.com\/es\/wp-json\/wp\/v2\/pages\/20169","targetHints":{"allow":["GET"]}}],"collection":[{"href":"https:\/\/www.siroco-hvac.com\/es\/wp-json\/wp\/v2\/pages"}],"about":[{"href":"https:\/\/www.siroco-hvac.com\/es\/wp-json\/wp\/v2\/types\/page"}],"author":[{"embeddable":true,"href":"https:\/\/www.siroco-hvac.com\/es\/wp-json\/wp\/v2\/users\/13"}],"replies":[{"embeddable":true,"href":"https:\/\/www.siroco-hvac.com\/es\/wp-json\/wp\/v2\/comments?post=20169"}],"version-history":[{"count":1,"href":"https:\/\/www.siroco-hvac.com\/es\/wp-json\/wp\/v2\/pages\/20169\/revisions"}],"predecessor-version":[{"id":20188,"href":"https:\/\/www.siroco-hvac.com\/es\/wp-json\/wp\/v2\/pages\/20169\/revisions\/20188"}],"up":[{"embeddable":true,"href":"https:\/\/www.siroco-hvac.com\/es\/wp-json\/wp\/v2\/pages\/8022"}],"wp:featuredmedia":[{"embeddable":true,"href":"https:\/\/www.siroco-hvac.com\/es\/wp-json\/wp\/v2\/media\/20161"}],"wp:attachment":[{"href":"https:\/\/www.siroco-hvac.com\/es\/wp-json\/wp\/v2\/media?parent=20169"}],"wp:term":[{"taxonomy":"product_category","embeddable":true,"href":"https:\/\/www.siroco-hvac.com\/es\/wp-json\/wp\/v2\/product_category?post=20169"}],"curies":[{"name":"wp","href":"https:\/\/api.w.org\/{rel}","templated":true}]}}