{"id":19777,"date":"2023-10-27T16:39:21","date_gmt":"2023-10-27T14:39:21","guid":{"rendered":"https:\/\/www.siroco-hvac.com\/difusores-aire-sensyo\/plafonnier\/"},"modified":"2023-10-27T16:39:21","modified_gmt":"2023-10-27T14:39:21","slug":"plafonnier","status":"publish","type":"page","link":"https:\/\/www.siroco-hvac.com\/es\/difusores-aire-sensyo\/plafonnier\/","title":{"rendered":"Plafonnier"},"content":{"rendered":"<p><strong>Siroco d\u00e9veloppe et con\u00e7oit des solutions standards et sur-mesure de syst\u00e8mes de diffusion d&#8217;air, avec commande int\u00e9gr\u00e9e ou d\u00e9port\u00e9e, pour compl\u00e9ter son offre de climatisation de toit \u00e9lectrique. Personnalisez la couleur, le niveau de filtration d&#8217;air et le syst\u00e8me de commande selon vos besoins.\u00a0<\/strong><\/p>\n<p><strong>Pour toute demande sp\u00e9cifique, veuillez <a href=\"https:\/\/www.siroco-hvac.com\/es\/contacte-con-nosotros\/\">nous contacter<\/a>.<\/strong><\/p>\n","protected":false},"excerpt":{"rendered":"<p>Siroco d\u00e9veloppe et con\u00e7oit des solutions standards et sur-mesure de syst\u00e8mes de diffusion d&#8217;air, avec commande int\u00e9gr\u00e9e ou d\u00e9port\u00e9e, pour&#8230;<\/p>\n","protected":false},"author":13,"featured_media":0,"parent":7990,"menu_order":0,"comment_status":"closed","ping_status":"closed","template":"views\/sub-category.blade.php","meta":{"_acf_changed":false,"inline_featured_image":false,"footnotes":""},"product_category":[75],"class_list":["post-19777","page","type-page","status-publish","hentry","product_category-sous-categorie-es"],"acf":[],"yoast_head":"<!-- This site is optimized with the Yoast SEO plugin v27.4 - https:\/\/yoast.com\/product\/yoast-seo-wordpress\/ -->\n<title>Plafonnier - Siroco<\/title>\n<meta name=\"robots\" content=\"index, follow, max-snippet:-1, max-image-preview:large, max-video-preview:-1\" \/>\n<link rel=\"canonical\" href=\"https:\/\/www.siroco-hvac.com\/es\/difusores-aire-sensyo\/plafonnier\/\" \/>\n<meta property=\"og:locale\" content=\"es_ES\" \/>\n<meta property=\"og:type\" content=\"article\" \/>\n<meta property=\"og:title\" content=\"Plafonnier - Siroco\" \/>\n<meta property=\"og:description\" content=\"Siroco d\u00e9veloppe et con\u00e7oit des solutions standards et sur-mesure de syst\u00e8mes de diffusion d&#8217;air, avec commande int\u00e9gr\u00e9e ou d\u00e9port\u00e9e, pour...\" \/>\n<meta property=\"og:url\" content=\"https:\/\/www.siroco-hvac.com\/es\/difusores-aire-sensyo\/plafonnier\/\" \/>\n<meta property=\"og:site_name\" content=\"Siroco\" \/>\n<meta name=\"twitter:card\" content=\"summary_large_image\" \/>\n<script type=\"application\/ld+json\" class=\"yoast-schema-graph\">{\"@context\":\"https:\\\/\\\/schema.org\",\"@graph\":[{\"@type\":\"WebPage\",\"@id\":\"https:\\\/\\\/www.siroco-hvac.com\\\/es\\\/difusores-aire-sensyo\\\/plafonnier\\\/\",\"url\":\"https:\\\/\\\/www.siroco-hvac.com\\\/es\\\/difusores-aire-sensyo\\\/plafonnier\\\/\",\"name\":\"Plafonnier - Siroco\",\"isPartOf\":{\"@id\":\"https:\\\/\\\/www.siroco-hvac.com\\\/es\\\/#website\"},\"datePublished\":\"2023-10-27T14:39:21+00:00\",\"breadcrumb\":{\"@id\":\"https:\\\/\\\/www.siroco-hvac.com\\\/es\\\/difusores-aire-sensyo\\\/plafonnier\\\/#breadcrumb\"},\"inLanguage\":\"es-ES\",\"potentialAction\":[{\"@type\":\"ReadAction\",\"target\":[\"https:\\\/\\\/www.siroco-hvac.com\\\/es\\\/difusores-aire-sensyo\\\/plafonnier\\\/\"]}]},{\"@type\":\"BreadcrumbList\",\"@id\":\"https:\\\/\\\/www.siroco-hvac.com\\\/es\\\/difusores-aire-sensyo\\\/plafonnier\\\/#breadcrumb\",\"itemListElement\":[{\"@type\":\"ListItem\",\"position\":1,\"name\":\"Home\",\"item\":\"https:\\\/\\\/www.siroco-hvac.com\\\/es\\\/\"},{\"@type\":\"ListItem\",\"position\":2,\"name\":\"DIFUSOR DE AIRE SENSYO\",\"item\":\"https:\\\/\\\/www.siroco-hvac.com\\\/es\\\/difusores-aire-sensyo\\\/\"},{\"@type\":\"ListItem\",\"position\":3,\"name\":\"Plafonnier\"}]},{\"@type\":\"WebSite\",\"@id\":\"https:\\\/\\\/www.siroco-hvac.com\\\/es\\\/#website\",\"url\":\"https:\\\/\\\/www.siroco-hvac.com\\\/es\\\/\",\"name\":\"Siroco\",\"description\":\"Energize the air\",\"potentialAction\":[{\"@type\":\"SearchAction\",\"target\":{\"@type\":\"EntryPoint\",\"urlTemplate\":\"https:\\\/\\\/www.siroco-hvac.com\\\/es\\\/?s={search_term_string}\"},\"query-input\":{\"@type\":\"PropertyValueSpecification\",\"valueRequired\":true,\"valueName\":\"search_term_string\"}}],\"inLanguage\":\"es-ES\"}]}<\/script>\n<!-- \/ Yoast SEO plugin. -->","yoast_head_json":{"title":"Plafonnier - Siroco","robots":{"index":"index","follow":"follow","max-snippet":"max-snippet:-1","max-image-preview":"max-image-preview:large","max-video-preview":"max-video-preview:-1"},"canonical":"https:\/\/www.siroco-hvac.com\/es\/difusores-aire-sensyo\/plafonnier\/","og_locale":"es_ES","og_type":"article","og_title":"Plafonnier - Siroco","og_description":"Siroco d\u00e9veloppe et con\u00e7oit des solutions standards et sur-mesure de syst\u00e8mes de diffusion d&#8217;air, avec commande int\u00e9gr\u00e9e ou d\u00e9port\u00e9e, pour...","og_url":"https:\/\/www.siroco-hvac.com\/es\/difusores-aire-sensyo\/plafonnier\/","og_site_name":"Siroco","twitter_card":"summary_large_image","schema":{"@context":"https:\/\/schema.org","@graph":[{"@type":"WebPage","@id":"https:\/\/www.siroco-hvac.com\/es\/difusores-aire-sensyo\/plafonnier\/","url":"https:\/\/www.siroco-hvac.com\/es\/difusores-aire-sensyo\/plafonnier\/","name":"Plafonnier - Siroco","isPartOf":{"@id":"https:\/\/www.siroco-hvac.com\/es\/#website"},"datePublished":"2023-10-27T14:39:21+00:00","breadcrumb":{"@id":"https:\/\/www.siroco-hvac.com\/es\/difusores-aire-sensyo\/plafonnier\/#breadcrumb"},"inLanguage":"es-ES","potentialAction":[{"@type":"ReadAction","target":["https:\/\/www.siroco-hvac.com\/es\/difusores-aire-sensyo\/plafonnier\/"]}]},{"@type":"BreadcrumbList","@id":"https:\/\/www.siroco-hvac.com\/es\/difusores-aire-sensyo\/plafonnier\/#breadcrumb","itemListElement":[{"@type":"ListItem","position":1,"name":"Home","item":"https:\/\/www.siroco-hvac.com\/es\/"},{"@type":"ListItem","position":2,"name":"DIFUSOR DE AIRE SENSYO","item":"https:\/\/www.siroco-hvac.com\/es\/difusores-aire-sensyo\/"},{"@type":"ListItem","position":3,"name":"Plafonnier"}]},{"@type":"WebSite","@id":"https:\/\/www.siroco-hvac.com\/es\/#website","url":"https:\/\/www.siroco-hvac.com\/es\/","name":"Siroco","description":"Energize the air","potentialAction":[{"@type":"SearchAction","target":{"@type":"EntryPoint","urlTemplate":"https:\/\/www.siroco-hvac.com\/es\/?s={search_term_string}"},"query-input":{"@type":"PropertyValueSpecification","valueRequired":true,"valueName":"search_term_string"}}],"inLanguage":"es-ES"}]}},"_links":{"self":[{"href":"https:\/\/www.siroco-hvac.com\/es\/wp-json\/wp\/v2\/pages\/19777","targetHints":{"allow":["GET"]}}],"collection":[{"href":"https:\/\/www.siroco-hvac.com\/es\/wp-json\/wp\/v2\/pages"}],"about":[{"href":"https:\/\/www.siroco-hvac.com\/es\/wp-json\/wp\/v2\/types\/page"}],"author":[{"embeddable":true,"href":"https:\/\/www.siroco-hvac.com\/es\/wp-json\/wp\/v2\/users\/13"}],"replies":[{"embeddable":true,"href":"https:\/\/www.siroco-hvac.com\/es\/wp-json\/wp\/v2\/comments?post=19777"}],"version-history":[{"count":0,"href":"https:\/\/www.siroco-hvac.com\/es\/wp-json\/wp\/v2\/pages\/19777\/revisions"}],"up":[{"embeddable":true,"href":"https:\/\/www.siroco-hvac.com\/es\/wp-json\/wp\/v2\/pages\/7990"}],"wp:attachment":[{"href":"https:\/\/www.siroco-hvac.com\/es\/wp-json\/wp\/v2\/media?parent=19777"}],"wp:term":[{"taxonomy":"product_category","embeddable":true,"href":"https:\/\/www.siroco-hvac.com\/es\/wp-json\/wp\/v2\/product_category?post=19777"}],"curies":[{"name":"wp","href":"https:\/\/api.w.org\/{rel}","templated":true}]}}