{"id":13166,"date":"2021-08-25T11:03:58","date_gmt":"2021-08-25T09:03:58","guid":{"rendered":"https:\/\/siroco.pamplemousse.site\/?page_id=13166"},"modified":"2026-04-21T14:53:44","modified_gmt":"2026-04-21T12:53:44","slug":"descargar-el-catalogo","status":"publish","type":"page","link":"https:\/\/www.siroco-hvac.com\/es\/descargar-el-catalogo\/","title":{"rendered":"Descargar el cat\u00e1logo"},"content":{"rendered":"<h3>Acceda a todas las unidades est\u00e1ndar de calefacci\u00f3n, ventilaci\u00f3n y aire acondicionado SIROCO de un vistazo rellenando el siguiente formulario. El cat\u00e1logo se abrir\u00e1 directamente en su navegador despu\u00e9s de enviar el formulario. Si lo desea, tambi\u00e9n puede descargarlo. Para proyectos que requieran un desarrollo personalizado, no dude en ponerse <a href=\"https:\/\/www.siroco-hvac.com\/es\/contacte-con-nosotros\/\">en contacto<\/a> con nosotros.<\/h3>\n","protected":false},"excerpt":{"rendered":"<p>Acceda a todas las unidades est\u00e1ndar de calefacci\u00f3n, ventilaci\u00f3n y aire acondicionado SIROCO de un vistazo rellenando el siguiente formulario&#8230;.<\/p>\n","protected":false},"author":3,"featured_media":12082,"parent":0,"menu_order":12,"comment_status":"closed","ping_status":"closed","template":"","meta":{"_acf_changed":false,"inline_featured_image":false,"footnotes":""},"product_category":[],"class_list":["post-13166","page","type-page","status-publish","has-post-thumbnail","hentry"],"acf":[],"yoast_head":"<!-- This site is optimized with the Yoast SEO plugin v27.4 - https:\/\/yoast.com\/product\/yoast-seo-wordpress\/ -->\n<title>Descargar el cat\u00e1logo - Siroco<\/title>\n<meta name=\"robots\" content=\"index, follow, max-snippet:-1, max-image-preview:large, max-video-preview:-1\" \/>\n<link rel=\"canonical\" href=\"https:\/\/www.siroco-hvac.com\/es\/descargar-el-catalogo\/\" \/>\n<meta property=\"og:locale\" content=\"es_ES\" \/>\n<meta property=\"og:type\" content=\"article\" \/>\n<meta property=\"og:title\" content=\"Descargar el cat\u00e1logo - Siroco\" \/>\n<meta property=\"og:description\" content=\"Acceda a todas las unidades est\u00e1ndar de calefacci\u00f3n, ventilaci\u00f3n y aire acondicionado SIROCO de un vistazo rellenando el siguiente formulario....\" \/>\n<meta property=\"og:url\" content=\"https:\/\/www.siroco-hvac.com\/es\/descargar-el-catalogo\/\" \/>\n<meta property=\"og:site_name\" content=\"Siroco\" \/>\n<meta property=\"article:modified_time\" content=\"2026-04-21T12:53:44+00:00\" \/>\n<meta property=\"og:image\" content=\"https:\/\/www.siroco-hvac.com\/app\/uploads\/2021\/06\/write-us.jpg\" \/>\n\t<meta property=\"og:image:width\" content=\"852\" \/>\n\t<meta property=\"og:image:height\" content=\"480\" \/>\n\t<meta property=\"og:image:type\" content=\"image\/jpeg\" \/>\n<meta name=\"twitter:card\" content=\"summary_large_image\" \/>\n<meta name=\"twitter:label1\" content=\"Est. reading time\" \/>\n\t<meta name=\"twitter:data1\" content=\"1 minute\" \/>\n<script type=\"application\/ld+json\" class=\"yoast-schema-graph\">{\"@context\":\"https:\\\/\\\/schema.org\",\"@graph\":[{\"@type\":\"WebPage\",\"@id\":\"https:\\\/\\\/www.siroco-hvac.com\\\/es\\\/descargar-el-catalogo\\\/\",\"url\":\"https:\\\/\\\/www.siroco-hvac.com\\\/es\\\/descargar-el-catalogo\\\/\",\"name\":\"Descargar el cat\u00e1logo - Siroco\",\"isPartOf\":{\"@id\":\"https:\\\/\\\/www.siroco-hvac.com\\\/es\\\/#website\"},\"primaryImageOfPage\":{\"@id\":\"https:\\\/\\\/www.siroco-hvac.com\\\/es\\\/descargar-el-catalogo\\\/#primaryimage\"},\"image\":{\"@id\":\"https:\\\/\\\/www.siroco-hvac.com\\\/es\\\/descargar-el-catalogo\\\/#primaryimage\"},\"thumbnailUrl\":\"https:\\\/\\\/www.siroco-hvac.com\\\/app\\\/uploads\\\/2021\\\/06\\\/write-us.jpg\",\"datePublished\":\"2021-08-25T09:03:58+00:00\",\"dateModified\":\"2026-04-21T12:53:44+00:00\",\"breadcrumb\":{\"@id\":\"https:\\\/\\\/www.siroco-hvac.com\\\/es\\\/descargar-el-catalogo\\\/#breadcrumb\"},\"inLanguage\":\"es-ES\",\"potentialAction\":[{\"@type\":\"ReadAction\",\"target\":[\"https:\\\/\\\/www.siroco-hvac.com\\\/es\\\/descargar-el-catalogo\\\/\"]}]},{\"@type\":\"ImageObject\",\"inLanguage\":\"es-ES\",\"@id\":\"https:\\\/\\\/www.siroco-hvac.com\\\/es\\\/descargar-el-catalogo\\\/#primaryimage\",\"url\":\"https:\\\/\\\/www.siroco-hvac.com\\\/app\\\/uploads\\\/2021\\\/06\\\/write-us.jpg\",\"contentUrl\":\"https:\\\/\\\/www.siroco-hvac.com\\\/app\\\/uploads\\\/2021\\\/06\\\/write-us.jpg\",\"width\":852,\"height\":480},{\"@type\":\"BreadcrumbList\",\"@id\":\"https:\\\/\\\/www.siroco-hvac.com\\\/es\\\/descargar-el-catalogo\\\/#breadcrumb\",\"itemListElement\":[{\"@type\":\"ListItem\",\"position\":1,\"name\":\"Home\",\"item\":\"https:\\\/\\\/www.siroco-hvac.com\\\/es\\\/\"},{\"@type\":\"ListItem\",\"position\":2,\"name\":\"Descargar el cat\u00e1logo\"}]},{\"@type\":\"WebSite\",\"@id\":\"https:\\\/\\\/www.siroco-hvac.com\\\/es\\\/#website\",\"url\":\"https:\\\/\\\/www.siroco-hvac.com\\\/es\\\/\",\"name\":\"Siroco\",\"description\":\"Energize the air\",\"potentialAction\":[{\"@type\":\"SearchAction\",\"target\":{\"@type\":\"EntryPoint\",\"urlTemplate\":\"https:\\\/\\\/www.siroco-hvac.com\\\/es\\\/?s={search_term_string}\"},\"query-input\":{\"@type\":\"PropertyValueSpecification\",\"valueRequired\":true,\"valueName\":\"search_term_string\"}}],\"inLanguage\":\"es-ES\"}]}<\/script>\n<!-- \/ Yoast SEO plugin. -->","yoast_head_json":{"title":"Descargar el cat\u00e1logo - Siroco","robots":{"index":"index","follow":"follow","max-snippet":"max-snippet:-1","max-image-preview":"max-image-preview:large","max-video-preview":"max-video-preview:-1"},"canonical":"https:\/\/www.siroco-hvac.com\/es\/descargar-el-catalogo\/","og_locale":"es_ES","og_type":"article","og_title":"Descargar el cat\u00e1logo - Siroco","og_description":"Acceda a todas las unidades est\u00e1ndar de calefacci\u00f3n, ventilaci\u00f3n y aire acondicionado SIROCO de un vistazo rellenando el siguiente formulario....","og_url":"https:\/\/www.siroco-hvac.com\/es\/descargar-el-catalogo\/","og_site_name":"Siroco","article_modified_time":"2026-04-21T12:53:44+00:00","og_image":[{"width":852,"height":480,"url":"https:\/\/www.siroco-hvac.com\/app\/uploads\/2021\/06\/write-us.jpg","type":"image\/jpeg"}],"twitter_card":"summary_large_image","twitter_misc":{"Est. reading time":"1 minute"},"schema":{"@context":"https:\/\/schema.org","@graph":[{"@type":"WebPage","@id":"https:\/\/www.siroco-hvac.com\/es\/descargar-el-catalogo\/","url":"https:\/\/www.siroco-hvac.com\/es\/descargar-el-catalogo\/","name":"Descargar el cat\u00e1logo - Siroco","isPartOf":{"@id":"https:\/\/www.siroco-hvac.com\/es\/#website"},"primaryImageOfPage":{"@id":"https:\/\/www.siroco-hvac.com\/es\/descargar-el-catalogo\/#primaryimage"},"image":{"@id":"https:\/\/www.siroco-hvac.com\/es\/descargar-el-catalogo\/#primaryimage"},"thumbnailUrl":"https:\/\/www.siroco-hvac.com\/app\/uploads\/2021\/06\/write-us.jpg","datePublished":"2021-08-25T09:03:58+00:00","dateModified":"2026-04-21T12:53:44+00:00","breadcrumb":{"@id":"https:\/\/www.siroco-hvac.com\/es\/descargar-el-catalogo\/#breadcrumb"},"inLanguage":"es-ES","potentialAction":[{"@type":"ReadAction","target":["https:\/\/www.siroco-hvac.com\/es\/descargar-el-catalogo\/"]}]},{"@type":"ImageObject","inLanguage":"es-ES","@id":"https:\/\/www.siroco-hvac.com\/es\/descargar-el-catalogo\/#primaryimage","url":"https:\/\/www.siroco-hvac.com\/app\/uploads\/2021\/06\/write-us.jpg","contentUrl":"https:\/\/www.siroco-hvac.com\/app\/uploads\/2021\/06\/write-us.jpg","width":852,"height":480},{"@type":"BreadcrumbList","@id":"https:\/\/www.siroco-hvac.com\/es\/descargar-el-catalogo\/#breadcrumb","itemListElement":[{"@type":"ListItem","position":1,"name":"Home","item":"https:\/\/www.siroco-hvac.com\/es\/"},{"@type":"ListItem","position":2,"name":"Descargar el cat\u00e1logo"}]},{"@type":"WebSite","@id":"https:\/\/www.siroco-hvac.com\/es\/#website","url":"https:\/\/www.siroco-hvac.com\/es\/","name":"Siroco","description":"Energize the air","potentialAction":[{"@type":"SearchAction","target":{"@type":"EntryPoint","urlTemplate":"https:\/\/www.siroco-hvac.com\/es\/?s={search_term_string}"},"query-input":{"@type":"PropertyValueSpecification","valueRequired":true,"valueName":"search_term_string"}}],"inLanguage":"es-ES"}]}},"_links":{"self":[{"href":"https:\/\/www.siroco-hvac.com\/es\/wp-json\/wp\/v2\/pages\/13166","targetHints":{"allow":["GET"]}}],"collection":[{"href":"https:\/\/www.siroco-hvac.com\/es\/wp-json\/wp\/v2\/pages"}],"about":[{"href":"https:\/\/www.siroco-hvac.com\/es\/wp-json\/wp\/v2\/types\/page"}],"author":[{"embeddable":true,"href":"https:\/\/www.siroco-hvac.com\/es\/wp-json\/wp\/v2\/users\/3"}],"replies":[{"embeddable":true,"href":"https:\/\/www.siroco-hvac.com\/es\/wp-json\/wp\/v2\/comments?post=13166"}],"version-history":[{"count":4,"href":"https:\/\/www.siroco-hvac.com\/es\/wp-json\/wp\/v2\/pages\/13166\/revisions"}],"predecessor-version":[{"id":22686,"href":"https:\/\/www.siroco-hvac.com\/es\/wp-json\/wp\/v2\/pages\/13166\/revisions\/22686"}],"wp:featuredmedia":[{"embeddable":true,"href":"https:\/\/www.siroco-hvac.com\/es\/wp-json\/wp\/v2\/media\/12082"}],"wp:attachment":[{"href":"https:\/\/www.siroco-hvac.com\/es\/wp-json\/wp\/v2\/media?parent=13166"}],"wp:term":[{"taxonomy":"product_category","embeddable":true,"href":"https:\/\/www.siroco-hvac.com\/es\/wp-json\/wp\/v2\/product_category?post=13166"}],"curies":[{"name":"wp","href":"https:\/\/api.w.org\/{rel}","templated":true}]}}