{"id":8074,"date":"2021-02-02T10:39:47","date_gmt":"2021-02-02T09:39:47","guid":{"rendered":"https:\/\/siroco.pamplemousse.site\/solution-sur-mesure\/"},"modified":"2025-07-07T14:30:11","modified_gmt":"2025-07-07T12:30:11","slug":"massgeschneiderte-loesungen","status":"publish","type":"page","link":"https:\/\/www.siroco-hvac.com\/de\/massgeschneiderte-loesungen\/","title":{"rendered":"Kundenspezifische L\u00f6sungen"},"content":{"rendered":"","protected":false},"excerpt":{"rendered":"","protected":false},"author":1,"featured_media":4269,"parent":0,"menu_order":2,"comment_status":"closed","ping_status":"closed","template":"","meta":{"_acf_changed":false,"inline_featured_image":false,"footnotes":""},"product_category":[],"class_list":["post-8074","page","type-page","status-publish","has-post-thumbnail","hentry"],"acf":[],"yoast_head":"<!-- This site is optimized with the Yoast SEO plugin v27.4 - https:\/\/yoast.com\/product\/yoast-seo-wordpress\/ -->\n<title>Kundenspezifische L\u00f6sungen - Siroco<\/title>\n<meta name=\"description\" content=\"Das Know-how und die F\u00e4higkeit von SIROCO ENGINEERING, optimale, komplette und ma\u00dfgeschneiderte Heizungs- und Klimatisierungssysteme f\u00fcr den thermischen Komfort in der Kabine zu konzipieren und zu entwickeln.\" \/>\n<meta name=\"robots\" content=\"index, follow, max-snippet:-1, max-image-preview:large, max-video-preview:-1\" \/>\n<link rel=\"canonical\" href=\"https:\/\/www.siroco-hvac.com\/de\/massgeschneiderte-loesungen\/\" \/>\n<meta property=\"og:locale\" content=\"de_DE\" \/>\n<meta property=\"og:type\" content=\"article\" \/>\n<meta property=\"og:title\" content=\"Kundenspezifische L\u00f6sungen - Siroco\" \/>\n<meta property=\"og:description\" content=\"Das Know-how und die F\u00e4higkeit von SIROCO ENGINEERING, optimale, komplette und ma\u00dfgeschneiderte Heizungs- und Klimatisierungssysteme f\u00fcr den thermischen Komfort in der Kabine zu konzipieren und zu entwickeln.\" \/>\n<meta property=\"og:url\" content=\"https:\/\/www.siroco-hvac.com\/de\/massgeschneiderte-loesungen\/\" \/>\n<meta property=\"og:site_name\" content=\"Siroco\" \/>\n<meta property=\"article:modified_time\" content=\"2025-07-07T12:30:11+00:00\" \/>\n<meta property=\"og:image\" content=\"https:\/\/www.siroco-hvac.com\/app\/uploads\/2021\/04\/img-8949.jpg\" \/>\n\t<meta property=\"og:image:width\" content=\"1140\" \/>\n\t<meta property=\"og:image:height\" content=\"400\" \/>\n\t<meta property=\"og:image:type\" content=\"image\/jpeg\" \/>\n<meta name=\"twitter:card\" content=\"summary_large_image\" \/>\n<meta name=\"twitter:label1\" content=\"Est. reading time\" \/>\n\t<meta name=\"twitter:data1\" content=\"1 minute\" \/>\n<script type=\"application\/ld+json\" class=\"yoast-schema-graph\">{\"@context\":\"https:\\\/\\\/schema.org\",\"@graph\":[{\"@type\":\"WebPage\",\"@id\":\"https:\\\/\\\/www.siroco-hvac.com\\\/de\\\/massgeschneiderte-loesungen\\\/\",\"url\":\"https:\\\/\\\/www.siroco-hvac.com\\\/de\\\/massgeschneiderte-loesungen\\\/\",\"name\":\"Kundenspezifische L\u00f6sungen - Siroco\",\"isPartOf\":{\"@id\":\"https:\\\/\\\/www.siroco-hvac.com\\\/de\\\/#website\"},\"primaryImageOfPage\":{\"@id\":\"https:\\\/\\\/www.siroco-hvac.com\\\/de\\\/massgeschneiderte-loesungen\\\/#primaryimage\"},\"image\":{\"@id\":\"https:\\\/\\\/www.siroco-hvac.com\\\/de\\\/massgeschneiderte-loesungen\\\/#primaryimage\"},\"thumbnailUrl\":\"https:\\\/\\\/www.siroco-hvac.com\\\/app\\\/uploads\\\/2021\\\/04\\\/img-8949.jpg\",\"datePublished\":\"2021-02-02T09:39:47+00:00\",\"dateModified\":\"2025-07-07T12:30:11+00:00\",\"description\":\"Das Know-how und die F\u00e4higkeit von SIROCO ENGINEERING, optimale, komplette und ma\u00dfgeschneiderte Heizungs- und Klimatisierungssysteme f\u00fcr den thermischen Komfort in der Kabine zu konzipieren und zu entwickeln.\",\"breadcrumb\":{\"@id\":\"https:\\\/\\\/www.siroco-hvac.com\\\/de\\\/massgeschneiderte-loesungen\\\/#breadcrumb\"},\"inLanguage\":\"de-DE\",\"potentialAction\":[{\"@type\":\"ReadAction\",\"target\":[\"https:\\\/\\\/www.siroco-hvac.com\\\/de\\\/massgeschneiderte-loesungen\\\/\"]}]},{\"@type\":\"ImageObject\",\"inLanguage\":\"de-DE\",\"@id\":\"https:\\\/\\\/www.siroco-hvac.com\\\/de\\\/massgeschneiderte-loesungen\\\/#primaryimage\",\"url\":\"https:\\\/\\\/www.siroco-hvac.com\\\/app\\\/uploads\\\/2021\\\/04\\\/img-8949.jpg\",\"contentUrl\":\"https:\\\/\\\/www.siroco-hvac.com\\\/app\\\/uploads\\\/2021\\\/04\\\/img-8949.jpg\",\"width\":1140,\"height\":400},{\"@type\":\"BreadcrumbList\",\"@id\":\"https:\\\/\\\/www.siroco-hvac.com\\\/de\\\/massgeschneiderte-loesungen\\\/#breadcrumb\",\"itemListElement\":[{\"@type\":\"ListItem\",\"position\":1,\"name\":\"Home\",\"item\":\"https:\\\/\\\/www.siroco-hvac.com\\\/de\\\/\"},{\"@type\":\"ListItem\",\"position\":2,\"name\":\"Kundenspezifische L\u00f6sungen\"}]},{\"@type\":\"WebSite\",\"@id\":\"https:\\\/\\\/www.siroco-hvac.com\\\/de\\\/#website\",\"url\":\"https:\\\/\\\/www.siroco-hvac.com\\\/de\\\/\",\"name\":\"Siroco\",\"description\":\"Energize the air\",\"potentialAction\":[{\"@type\":\"SearchAction\",\"target\":{\"@type\":\"EntryPoint\",\"urlTemplate\":\"https:\\\/\\\/www.siroco-hvac.com\\\/de\\\/?s={search_term_string}\"},\"query-input\":{\"@type\":\"PropertyValueSpecification\",\"valueRequired\":true,\"valueName\":\"search_term_string\"}}],\"inLanguage\":\"de-DE\"}]}<\/script>\n<!-- \/ Yoast SEO plugin. -->","yoast_head_json":{"title":"Kundenspezifische L\u00f6sungen - Siroco","description":"Das Know-how und die F\u00e4higkeit von SIROCO ENGINEERING, optimale, komplette und ma\u00dfgeschneiderte Heizungs- und Klimatisierungssysteme f\u00fcr den thermischen Komfort in der Kabine zu konzipieren und zu entwickeln.","robots":{"index":"index","follow":"follow","max-snippet":"max-snippet:-1","max-image-preview":"max-image-preview:large","max-video-preview":"max-video-preview:-1"},"canonical":"https:\/\/www.siroco-hvac.com\/de\/massgeschneiderte-loesungen\/","og_locale":"de_DE","og_type":"article","og_title":"Kundenspezifische L\u00f6sungen - Siroco","og_description":"Das Know-how und die F\u00e4higkeit von SIROCO ENGINEERING, optimale, komplette und ma\u00dfgeschneiderte Heizungs- und Klimatisierungssysteme f\u00fcr den thermischen Komfort in der Kabine zu konzipieren und zu entwickeln.","og_url":"https:\/\/www.siroco-hvac.com\/de\/massgeschneiderte-loesungen\/","og_site_name":"Siroco","article_modified_time":"2025-07-07T12:30:11+00:00","og_image":[{"width":1140,"height":400,"url":"https:\/\/www.siroco-hvac.com\/app\/uploads\/2021\/04\/img-8949.jpg","type":"image\/jpeg"}],"twitter_card":"summary_large_image","twitter_misc":{"Est. reading time":"1 minute"},"schema":{"@context":"https:\/\/schema.org","@graph":[{"@type":"WebPage","@id":"https:\/\/www.siroco-hvac.com\/de\/massgeschneiderte-loesungen\/","url":"https:\/\/www.siroco-hvac.com\/de\/massgeschneiderte-loesungen\/","name":"Kundenspezifische L\u00f6sungen - Siroco","isPartOf":{"@id":"https:\/\/www.siroco-hvac.com\/de\/#website"},"primaryImageOfPage":{"@id":"https:\/\/www.siroco-hvac.com\/de\/massgeschneiderte-loesungen\/#primaryimage"},"image":{"@id":"https:\/\/www.siroco-hvac.com\/de\/massgeschneiderte-loesungen\/#primaryimage"},"thumbnailUrl":"https:\/\/www.siroco-hvac.com\/app\/uploads\/2021\/04\/img-8949.jpg","datePublished":"2021-02-02T09:39:47+00:00","dateModified":"2025-07-07T12:30:11+00:00","description":"Das Know-how und die F\u00e4higkeit von SIROCO ENGINEERING, optimale, komplette und ma\u00dfgeschneiderte Heizungs- und Klimatisierungssysteme f\u00fcr den thermischen Komfort in der Kabine zu konzipieren und zu entwickeln.","breadcrumb":{"@id":"https:\/\/www.siroco-hvac.com\/de\/massgeschneiderte-loesungen\/#breadcrumb"},"inLanguage":"de-DE","potentialAction":[{"@type":"ReadAction","target":["https:\/\/www.siroco-hvac.com\/de\/massgeschneiderte-loesungen\/"]}]},{"@type":"ImageObject","inLanguage":"de-DE","@id":"https:\/\/www.siroco-hvac.com\/de\/massgeschneiderte-loesungen\/#primaryimage","url":"https:\/\/www.siroco-hvac.com\/app\/uploads\/2021\/04\/img-8949.jpg","contentUrl":"https:\/\/www.siroco-hvac.com\/app\/uploads\/2021\/04\/img-8949.jpg","width":1140,"height":400},{"@type":"BreadcrumbList","@id":"https:\/\/www.siroco-hvac.com\/de\/massgeschneiderte-loesungen\/#breadcrumb","itemListElement":[{"@type":"ListItem","position":1,"name":"Home","item":"https:\/\/www.siroco-hvac.com\/de\/"},{"@type":"ListItem","position":2,"name":"Kundenspezifische L\u00f6sungen"}]},{"@type":"WebSite","@id":"https:\/\/www.siroco-hvac.com\/de\/#website","url":"https:\/\/www.siroco-hvac.com\/de\/","name":"Siroco","description":"Energize the air","potentialAction":[{"@type":"SearchAction","target":{"@type":"EntryPoint","urlTemplate":"https:\/\/www.siroco-hvac.com\/de\/?s={search_term_string}"},"query-input":{"@type":"PropertyValueSpecification","valueRequired":true,"valueName":"search_term_string"}}],"inLanguage":"de-DE"}]}},"_links":{"self":[{"href":"https:\/\/www.siroco-hvac.com\/de\/wp-json\/wp\/v2\/pages\/8074","targetHints":{"allow":["GET"]}}],"collection":[{"href":"https:\/\/www.siroco-hvac.com\/de\/wp-json\/wp\/v2\/pages"}],"about":[{"href":"https:\/\/www.siroco-hvac.com\/de\/wp-json\/wp\/v2\/types\/page"}],"author":[{"embeddable":true,"href":"https:\/\/www.siroco-hvac.com\/de\/wp-json\/wp\/v2\/users\/1"}],"replies":[{"embeddable":true,"href":"https:\/\/www.siroco-hvac.com\/de\/wp-json\/wp\/v2\/comments?post=8074"}],"version-history":[{"count":5,"href":"https:\/\/www.siroco-hvac.com\/de\/wp-json\/wp\/v2\/pages\/8074\/revisions"}],"predecessor-version":[{"id":21761,"href":"https:\/\/www.siroco-hvac.com\/de\/wp-json\/wp\/v2\/pages\/8074\/revisions\/21761"}],"wp:featuredmedia":[{"embeddable":true,"href":"https:\/\/www.siroco-hvac.com\/de\/wp-json\/wp\/v2\/media\/4269"}],"wp:attachment":[{"href":"https:\/\/www.siroco-hvac.com\/de\/wp-json\/wp\/v2\/media?parent=8074"}],"wp:term":[{"taxonomy":"product_category","embeddable":true,"href":"https:\/\/www.siroco-hvac.com\/de\/wp-json\/wp\/v2\/product_category?post=8074"}],"curies":[{"name":"wp","href":"https:\/\/api.w.org\/{rel}","templated":true}]}}