{"id":8061,"date":"2021-02-02T10:40:49","date_gmt":"2021-02-02T09:40:49","guid":{"rendered":"https:\/\/siroco.pamplemousse.site\/contact\/"},"modified":"2025-06-12T10:03:36","modified_gmt":"2025-06-12T08:03:36","slug":"kontakt","status":"publish","type":"page","link":"https:\/\/www.siroco-hvac.com\/de\/kontakt\/","title":{"rendered":"KONTAKTIERE UNS"},"content":{"rendered":"<h2>Haben Sie Fragen, ben\u00f6tigen Sie einen Kostenvoranschlag oder m\u00f6chten Sie Informationen erhalten? F\u00fcllen Sie einfach das Kontaktformular aus \u2013 unser Team k\u00fcmmert sich gerne um Ihr Anliegen!<\/h2>\n","protected":false},"excerpt":{"rendered":"<p>Haben Sie Fragen, ben\u00f6tigen Sie einen Kostenvoranschlag oder m\u00f6chten Sie Informationen erhalten? F\u00fcllen Sie einfach das Kontaktformular aus \u2013 unser&#8230;<\/p>\n","protected":false},"author":1,"featured_media":12080,"parent":0,"menu_order":13,"comment_status":"closed","ping_status":"closed","template":"views\/contact.blade.php","meta":{"_acf_changed":false,"inline_featured_image":false,"footnotes":""},"product_category":[],"class_list":["post-8061","page","type-page","status-publish","has-post-thumbnail","hentry"],"acf":[],"yoast_head":"<!-- This site is optimized with the Yoast SEO plugin v27.3 - https:\/\/yoast.com\/product\/yoast-seo-wordpress\/ -->\n<title>KONTAKTIERE UNS - Siroco<\/title>\n<meta name=\"description\" content=\"Gesch\u00e4ftsstelle +33 (0)4 78 90 96 96 - Sylvain REYDELLET. Verwaltungsdirektor - Julien BROCHIER. Verkaufsdirektor - Reda RACHIDI. Verkaufsleiter Export\" \/>\n<meta name=\"robots\" content=\"index, follow, max-snippet:-1, max-image-preview:large, max-video-preview:-1\" \/>\n<link rel=\"canonical\" href=\"https:\/\/www.siroco-hvac.com\/de\/kontakt\/\" \/>\n<meta property=\"og:locale\" content=\"de_DE\" \/>\n<meta property=\"og:type\" content=\"article\" \/>\n<meta property=\"og:title\" content=\"KONTAKTIERE UNS - Siroco\" \/>\n<meta property=\"og:description\" content=\"Gesch\u00e4ftsstelle +33 (0)4 78 90 96 96 - Sylvain REYDELLET. Verwaltungsdirektor - Julien BROCHIER. Verkaufsdirektor - Reda RACHIDI. Verkaufsleiter Export\" \/>\n<meta property=\"og:url\" content=\"https:\/\/www.siroco-hvac.com\/de\/kontakt\/\" \/>\n<meta property=\"og:site_name\" content=\"Siroco\" \/>\n<meta property=\"article:modified_time\" content=\"2025-06-12T08:03:36+00:00\" \/>\n<meta property=\"og:image\" content=\"https:\/\/www.siroco-hvac.com\/app\/uploads\/2021\/06\/write-us.jpg\" \/>\n\t<meta property=\"og:image:width\" content=\"852\" \/>\n\t<meta property=\"og:image:height\" content=\"480\" \/>\n\t<meta property=\"og:image:type\" content=\"image\/jpeg\" \/>\n<meta name=\"twitter:card\" content=\"summary_large_image\" \/>\n<meta name=\"twitter:label1\" content=\"Est. reading time\" \/>\n\t<meta name=\"twitter:data1\" content=\"1 minute\" \/>\n<script type=\"application\/ld+json\" class=\"yoast-schema-graph\">{\"@context\":\"https:\\\/\\\/schema.org\",\"@graph\":[{\"@type\":\"WebPage\",\"@id\":\"https:\\\/\\\/www.siroco-hvac.com\\\/de\\\/kontakt\\\/\",\"url\":\"https:\\\/\\\/www.siroco-hvac.com\\\/de\\\/kontakt\\\/\",\"name\":\"KONTAKTIERE UNS - Siroco\",\"isPartOf\":{\"@id\":\"https:\\\/\\\/www.siroco-hvac.com\\\/de\\\/#website\"},\"primaryImageOfPage\":{\"@id\":\"https:\\\/\\\/www.siroco-hvac.com\\\/de\\\/kontakt\\\/#primaryimage\"},\"image\":{\"@id\":\"https:\\\/\\\/www.siroco-hvac.com\\\/de\\\/kontakt\\\/#primaryimage\"},\"thumbnailUrl\":\"https:\\\/\\\/www.siroco-hvac.com\\\/app\\\/uploads\\\/2021\\\/06\\\/write-us.jpg\",\"datePublished\":\"2021-02-02T09:40:49+00:00\",\"dateModified\":\"2025-06-12T08:03:36+00:00\",\"description\":\"Gesch\u00e4ftsstelle +33 (0)4 78 90 96 96 - Sylvain REYDELLET. Verwaltungsdirektor - Julien BROCHIER. Verkaufsdirektor - Reda RACHIDI. Verkaufsleiter Export\",\"breadcrumb\":{\"@id\":\"https:\\\/\\\/www.siroco-hvac.com\\\/de\\\/kontakt\\\/#breadcrumb\"},\"inLanguage\":\"de-DE\",\"potentialAction\":[{\"@type\":\"ReadAction\",\"target\":[\"https:\\\/\\\/www.siroco-hvac.com\\\/de\\\/kontakt\\\/\"]}]},{\"@type\":\"ImageObject\",\"inLanguage\":\"de-DE\",\"@id\":\"https:\\\/\\\/www.siroco-hvac.com\\\/de\\\/kontakt\\\/#primaryimage\",\"url\":\"https:\\\/\\\/www.siroco-hvac.com\\\/app\\\/uploads\\\/2021\\\/06\\\/write-us.jpg\",\"contentUrl\":\"https:\\\/\\\/www.siroco-hvac.com\\\/app\\\/uploads\\\/2021\\\/06\\\/write-us.jpg\",\"width\":852,\"height\":480},{\"@type\":\"BreadcrumbList\",\"@id\":\"https:\\\/\\\/www.siroco-hvac.com\\\/de\\\/kontakt\\\/#breadcrumb\",\"itemListElement\":[{\"@type\":\"ListItem\",\"position\":1,\"name\":\"Home\",\"item\":\"https:\\\/\\\/www.siroco-hvac.com\\\/de\\\/\"},{\"@type\":\"ListItem\",\"position\":2,\"name\":\"KONTAKTIERE UNS\"}]},{\"@type\":\"WebSite\",\"@id\":\"https:\\\/\\\/www.siroco-hvac.com\\\/de\\\/#website\",\"url\":\"https:\\\/\\\/www.siroco-hvac.com\\\/de\\\/\",\"name\":\"Siroco\",\"description\":\"Energize the air\",\"potentialAction\":[{\"@type\":\"SearchAction\",\"target\":{\"@type\":\"EntryPoint\",\"urlTemplate\":\"https:\\\/\\\/www.siroco-hvac.com\\\/de\\\/?s={search_term_string}\"},\"query-input\":{\"@type\":\"PropertyValueSpecification\",\"valueRequired\":true,\"valueName\":\"search_term_string\"}}],\"inLanguage\":\"de-DE\"}]}<\/script>\n<!-- \/ Yoast SEO plugin. -->","yoast_head_json":{"title":"KONTAKTIERE UNS - Siroco","description":"Gesch\u00e4ftsstelle +33 (0)4 78 90 96 96 - Sylvain REYDELLET. Verwaltungsdirektor - Julien BROCHIER. Verkaufsdirektor - Reda RACHIDI. Verkaufsleiter Export","robots":{"index":"index","follow":"follow","max-snippet":"max-snippet:-1","max-image-preview":"max-image-preview:large","max-video-preview":"max-video-preview:-1"},"canonical":"https:\/\/www.siroco-hvac.com\/de\/kontakt\/","og_locale":"de_DE","og_type":"article","og_title":"KONTAKTIERE UNS - Siroco","og_description":"Gesch\u00e4ftsstelle +33 (0)4 78 90 96 96 - Sylvain REYDELLET. Verwaltungsdirektor - Julien BROCHIER. Verkaufsdirektor - Reda RACHIDI. Verkaufsleiter Export","og_url":"https:\/\/www.siroco-hvac.com\/de\/kontakt\/","og_site_name":"Siroco","article_modified_time":"2025-06-12T08:03:36+00:00","og_image":[{"width":852,"height":480,"url":"https:\/\/www.siroco-hvac.com\/app\/uploads\/2021\/06\/write-us.jpg","type":"image\/jpeg"}],"twitter_card":"summary_large_image","twitter_misc":{"Est. reading time":"1 minute"},"schema":{"@context":"https:\/\/schema.org","@graph":[{"@type":"WebPage","@id":"https:\/\/www.siroco-hvac.com\/de\/kontakt\/","url":"https:\/\/www.siroco-hvac.com\/de\/kontakt\/","name":"KONTAKTIERE UNS - Siroco","isPartOf":{"@id":"https:\/\/www.siroco-hvac.com\/de\/#website"},"primaryImageOfPage":{"@id":"https:\/\/www.siroco-hvac.com\/de\/kontakt\/#primaryimage"},"image":{"@id":"https:\/\/www.siroco-hvac.com\/de\/kontakt\/#primaryimage"},"thumbnailUrl":"https:\/\/www.siroco-hvac.com\/app\/uploads\/2021\/06\/write-us.jpg","datePublished":"2021-02-02T09:40:49+00:00","dateModified":"2025-06-12T08:03:36+00:00","description":"Gesch\u00e4ftsstelle +33 (0)4 78 90 96 96 - Sylvain REYDELLET. Verwaltungsdirektor - Julien BROCHIER. Verkaufsdirektor - Reda RACHIDI. Verkaufsleiter Export","breadcrumb":{"@id":"https:\/\/www.siroco-hvac.com\/de\/kontakt\/#breadcrumb"},"inLanguage":"de-DE","potentialAction":[{"@type":"ReadAction","target":["https:\/\/www.siroco-hvac.com\/de\/kontakt\/"]}]},{"@type":"ImageObject","inLanguage":"de-DE","@id":"https:\/\/www.siroco-hvac.com\/de\/kontakt\/#primaryimage","url":"https:\/\/www.siroco-hvac.com\/app\/uploads\/2021\/06\/write-us.jpg","contentUrl":"https:\/\/www.siroco-hvac.com\/app\/uploads\/2021\/06\/write-us.jpg","width":852,"height":480},{"@type":"BreadcrumbList","@id":"https:\/\/www.siroco-hvac.com\/de\/kontakt\/#breadcrumb","itemListElement":[{"@type":"ListItem","position":1,"name":"Home","item":"https:\/\/www.siroco-hvac.com\/de\/"},{"@type":"ListItem","position":2,"name":"KONTAKTIERE UNS"}]},{"@type":"WebSite","@id":"https:\/\/www.siroco-hvac.com\/de\/#website","url":"https:\/\/www.siroco-hvac.com\/de\/","name":"Siroco","description":"Energize the air","potentialAction":[{"@type":"SearchAction","target":{"@type":"EntryPoint","urlTemplate":"https:\/\/www.siroco-hvac.com\/de\/?s={search_term_string}"},"query-input":{"@type":"PropertyValueSpecification","valueRequired":true,"valueName":"search_term_string"}}],"inLanguage":"de-DE"}]}},"_links":{"self":[{"href":"https:\/\/www.siroco-hvac.com\/de\/wp-json\/wp\/v2\/pages\/8061","targetHints":{"allow":["GET"]}}],"collection":[{"href":"https:\/\/www.siroco-hvac.com\/de\/wp-json\/wp\/v2\/pages"}],"about":[{"href":"https:\/\/www.siroco-hvac.com\/de\/wp-json\/wp\/v2\/types\/page"}],"author":[{"embeddable":true,"href":"https:\/\/www.siroco-hvac.com\/de\/wp-json\/wp\/v2\/users\/1"}],"replies":[{"embeddable":true,"href":"https:\/\/www.siroco-hvac.com\/de\/wp-json\/wp\/v2\/comments?post=8061"}],"version-history":[{"count":6,"href":"https:\/\/www.siroco-hvac.com\/de\/wp-json\/wp\/v2\/pages\/8061\/revisions"}],"predecessor-version":[{"id":21625,"href":"https:\/\/www.siroco-hvac.com\/de\/wp-json\/wp\/v2\/pages\/8061\/revisions\/21625"}],"wp:featuredmedia":[{"embeddable":true,"href":"https:\/\/www.siroco-hvac.com\/de\/wp-json\/wp\/v2\/media\/12080"}],"wp:attachment":[{"href":"https:\/\/www.siroco-hvac.com\/de\/wp-json\/wp\/v2\/media?parent=8061"}],"wp:term":[{"taxonomy":"product_category","embeddable":true,"href":"https:\/\/www.siroco-hvac.com\/de\/wp-json\/wp\/v2\/product_category?post=8061"}],"curies":[{"name":"wp","href":"https:\/\/api.w.org\/{rel}","templated":true}]}}