{"id":8038,"date":"2021-02-02T10:45:13","date_gmt":"2021-02-02T09:45:13","guid":{"rendered":"https:\/\/siroco.pamplemousse.site\/mentions-legales\/"},"modified":"2024-10-08T12:21:52","modified_gmt":"2024-10-08T10:21:52","slug":"mentions-legales","status":"publish","type":"page","link":"https:\/\/www.siroco-hvac.com\/de\/mentions-legales\/","title":{"rendered":"Rechtlicher Hinweis"},"content":{"rendered":"<ol>\n<li><strong>Verantwortlich f\u00fcr die Ver\u00f6ffentlichung<\/strong><\/li>\n<\/ol>\n<p>SIROCO HVAC<\/p>\n<p>4 rue Lavoisier<\/p>\n<p>69680 Chassieu \u2022 France<\/p>\n<p>Telefon: +33 (0)4.78.90.96.96<\/p>\n<p>RCS Lyon \/ Siret 411 144 660 00015 \/ APE 2825Z<\/p>\n<p>&nbsp;<\/p>\n<ol start=\"2\">\n<li><strong>Host<\/strong><\/li>\n<\/ol>\n<p><strong>nyut\u014dn<\/strong><\/p>\n<p><a href=\"https:\/\/nyuton.fr\/\" target=\"_blank\" rel=\"noopener\">Agence conseil digital<\/a><\/p>\n<p>196 grande rue 69600 Oullins<\/p>\n<p>Website : <a href=\"https:\/\/nyuton.fr\/\" target=\"_blank\" rel=\"noopener\">nyuton.fr<\/a><\/p>\n<p>&nbsp;<\/p>\n<ol start=\"3\">\n<li><strong>Credits<\/strong><\/li>\n<\/ol>\n<p><strong>nyut\u014dn<\/strong><\/p>\n<p><a href=\"https:\/\/nyuton.fr\/\" target=\"_blank\" rel=\"noopener\">Agence conseil digital<\/a><\/p>\n<p>196 grande rue 69600 Oullins<\/p>\n<p>Website : <a href=\"https:\/\/nyuton.fr\/\" target=\"_blank\" rel=\"noopener\">nyuton.fr<\/a><\/p>\n<p>&nbsp;<\/p>\n<ol start=\"4\">\n<li><strong>Hyperlinks<\/strong><\/li>\n<\/ol>\n<p>SIROCO-HVAC.COM kann Hypertext-Links zu anderen Websites im Internet enthalten. Links zu diesen anderen Ressourcen k\u00f6nnen dazu f\u00fchren, dass Sie die Website verlassen und ein neues Browserfenster \u00f6ffnen.<\/p>\n<p>Da diese Websites nicht von SIROCO-HVAC.COM bearbeitet werden, kann der Herausgeber der Ver\u00f6ffentlichung nicht f\u00fcr den Inhalt der Websites verantwortlich gemacht werden, auf die der Benutzer Zugriff hat.<\/p>\n<p>SIROCO-HVAC.COM beh\u00e4lt sich in jedem Fall das Recht vor, die Entfernung eines Links zu SIROCO-HVAC.COM zu verlangen, wenn wir der Meinung sind, dass dieser nicht mit dem Zweck der Website vereinbar ist.<\/p>\n<p>&nbsp;<\/p>\n<ol start=\"5\">\n<li><strong>Cookies<\/strong><\/li>\n<\/ol>\n<p>SIROCO-HVAC.COM verwendet Cookies, um Ihnen ein optimales Benutzererlebnis zu bieten. In der Praxis erm\u00f6glichen Cookies Ihre Authentifizierung und k\u00f6nnen Ihre Pr\u00e4ferenzen speichern. Sie erm\u00f6glichen es uns auch, allgemeine Statistiken \u00fcber den Website-Verkehr zu erstellen und Ihnen relevante Werbung bereitzustellen.<\/p>\n<p>Ein Cookie ist ein Datenelement, das auf Ihrem Computer, Tablet oder Mobiltelefon abgelegt wird, wenn Sie eine Website durchsuchen. Ihr Zweck besteht darin, Informationen \u00fcber Ihr Surfverhalten zu sammeln und Ihnen an Ihr Endger\u00e4t angepasste Dienste zu senden. Au\u00dferdem k\u00f6nnen wir so die Art und Weise verbessern, wie Sie von der Website profitieren, und sicherstellen, dass die online angezeigten Anzeigen und Angebote m\u00f6glichst genau auf Sie zugeschnitten sind. Cookies werden von Ihrem Webbrowser verwaltet.<\/p>\n<p>Weitere Informationen finden Sie auf der CNIL-Website unter der folgenden Adresse: <a href=\"https:\/\/www.cnil.fr\/en\">https:\/\/www.cnil.fr\/fr\/cookies-traceurs-que-dit-la-loi<\/a><\/p>\n<p>&nbsp;<\/p>\n<ol start=\"6\">\n<li><strong>Data<\/strong><\/li>\n<\/ol>\n<p>Die Informationen, die wir auf dieser Website sammeln, stammen aus der freiwilligen Registrierung der vom Internetnutzer bereitgestellten Elemente und Kriterien, die es ihm\/ihr erm\u00f6glichen, Dokumentationen zu erhalten und\/oder Informationen zu jedem beliebigen Punkt zu erhalten.<\/p>\n<p>Diese Informationen werden zur Bearbeitung von Anfragen verwendet und sind ausschlie\u00dflich f\u00fcr die Nutzung durch SIROCO HVAC und seine Partner (Websites, Portale, Finanzinstitute usw.) bestimmt. Eine Weitergabe an Dritte erfolgt nicht.<\/p>\n<p>Mit einem Sternchen gekennzeichnete Angaben sind Pflichtfelder. Wenn der Internetnutzer diese Informationen nicht angeben m\u00f6chte, k\u00f6nnen wir die Anfrage nicht bearbeiten.<\/p>\n<p>Gem\u00e4\u00df dem Gesetz \u201eInformatique et Libert\u00e9s\u201c vom 06.01.1978 hat jeder Internetnutzer ein Recht auf Zugang, Berichtigung und Widerspruch zu den ihn betreffenden Informationen, das per Post an SIROCO-HVAC.COM ausge\u00fcbt werden kann. 4 rue Lavoisier 69680 Chassieu \u2013 Frankreich, unter Angabe seines Namens, Vornamens, vollst\u00e4ndiger Postanschrift und E-Mail-Adresse.<\/p>\n<p>Die gesamte Website unterliegt der franz\u00f6sischen und internationalen Gesetzgebung zum Urheberrecht und zum geistigen Eigentum.<\/p>\n<p>Jegliche Darstellung, Vervielf\u00e4ltigung, \u00c4nderung, kommerzielle Nutzung sowie jegliche \u00dcbertragung auf eine andere Website sind verboten, es sei denn, es liegt eine Genehmigung vor, die per Post an die oben angegebene Adresse angefordert werden muss.<\/p>\n<p>SIROCO-HVAC.COM ist nicht verantwortlich f\u00fcr den Inhalt anderer Websites, die mit dieser Website verlinkt sind.<\/p>\n<p>Jede nat\u00fcrliche oder juristische Person, die einen Link (Adresse ihrer Website) von unserer Website aus einrichten m\u00f6chte, muss zun\u00e4chst eine Genehmigung einholen.<\/p>\n<p>Mit Ausnahme von Websites, die Informationen und\/oder Inhalte illegaler und\/oder religi\u00f6ser, politischer, pornografischer oder fremdenfeindlicher Art verbreiten, ist die Einrichtung eines Links zu unserer Website zul\u00e4ssig, sofern es sich um einen Link zur Homepage von handelt der Website und dass dieser Link die Website in einem neuen Browserfenster mit der Adresse http:\/\/www.siroco-hvac.com \u00f6ffnet<\/p>\n","protected":false},"excerpt":{"rendered":"<p>Verantwortlich f\u00fcr die Ver\u00f6ffentlichung SIROCO HVAC 4 rue Lavoisier 69680 Chassieu \u2022 France Telefon: +33 (0)4.78.90.96.96 RCS Lyon \/ Siret&#8230;<\/p>\n","protected":false},"author":1,"featured_media":0,"parent":0,"menu_order":20,"comment_status":"closed","ping_status":"closed","template":"","meta":{"_acf_changed":false,"inline_featured_image":false,"footnotes":""},"product_category":[],"class_list":["post-8038","page","type-page","status-publish","hentry"],"acf":[],"yoast_head":"<!-- This site is optimized with the Yoast SEO plugin v27.3 - https:\/\/yoast.com\/product\/yoast-seo-wordpress\/ -->\n<title>Rechtlicher Hinweis - Siroco<\/title>\n<meta name=\"robots\" content=\"index, follow, max-snippet:-1, max-image-preview:large, max-video-preview:-1\" \/>\n<link rel=\"canonical\" href=\"https:\/\/www.siroco-hvac.com\/de\/mentions-legales\/\" \/>\n<meta property=\"og:locale\" content=\"de_DE\" \/>\n<meta property=\"og:type\" content=\"article\" \/>\n<meta property=\"og:title\" content=\"Rechtlicher Hinweis - Siroco\" \/>\n<meta property=\"og:description\" content=\"Verantwortlich f\u00fcr die Ver\u00f6ffentlichung SIROCO HVAC 4 rue Lavoisier 69680 Chassieu \u2022 France Telefon: +33 (0)4.78.90.96.96 RCS Lyon \/ Siret...\" \/>\n<meta property=\"og:url\" content=\"https:\/\/www.siroco-hvac.com\/de\/mentions-legales\/\" \/>\n<meta property=\"og:site_name\" content=\"Siroco\" \/>\n<meta property=\"article:modified_time\" content=\"2024-10-08T10:21:52+00:00\" \/>\n<meta name=\"twitter:card\" content=\"summary_large_image\" \/>\n<meta name=\"twitter:label1\" content=\"Est. reading time\" \/>\n\t<meta name=\"twitter:data1\" content=\"3 minutes\" \/>\n<script type=\"application\/ld+json\" class=\"yoast-schema-graph\">{\"@context\":\"https:\\\/\\\/schema.org\",\"@graph\":[{\"@type\":\"WebPage\",\"@id\":\"https:\\\/\\\/www.siroco-hvac.com\\\/de\\\/mentions-legales\\\/\",\"url\":\"https:\\\/\\\/www.siroco-hvac.com\\\/de\\\/mentions-legales\\\/\",\"name\":\"Rechtlicher Hinweis - Siroco\",\"isPartOf\":{\"@id\":\"https:\\\/\\\/www.siroco-hvac.com\\\/de\\\/#website\"},\"datePublished\":\"2021-02-02T09:45:13+00:00\",\"dateModified\":\"2024-10-08T10:21:52+00:00\",\"breadcrumb\":{\"@id\":\"https:\\\/\\\/www.siroco-hvac.com\\\/de\\\/mentions-legales\\\/#breadcrumb\"},\"inLanguage\":\"de-DE\",\"potentialAction\":[{\"@type\":\"ReadAction\",\"target\":[\"https:\\\/\\\/www.siroco-hvac.com\\\/de\\\/mentions-legales\\\/\"]}]},{\"@type\":\"BreadcrumbList\",\"@id\":\"https:\\\/\\\/www.siroco-hvac.com\\\/de\\\/mentions-legales\\\/#breadcrumb\",\"itemListElement\":[{\"@type\":\"ListItem\",\"position\":1,\"name\":\"Home\",\"item\":\"https:\\\/\\\/www.siroco-hvac.com\\\/de\\\/\"},{\"@type\":\"ListItem\",\"position\":2,\"name\":\"Rechtlicher Hinweis\"}]},{\"@type\":\"WebSite\",\"@id\":\"https:\\\/\\\/www.siroco-hvac.com\\\/de\\\/#website\",\"url\":\"https:\\\/\\\/www.siroco-hvac.com\\\/de\\\/\",\"name\":\"Siroco\",\"description\":\"Energize the air\",\"potentialAction\":[{\"@type\":\"SearchAction\",\"target\":{\"@type\":\"EntryPoint\",\"urlTemplate\":\"https:\\\/\\\/www.siroco-hvac.com\\\/de\\\/?s={search_term_string}\"},\"query-input\":{\"@type\":\"PropertyValueSpecification\",\"valueRequired\":true,\"valueName\":\"search_term_string\"}}],\"inLanguage\":\"de-DE\"}]}<\/script>\n<!-- \/ Yoast SEO plugin. -->","yoast_head_json":{"title":"Rechtlicher Hinweis - Siroco","robots":{"index":"index","follow":"follow","max-snippet":"max-snippet:-1","max-image-preview":"max-image-preview:large","max-video-preview":"max-video-preview:-1"},"canonical":"https:\/\/www.siroco-hvac.com\/de\/mentions-legales\/","og_locale":"de_DE","og_type":"article","og_title":"Rechtlicher Hinweis - Siroco","og_description":"Verantwortlich f\u00fcr die Ver\u00f6ffentlichung SIROCO HVAC 4 rue Lavoisier 69680 Chassieu \u2022 France Telefon: +33 (0)4.78.90.96.96 RCS Lyon \/ Siret...","og_url":"https:\/\/www.siroco-hvac.com\/de\/mentions-legales\/","og_site_name":"Siroco","article_modified_time":"2024-10-08T10:21:52+00:00","twitter_card":"summary_large_image","twitter_misc":{"Est. reading time":"3 minutes"},"schema":{"@context":"https:\/\/schema.org","@graph":[{"@type":"WebPage","@id":"https:\/\/www.siroco-hvac.com\/de\/mentions-legales\/","url":"https:\/\/www.siroco-hvac.com\/de\/mentions-legales\/","name":"Rechtlicher Hinweis - Siroco","isPartOf":{"@id":"https:\/\/www.siroco-hvac.com\/de\/#website"},"datePublished":"2021-02-02T09:45:13+00:00","dateModified":"2024-10-08T10:21:52+00:00","breadcrumb":{"@id":"https:\/\/www.siroco-hvac.com\/de\/mentions-legales\/#breadcrumb"},"inLanguage":"de-DE","potentialAction":[{"@type":"ReadAction","target":["https:\/\/www.siroco-hvac.com\/de\/mentions-legales\/"]}]},{"@type":"BreadcrumbList","@id":"https:\/\/www.siroco-hvac.com\/de\/mentions-legales\/#breadcrumb","itemListElement":[{"@type":"ListItem","position":1,"name":"Home","item":"https:\/\/www.siroco-hvac.com\/de\/"},{"@type":"ListItem","position":2,"name":"Rechtlicher Hinweis"}]},{"@type":"WebSite","@id":"https:\/\/www.siroco-hvac.com\/de\/#website","url":"https:\/\/www.siroco-hvac.com\/de\/","name":"Siroco","description":"Energize the air","potentialAction":[{"@type":"SearchAction","target":{"@type":"EntryPoint","urlTemplate":"https:\/\/www.siroco-hvac.com\/de\/?s={search_term_string}"},"query-input":{"@type":"PropertyValueSpecification","valueRequired":true,"valueName":"search_term_string"}}],"inLanguage":"de-DE"}]}},"_links":{"self":[{"href":"https:\/\/www.siroco-hvac.com\/de\/wp-json\/wp\/v2\/pages\/8038","targetHints":{"allow":["GET"]}}],"collection":[{"href":"https:\/\/www.siroco-hvac.com\/de\/wp-json\/wp\/v2\/pages"}],"about":[{"href":"https:\/\/www.siroco-hvac.com\/de\/wp-json\/wp\/v2\/types\/page"}],"author":[{"embeddable":true,"href":"https:\/\/www.siroco-hvac.com\/de\/wp-json\/wp\/v2\/users\/1"}],"replies":[{"embeddable":true,"href":"https:\/\/www.siroco-hvac.com\/de\/wp-json\/wp\/v2\/comments?post=8038"}],"version-history":[{"count":3,"href":"https:\/\/www.siroco-hvac.com\/de\/wp-json\/wp\/v2\/pages\/8038\/revisions"}],"predecessor-version":[{"id":21082,"href":"https:\/\/www.siroco-hvac.com\/de\/wp-json\/wp\/v2\/pages\/8038\/revisions\/21082"}],"wp:attachment":[{"href":"https:\/\/www.siroco-hvac.com\/de\/wp-json\/wp\/v2\/media?parent=8038"}],"wp:term":[{"taxonomy":"product_category","embeddable":true,"href":"https:\/\/www.siroco-hvac.com\/de\/wp-json\/wp\/v2\/product_category?post=8038"}],"curies":[{"name":"wp","href":"https:\/\/api.w.org\/{rel}","templated":true}]}}