{"id":8013,"date":"2021-02-16T12:28:00","date_gmt":"2021-02-16T11:28:37","guid":{"rendered":"https:\/\/siroco.pamplemousse.site\/accessoires\/"},"modified":"2026-04-28T16:16:24","modified_gmt":"2026-04-28T14:16:24","slug":"zubehoer","status":"publish","type":"page","link":"https:\/\/www.siroco-hvac.com\/de\/zubehoer\/","title":{"rendered":"ZUBEH\u00d6R"},"content":{"rendered":"<p><strong>Entdecken Sie unser gesamtes Regelzubeh\u00f6r und Wasserkreisl\u00e4ufe, die f\u00fcr die Installation von Klima-, Heizungs- und\u00a0L\u00fcftungssystemen\u00a0unerl\u00e4sslich\u00a0sind:\u00a0Magnetventil, Wasserleitungen und -pumpen, Bedienfelder, Tasten, Schalter, Potentiometer, Ventile, Armaturen und Schutzh\u00fcllen.\u00a0Alle unsere Zubeh\u00f6rteile sind von SIROCO ENGINEERING France getestet und zugelassen.\u00a0F\u00fcr jede spezielle Anfrage kontaktieren <a href=\"https:\/\/www.siroco-hvac.com\/de\/kontakt\/\">Sie uns bitte<\/a>.<\/strong><\/p>\n","protected":false},"excerpt":{"rendered":"<p>Entdecken Sie unser gesamtes Regelzubeh\u00f6r und Wasserkreisl\u00e4ufe, die f\u00fcr die Installation von Klima-, Heizungs- und\u00a0L\u00fcftungssystemen\u00a0unerl\u00e4sslich\u00a0sind:\u00a0Magnetventil, Wasserleitungen und -pumpen, Bedienfelder, Tasten,&#8230;<\/p>\n","protected":false},"author":1,"featured_media":21638,"parent":0,"menu_order":9,"comment_status":"closed","ping_status":"closed","template":"views\/category.blade.php","meta":{"_acf_changed":false,"inline_featured_image":false,"footnotes":""},"product_category":[77],"class_list":["post-8013","page","type-page","status-publish","has-post-thumbnail","hentry","product_category-categorie-de"],"acf":[],"yoast_head":"<!-- This site is optimized with the Yoast SEO plugin v27.5 - https:\/\/yoast.com\/product\/yoast-seo-wordpress\/ -->\n<title>ZUBEH\u00d6R - Siroco<\/title>\n<meta name=\"description\" content=\"Informieren Sie sich \u00fcber unser Steuerungs- und Wasserkreislaufzubeh\u00f6r, das f\u00fcr die Einrichtung der verschiedenen Systeme unerl\u00e4sslich ist.\" \/>\n<meta name=\"robots\" content=\"index, follow, max-snippet:-1, max-image-preview:large, max-video-preview:-1\" \/>\n<link rel=\"canonical\" href=\"https:\/\/www.siroco-hvac.com\/de\/zubehoer\/\" \/>\n<meta property=\"og:locale\" content=\"de_DE\" \/>\n<meta property=\"og:type\" content=\"article\" \/>\n<meta property=\"og:title\" content=\"ZUBEH\u00d6R - Siroco\" \/>\n<meta property=\"og:description\" content=\"Informieren Sie sich \u00fcber unser Steuerungs- und Wasserkreislaufzubeh\u00f6r, das f\u00fcr die Einrichtung der verschiedenen Systeme unerl\u00e4sslich ist.\" \/>\n<meta property=\"og:url\" content=\"https:\/\/www.siroco-hvac.com\/de\/zubehoer\/\" \/>\n<meta property=\"og:site_name\" content=\"Siroco\" \/>\n<meta property=\"article:modified_time\" content=\"2026-04-28T14:16:24+00:00\" \/>\n<meta property=\"og:image\" content=\"https:\/\/www.siroco-hvac.com\/app\/uploads\/2025\/06\/control-panel-electronic-hvac-3d-allege.png\" \/>\n\t<meta property=\"og:image:width\" content=\"500\" \/>\n\t<meta property=\"og:image:height\" content=\"294\" \/>\n\t<meta property=\"og:image:type\" content=\"image\/png\" \/>\n<meta name=\"twitter:card\" content=\"summary_large_image\" \/>\n<meta name=\"twitter:label1\" content=\"Est. reading time\" \/>\n\t<meta name=\"twitter:data1\" content=\"1 minute\" \/>\n<script type=\"application\/ld+json\" class=\"yoast-schema-graph\">{\"@context\":\"https:\\\/\\\/schema.org\",\"@graph\":[{\"@type\":\"WebPage\",\"@id\":\"https:\\\/\\\/www.siroco-hvac.com\\\/de\\\/zubehoer\\\/\",\"url\":\"https:\\\/\\\/www.siroco-hvac.com\\\/de\\\/zubehoer\\\/\",\"name\":\"ZUBEH\u00d6R - Siroco\",\"isPartOf\":{\"@id\":\"https:\\\/\\\/www.siroco-hvac.com\\\/de\\\/#website\"},\"primaryImageOfPage\":{\"@id\":\"https:\\\/\\\/www.siroco-hvac.com\\\/de\\\/zubehoer\\\/#primaryimage\"},\"image\":{\"@id\":\"https:\\\/\\\/www.siroco-hvac.com\\\/de\\\/zubehoer\\\/#primaryimage\"},\"thumbnailUrl\":\"https:\\\/\\\/www.siroco-hvac.com\\\/app\\\/uploads\\\/2025\\\/06\\\/control-panel-electronic-hvac-3d-allege.png\",\"datePublished\":\"2021-02-16T11:28:37+00:00\",\"dateModified\":\"2026-04-28T14:16:24+00:00\",\"description\":\"Informieren Sie sich \u00fcber unser Steuerungs- und Wasserkreislaufzubeh\u00f6r, das f\u00fcr die Einrichtung der verschiedenen Systeme unerl\u00e4sslich ist.\",\"breadcrumb\":{\"@id\":\"https:\\\/\\\/www.siroco-hvac.com\\\/de\\\/zubehoer\\\/#breadcrumb\"},\"inLanguage\":\"de-DE\",\"potentialAction\":[{\"@type\":\"ReadAction\",\"target\":[\"https:\\\/\\\/www.siroco-hvac.com\\\/de\\\/zubehoer\\\/\"]}]},{\"@type\":\"ImageObject\",\"inLanguage\":\"de-DE\",\"@id\":\"https:\\\/\\\/www.siroco-hvac.com\\\/de\\\/zubehoer\\\/#primaryimage\",\"url\":\"https:\\\/\\\/www.siroco-hvac.com\\\/app\\\/uploads\\\/2025\\\/06\\\/control-panel-electronic-hvac-3d-allege.png\",\"contentUrl\":\"https:\\\/\\\/www.siroco-hvac.com\\\/app\\\/uploads\\\/2025\\\/06\\\/control-panel-electronic-hvac-3d-allege.png\",\"width\":500,\"height\":294},{\"@type\":\"BreadcrumbList\",\"@id\":\"https:\\\/\\\/www.siroco-hvac.com\\\/de\\\/zubehoer\\\/#breadcrumb\",\"itemListElement\":[{\"@type\":\"ListItem\",\"position\":1,\"name\":\"Home\",\"item\":\"https:\\\/\\\/www.siroco-hvac.com\\\/de\\\/\"},{\"@type\":\"ListItem\",\"position\":2,\"name\":\"ZUBEH\u00d6R\"}]},{\"@type\":\"WebSite\",\"@id\":\"https:\\\/\\\/www.siroco-hvac.com\\\/de\\\/#website\",\"url\":\"https:\\\/\\\/www.siroco-hvac.com\\\/de\\\/\",\"name\":\"Siroco\",\"description\":\"Energize the air\",\"potentialAction\":[{\"@type\":\"SearchAction\",\"target\":{\"@type\":\"EntryPoint\",\"urlTemplate\":\"https:\\\/\\\/www.siroco-hvac.com\\\/de\\\/?s={search_term_string}\"},\"query-input\":{\"@type\":\"PropertyValueSpecification\",\"valueRequired\":true,\"valueName\":\"search_term_string\"}}],\"inLanguage\":\"de-DE\"}]}<\/script>\n<!-- \/ Yoast SEO plugin. -->","yoast_head_json":{"title":"ZUBEH\u00d6R - Siroco","description":"Informieren Sie sich \u00fcber unser Steuerungs- und Wasserkreislaufzubeh\u00f6r, das f\u00fcr die Einrichtung der verschiedenen Systeme unerl\u00e4sslich ist.","robots":{"index":"index","follow":"follow","max-snippet":"max-snippet:-1","max-image-preview":"max-image-preview:large","max-video-preview":"max-video-preview:-1"},"canonical":"https:\/\/www.siroco-hvac.com\/de\/zubehoer\/","og_locale":"de_DE","og_type":"article","og_title":"ZUBEH\u00d6R - Siroco","og_description":"Informieren Sie sich \u00fcber unser Steuerungs- und Wasserkreislaufzubeh\u00f6r, das f\u00fcr die Einrichtung der verschiedenen Systeme unerl\u00e4sslich ist.","og_url":"https:\/\/www.siroco-hvac.com\/de\/zubehoer\/","og_site_name":"Siroco","article_modified_time":"2026-04-28T14:16:24+00:00","og_image":[{"width":500,"height":294,"url":"https:\/\/www.siroco-hvac.com\/app\/uploads\/2025\/06\/control-panel-electronic-hvac-3d-allege.png","type":"image\/png"}],"twitter_card":"summary_large_image","twitter_misc":{"Est. reading time":"1 minute"},"schema":{"@context":"https:\/\/schema.org","@graph":[{"@type":"WebPage","@id":"https:\/\/www.siroco-hvac.com\/de\/zubehoer\/","url":"https:\/\/www.siroco-hvac.com\/de\/zubehoer\/","name":"ZUBEH\u00d6R - Siroco","isPartOf":{"@id":"https:\/\/www.siroco-hvac.com\/de\/#website"},"primaryImageOfPage":{"@id":"https:\/\/www.siroco-hvac.com\/de\/zubehoer\/#primaryimage"},"image":{"@id":"https:\/\/www.siroco-hvac.com\/de\/zubehoer\/#primaryimage"},"thumbnailUrl":"https:\/\/www.siroco-hvac.com\/app\/uploads\/2025\/06\/control-panel-electronic-hvac-3d-allege.png","datePublished":"2021-02-16T11:28:37+00:00","dateModified":"2026-04-28T14:16:24+00:00","description":"Informieren Sie sich \u00fcber unser Steuerungs- und Wasserkreislaufzubeh\u00f6r, das f\u00fcr die Einrichtung der verschiedenen Systeme unerl\u00e4sslich ist.","breadcrumb":{"@id":"https:\/\/www.siroco-hvac.com\/de\/zubehoer\/#breadcrumb"},"inLanguage":"de-DE","potentialAction":[{"@type":"ReadAction","target":["https:\/\/www.siroco-hvac.com\/de\/zubehoer\/"]}]},{"@type":"ImageObject","inLanguage":"de-DE","@id":"https:\/\/www.siroco-hvac.com\/de\/zubehoer\/#primaryimage","url":"https:\/\/www.siroco-hvac.com\/app\/uploads\/2025\/06\/control-panel-electronic-hvac-3d-allege.png","contentUrl":"https:\/\/www.siroco-hvac.com\/app\/uploads\/2025\/06\/control-panel-electronic-hvac-3d-allege.png","width":500,"height":294},{"@type":"BreadcrumbList","@id":"https:\/\/www.siroco-hvac.com\/de\/zubehoer\/#breadcrumb","itemListElement":[{"@type":"ListItem","position":1,"name":"Home","item":"https:\/\/www.siroco-hvac.com\/de\/"},{"@type":"ListItem","position":2,"name":"ZUBEH\u00d6R"}]},{"@type":"WebSite","@id":"https:\/\/www.siroco-hvac.com\/de\/#website","url":"https:\/\/www.siroco-hvac.com\/de\/","name":"Siroco","description":"Energize the air","potentialAction":[{"@type":"SearchAction","target":{"@type":"EntryPoint","urlTemplate":"https:\/\/www.siroco-hvac.com\/de\/?s={search_term_string}"},"query-input":{"@type":"PropertyValueSpecification","valueRequired":true,"valueName":"search_term_string"}}],"inLanguage":"de-DE"}]}},"_links":{"self":[{"href":"https:\/\/www.siroco-hvac.com\/de\/wp-json\/wp\/v2\/pages\/8013","targetHints":{"allow":["GET"]}}],"collection":[{"href":"https:\/\/www.siroco-hvac.com\/de\/wp-json\/wp\/v2\/pages"}],"about":[{"href":"https:\/\/www.siroco-hvac.com\/de\/wp-json\/wp\/v2\/types\/page"}],"author":[{"embeddable":true,"href":"https:\/\/www.siroco-hvac.com\/de\/wp-json\/wp\/v2\/users\/1"}],"replies":[{"embeddable":true,"href":"https:\/\/www.siroco-hvac.com\/de\/wp-json\/wp\/v2\/comments?post=8013"}],"version-history":[{"count":5,"href":"https:\/\/www.siroco-hvac.com\/de\/wp-json\/wp\/v2\/pages\/8013\/revisions"}],"predecessor-version":[{"id":13040,"href":"https:\/\/www.siroco-hvac.com\/de\/wp-json\/wp\/v2\/pages\/8013\/revisions\/13040"}],"wp:featuredmedia":[{"embeddable":true,"href":"https:\/\/www.siroco-hvac.com\/de\/wp-json\/wp\/v2\/media\/21638"}],"wp:attachment":[{"href":"https:\/\/www.siroco-hvac.com\/de\/wp-json\/wp\/v2\/media?parent=8013"}],"wp:term":[{"taxonomy":"product_category","embeddable":true,"href":"https:\/\/www.siroco-hvac.com\/de\/wp-json\/wp\/v2\/product_category?post=8013"}],"curies":[{"name":"wp","href":"https:\/\/api.w.org\/{rel}","templated":true}]}}