{"id":7935,"date":"2021-02-16T12:31:00","date_gmt":"2021-02-16T11:31:37","guid":{"rendered":"https:\/\/siroco.pamplemousse.site\/chauffage-eau-encastrable\/"},"modified":"2024-01-05T13:58:59","modified_gmt":"2024-01-05T12:58:59","slug":"wasserheizung-einbau-aufbau","status":"publish","type":"page","link":"https:\/\/www.siroco-hvac.com\/de\/wasserheizungen\/wasserheizung-einbau-aufbau\/","title":{"rendered":"Wasserheizung Einbau &#038; Aufbau"},"content":{"rendered":"<p><strong>Entdecken Sie unser gesamtes Standardsortiment an eingebauten Warmwasserbereitern mit 1 bis 3 L\u00fcfter Geschwindigkeiten, 12V und 24V Versorgungsspannung, geliefert mit Steckern, getestet und validiert von SIROCO ENGINEERING France.\u00a0Vervollst\u00e4ndigen Sie Ihre Heizger\u00e4te mit verschiedenen Fassaden: Metallgitter, Muffen, Luftausl\u00e4sse,\u00a0Luftkanal.\u00a0F\u00fcr jede spezielle Anfrage kontaktieren <a href=\"https:\/\/www.siroco-hvac.com\/de\/kontakt\/\">Sie uns bitte<\/a>.<\/strong><\/p>\n","protected":false},"excerpt":{"rendered":"<p>Entdecken Sie unser gesamtes Standardsortiment an eingebauten Warmwasserbereitern mit 1 bis 3 L\u00fcfter Geschwindigkeiten, 12V und 24V Versorgungsspannung, geliefert mit&#8230;<\/p>\n","protected":false},"author":1,"featured_media":1545,"parent":8006,"menu_order":1,"comment_status":"closed","ping_status":"closed","template":"views\/sub-category.blade.php","meta":{"_acf_changed":false,"inline_featured_image":false,"footnotes":""},"product_category":[73],"class_list":["post-7935","page","type-page","status-publish","has-post-thumbnail","hentry","product_category-sous-categorie-de"],"acf":[],"yoast_head":"<!-- This site is optimized with the Yoast SEO plugin v27.5 - https:\/\/yoast.com\/product\/yoast-seo-wordpress\/ -->\n<title>Wasserheizung Einbau &amp; Aufbau - Siroco<\/title>\n<meta name=\"robots\" content=\"index, follow, max-snippet:-1, max-image-preview:large, max-video-preview:-1\" \/>\n<link rel=\"canonical\" href=\"https:\/\/www.siroco-hvac.com\/de\/wasserheizungen\/wasserheizung-einbau-aufbau\/\" \/>\n<meta property=\"og:locale\" content=\"de_DE\" \/>\n<meta property=\"og:type\" content=\"article\" \/>\n<meta property=\"og:title\" content=\"Wasserheizung Einbau &amp; Aufbau - Siroco\" \/>\n<meta property=\"og:description\" content=\"Entdecken Sie unser gesamtes Standardsortiment an eingebauten Warmwasserbereitern mit 1 bis 3 L\u00fcfter Geschwindigkeiten, 12V und 24V Versorgungsspannung, geliefert mit...\" \/>\n<meta property=\"og:url\" content=\"https:\/\/www.siroco-hvac.com\/de\/wasserheizungen\/wasserheizung-einbau-aufbau\/\" \/>\n<meta property=\"og:site_name\" content=\"Siroco\" \/>\n<meta property=\"article:modified_time\" content=\"2024-01-05T12:58:59+00:00\" \/>\n<meta property=\"og:image\" content=\"https:\/\/www.siroco-hvac.com\/app\/uploads\/2021\/03\/minox-12-d-chauffage-eau-manchon-siroco-water-heater-siroco-sleeve.jpg\" \/>\n\t<meta property=\"og:image:width\" content=\"924\" \/>\n\t<meta property=\"og:image:height\" content=\"487\" \/>\n\t<meta property=\"og:image:type\" content=\"image\/jpeg\" \/>\n<meta name=\"twitter:card\" content=\"summary_large_image\" \/>\n<meta name=\"twitter:label1\" content=\"Est. reading time\" \/>\n\t<meta name=\"twitter:data1\" content=\"1 minute\" \/>\n<script type=\"application\/ld+json\" class=\"yoast-schema-graph\">{\"@context\":\"https:\\\/\\\/schema.org\",\"@graph\":[{\"@type\":\"WebPage\",\"@id\":\"https:\\\/\\\/www.siroco-hvac.com\\\/de\\\/wasserheizungen\\\/wasserheizung-einbau-aufbau\\\/\",\"url\":\"https:\\\/\\\/www.siroco-hvac.com\\\/de\\\/wasserheizungen\\\/wasserheizung-einbau-aufbau\\\/\",\"name\":\"Wasserheizung Einbau & Aufbau - Siroco\",\"isPartOf\":{\"@id\":\"https:\\\/\\\/www.siroco-hvac.com\\\/de\\\/#website\"},\"primaryImageOfPage\":{\"@id\":\"https:\\\/\\\/www.siroco-hvac.com\\\/de\\\/wasserheizungen\\\/wasserheizung-einbau-aufbau\\\/#primaryimage\"},\"image\":{\"@id\":\"https:\\\/\\\/www.siroco-hvac.com\\\/de\\\/wasserheizungen\\\/wasserheizung-einbau-aufbau\\\/#primaryimage\"},\"thumbnailUrl\":\"https:\\\/\\\/www.siroco-hvac.com\\\/app\\\/uploads\\\/2021\\\/03\\\/minox-12-d-chauffage-eau-manchon-siroco-water-heater-siroco-sleeve.jpg\",\"datePublished\":\"2021-02-16T11:31:37+00:00\",\"dateModified\":\"2024-01-05T12:58:59+00:00\",\"breadcrumb\":{\"@id\":\"https:\\\/\\\/www.siroco-hvac.com\\\/de\\\/wasserheizungen\\\/wasserheizung-einbau-aufbau\\\/#breadcrumb\"},\"inLanguage\":\"de-DE\",\"potentialAction\":[{\"@type\":\"ReadAction\",\"target\":[\"https:\\\/\\\/www.siroco-hvac.com\\\/de\\\/wasserheizungen\\\/wasserheizung-einbau-aufbau\\\/\"]}]},{\"@type\":\"ImageObject\",\"inLanguage\":\"de-DE\",\"@id\":\"https:\\\/\\\/www.siroco-hvac.com\\\/de\\\/wasserheizungen\\\/wasserheizung-einbau-aufbau\\\/#primaryimage\",\"url\":\"https:\\\/\\\/www.siroco-hvac.com\\\/app\\\/uploads\\\/2021\\\/03\\\/minox-12-d-chauffage-eau-manchon-siroco-water-heater-siroco-sleeve.jpg\",\"contentUrl\":\"https:\\\/\\\/www.siroco-hvac.com\\\/app\\\/uploads\\\/2021\\\/03\\\/minox-12-d-chauffage-eau-manchon-siroco-water-heater-siroco-sleeve.jpg\",\"width\":924,\"height\":487},{\"@type\":\"BreadcrumbList\",\"@id\":\"https:\\\/\\\/www.siroco-hvac.com\\\/de\\\/wasserheizungen\\\/wasserheizung-einbau-aufbau\\\/#breadcrumb\",\"itemListElement\":[{\"@type\":\"ListItem\",\"position\":1,\"name\":\"Home\",\"item\":\"https:\\\/\\\/www.siroco-hvac.com\\\/de\\\/\"},{\"@type\":\"ListItem\",\"position\":2,\"name\":\"WASSERHEIZUNGEN\",\"item\":\"https:\\\/\\\/www.siroco-hvac.com\\\/de\\\/wasserheizungen\\\/\"},{\"@type\":\"ListItem\",\"position\":3,\"name\":\"Wasserheizung Einbau &#038; Aufbau\"}]},{\"@type\":\"WebSite\",\"@id\":\"https:\\\/\\\/www.siroco-hvac.com\\\/de\\\/#website\",\"url\":\"https:\\\/\\\/www.siroco-hvac.com\\\/de\\\/\",\"name\":\"Siroco\",\"description\":\"Energize the air\",\"potentialAction\":[{\"@type\":\"SearchAction\",\"target\":{\"@type\":\"EntryPoint\",\"urlTemplate\":\"https:\\\/\\\/www.siroco-hvac.com\\\/de\\\/?s={search_term_string}\"},\"query-input\":{\"@type\":\"PropertyValueSpecification\",\"valueRequired\":true,\"valueName\":\"search_term_string\"}}],\"inLanguage\":\"de-DE\"}]}<\/script>\n<!-- \/ Yoast SEO plugin. -->","yoast_head_json":{"title":"Wasserheizung Einbau & Aufbau - Siroco","robots":{"index":"index","follow":"follow","max-snippet":"max-snippet:-1","max-image-preview":"max-image-preview:large","max-video-preview":"max-video-preview:-1"},"canonical":"https:\/\/www.siroco-hvac.com\/de\/wasserheizungen\/wasserheizung-einbau-aufbau\/","og_locale":"de_DE","og_type":"article","og_title":"Wasserheizung Einbau & Aufbau - Siroco","og_description":"Entdecken Sie unser gesamtes Standardsortiment an eingebauten Warmwasserbereitern mit 1 bis 3 L\u00fcfter Geschwindigkeiten, 12V und 24V Versorgungsspannung, geliefert mit...","og_url":"https:\/\/www.siroco-hvac.com\/de\/wasserheizungen\/wasserheizung-einbau-aufbau\/","og_site_name":"Siroco","article_modified_time":"2024-01-05T12:58:59+00:00","og_image":[{"width":924,"height":487,"url":"https:\/\/www.siroco-hvac.com\/app\/uploads\/2021\/03\/minox-12-d-chauffage-eau-manchon-siroco-water-heater-siroco-sleeve.jpg","type":"image\/jpeg"}],"twitter_card":"summary_large_image","twitter_misc":{"Est. reading time":"1 minute"},"schema":{"@context":"https:\/\/schema.org","@graph":[{"@type":"WebPage","@id":"https:\/\/www.siroco-hvac.com\/de\/wasserheizungen\/wasserheizung-einbau-aufbau\/","url":"https:\/\/www.siroco-hvac.com\/de\/wasserheizungen\/wasserheizung-einbau-aufbau\/","name":"Wasserheizung Einbau & Aufbau - Siroco","isPartOf":{"@id":"https:\/\/www.siroco-hvac.com\/de\/#website"},"primaryImageOfPage":{"@id":"https:\/\/www.siroco-hvac.com\/de\/wasserheizungen\/wasserheizung-einbau-aufbau\/#primaryimage"},"image":{"@id":"https:\/\/www.siroco-hvac.com\/de\/wasserheizungen\/wasserheizung-einbau-aufbau\/#primaryimage"},"thumbnailUrl":"https:\/\/www.siroco-hvac.com\/app\/uploads\/2021\/03\/minox-12-d-chauffage-eau-manchon-siroco-water-heater-siroco-sleeve.jpg","datePublished":"2021-02-16T11:31:37+00:00","dateModified":"2024-01-05T12:58:59+00:00","breadcrumb":{"@id":"https:\/\/www.siroco-hvac.com\/de\/wasserheizungen\/wasserheizung-einbau-aufbau\/#breadcrumb"},"inLanguage":"de-DE","potentialAction":[{"@type":"ReadAction","target":["https:\/\/www.siroco-hvac.com\/de\/wasserheizungen\/wasserheizung-einbau-aufbau\/"]}]},{"@type":"ImageObject","inLanguage":"de-DE","@id":"https:\/\/www.siroco-hvac.com\/de\/wasserheizungen\/wasserheizung-einbau-aufbau\/#primaryimage","url":"https:\/\/www.siroco-hvac.com\/app\/uploads\/2021\/03\/minox-12-d-chauffage-eau-manchon-siroco-water-heater-siroco-sleeve.jpg","contentUrl":"https:\/\/www.siroco-hvac.com\/app\/uploads\/2021\/03\/minox-12-d-chauffage-eau-manchon-siroco-water-heater-siroco-sleeve.jpg","width":924,"height":487},{"@type":"BreadcrumbList","@id":"https:\/\/www.siroco-hvac.com\/de\/wasserheizungen\/wasserheizung-einbau-aufbau\/#breadcrumb","itemListElement":[{"@type":"ListItem","position":1,"name":"Home","item":"https:\/\/www.siroco-hvac.com\/de\/"},{"@type":"ListItem","position":2,"name":"WASSERHEIZUNGEN","item":"https:\/\/www.siroco-hvac.com\/de\/wasserheizungen\/"},{"@type":"ListItem","position":3,"name":"Wasserheizung Einbau &#038; Aufbau"}]},{"@type":"WebSite","@id":"https:\/\/www.siroco-hvac.com\/de\/#website","url":"https:\/\/www.siroco-hvac.com\/de\/","name":"Siroco","description":"Energize the air","potentialAction":[{"@type":"SearchAction","target":{"@type":"EntryPoint","urlTemplate":"https:\/\/www.siroco-hvac.com\/de\/?s={search_term_string}"},"query-input":{"@type":"PropertyValueSpecification","valueRequired":true,"valueName":"search_term_string"}}],"inLanguage":"de-DE"}]}},"_links":{"self":[{"href":"https:\/\/www.siroco-hvac.com\/de\/wp-json\/wp\/v2\/pages\/7935","targetHints":{"allow":["GET"]}}],"collection":[{"href":"https:\/\/www.siroco-hvac.com\/de\/wp-json\/wp\/v2\/pages"}],"about":[{"href":"https:\/\/www.siroco-hvac.com\/de\/wp-json\/wp\/v2\/types\/page"}],"author":[{"embeddable":true,"href":"https:\/\/www.siroco-hvac.com\/de\/wp-json\/wp\/v2\/users\/1"}],"replies":[{"embeddable":true,"href":"https:\/\/www.siroco-hvac.com\/de\/wp-json\/wp\/v2\/comments?post=7935"}],"version-history":[{"count":4,"href":"https:\/\/www.siroco-hvac.com\/de\/wp-json\/wp\/v2\/pages\/7935\/revisions"}],"predecessor-version":[{"id":20127,"href":"https:\/\/www.siroco-hvac.com\/de\/wp-json\/wp\/v2\/pages\/7935\/revisions\/20127"}],"up":[{"embeddable":true,"href":"https:\/\/www.siroco-hvac.com\/de\/wp-json\/wp\/v2\/pages\/8006"}],"wp:featuredmedia":[{"embeddable":true,"href":"https:\/\/www.siroco-hvac.com\/de\/wp-json\/wp\/v2\/media\/1545"}],"wp:attachment":[{"href":"https:\/\/www.siroco-hvac.com\/de\/wp-json\/wp\/v2\/media?parent=7935"}],"wp:term":[{"taxonomy":"product_category","embeddable":true,"href":"https:\/\/www.siroco-hvac.com\/de\/wp-json\/wp\/v2\/product_category?post=7935"}],"curies":[{"name":"wp","href":"https:\/\/api.w.org\/{rel}","templated":true}]}}