{"id":7913,"date":"2021-02-16T12:32:00","date_gmt":"2021-02-16T11:32:59","guid":{"rendered":"https:\/\/siroco.pamplemousse.site\/rond\/"},"modified":"2024-01-05T13:59:49","modified_gmt":"2024-01-05T12:59:49","slug":"runde-luftduesen","status":"publish","type":"page","link":"https:\/\/www.siroco-hvac.com\/de\/sensyo-luftduesen\/runde-luftduesen\/","title":{"rendered":"Runde Luftd\u00fcsen"},"content":{"rendered":"<p><strong>Entdecken Sie unser breites Standardsortiment an\u00a0Sensyo\u00a0runden, schwenkbaren und\u00a0verschlie\u00dfbaren Luftausl\u00e4ssen, die mit einem IP20-Schutzgitter, Winkel- oder geraden Muffen f\u00fcr den Luftkanalanschluss erg\u00e4nzt werden k\u00f6nnen.\u00a0Passen Sie\u00a0die Farbe der\u00a0Sensyo-\u00a0Diffusoren\u00a0an das Design Ihrer Kabine an: Metall, Schwarz, Carbon, Lack,\u00a0Dekorfolie\u00a0oder spezielle Markierung.\u00a0F\u00fcr jede spezielle Anfrage kontaktieren <a href=\"https:\/\/www.siroco-hvac.com\/de\/kontakt\/\">Sie uns bitte<\/a>.<\/strong><\/p>\n","protected":false},"excerpt":{"rendered":"<p>Entdecken Sie unser breites Standardsortiment an\u00a0Sensyo\u00a0runden, schwenkbaren und\u00a0verschlie\u00dfbaren Luftausl\u00e4ssen, die mit einem IP20-Schutzgitter, Winkel- oder geraden Muffen f\u00fcr den Luftkanalanschluss&#8230;<\/p>\n","protected":false},"author":1,"featured_media":2108,"parent":7988,"menu_order":0,"comment_status":"closed","ping_status":"closed","template":"views\/sub-category.blade.php","meta":{"_acf_changed":false,"inline_featured_image":false,"footnotes":""},"product_category":[73],"class_list":["post-7913","page","type-page","status-publish","has-post-thumbnail","hentry","product_category-sous-categorie-de"],"acf":[],"yoast_head":"<!-- This site is optimized with the Yoast SEO plugin v27.5 - https:\/\/yoast.com\/product\/yoast-seo-wordpress\/ -->\n<title>Runde Luftd\u00fcsen - Siroco<\/title>\n<meta name=\"robots\" content=\"index, follow, max-snippet:-1, max-image-preview:large, max-video-preview:-1\" \/>\n<link rel=\"canonical\" href=\"https:\/\/www.siroco-hvac.com\/de\/sensyo-luftduesen\/runde-luftduesen\/\" \/>\n<meta property=\"og:locale\" content=\"de_DE\" \/>\n<meta property=\"og:type\" content=\"article\" \/>\n<meta property=\"og:title\" content=\"Runde Luftd\u00fcsen - Siroco\" \/>\n<meta property=\"og:description\" content=\"Entdecken Sie unser breites Standardsortiment an\u00a0Sensyo\u00a0runden, schwenkbaren und\u00a0verschlie\u00dfbaren Luftausl\u00e4ssen, die mit einem IP20-Schutzgitter, Winkel- oder geraden Muffen f\u00fcr den Luftkanalanschluss...\" \/>\n<meta property=\"og:url\" content=\"https:\/\/www.siroco-hvac.com\/de\/sensyo-luftduesen\/runde-luftduesen\/\" \/>\n<meta property=\"og:site_name\" content=\"Siroco\" \/>\n<meta property=\"article:modified_time\" content=\"2024-01-05T12:59:49+00:00\" \/>\n<meta property=\"og:image\" content=\"https:\/\/www.siroco-hvac.com\/app\/uploads\/2021\/04\/sensyo-72-metallic-0420-5101-diffuseurs-dair-siroco.jpg\" \/>\n\t<meta property=\"og:image:width\" content=\"814\" \/>\n\t<meta property=\"og:image:height\" content=\"661\" \/>\n\t<meta property=\"og:image:type\" content=\"image\/jpeg\" \/>\n<meta name=\"twitter:card\" content=\"summary_large_image\" \/>\n<meta name=\"twitter:label1\" content=\"Est. reading time\" \/>\n\t<meta name=\"twitter:data1\" content=\"1 minute\" \/>\n<script type=\"application\/ld+json\" class=\"yoast-schema-graph\">{\"@context\":\"https:\\\/\\\/schema.org\",\"@graph\":[{\"@type\":\"WebPage\",\"@id\":\"https:\\\/\\\/www.siroco-hvac.com\\\/de\\\/sensyo-luftduesen\\\/runde-luftduesen\\\/\",\"url\":\"https:\\\/\\\/www.siroco-hvac.com\\\/de\\\/sensyo-luftduesen\\\/runde-luftduesen\\\/\",\"name\":\"Runde Luftd\u00fcsen - Siroco\",\"isPartOf\":{\"@id\":\"https:\\\/\\\/www.siroco-hvac.com\\\/de\\\/#website\"},\"primaryImageOfPage\":{\"@id\":\"https:\\\/\\\/www.siroco-hvac.com\\\/de\\\/sensyo-luftduesen\\\/runde-luftduesen\\\/#primaryimage\"},\"image\":{\"@id\":\"https:\\\/\\\/www.siroco-hvac.com\\\/de\\\/sensyo-luftduesen\\\/runde-luftduesen\\\/#primaryimage\"},\"thumbnailUrl\":\"https:\\\/\\\/www.siroco-hvac.com\\\/app\\\/uploads\\\/2021\\\/04\\\/sensyo-72-metallic-0420-5101-diffuseurs-dair-siroco.jpg\",\"datePublished\":\"2021-02-16T11:32:59+00:00\",\"dateModified\":\"2024-01-05T12:59:49+00:00\",\"breadcrumb\":{\"@id\":\"https:\\\/\\\/www.siroco-hvac.com\\\/de\\\/sensyo-luftduesen\\\/runde-luftduesen\\\/#breadcrumb\"},\"inLanguage\":\"de-DE\",\"potentialAction\":[{\"@type\":\"ReadAction\",\"target\":[\"https:\\\/\\\/www.siroco-hvac.com\\\/de\\\/sensyo-luftduesen\\\/runde-luftduesen\\\/\"]}]},{\"@type\":\"ImageObject\",\"inLanguage\":\"de-DE\",\"@id\":\"https:\\\/\\\/www.siroco-hvac.com\\\/de\\\/sensyo-luftduesen\\\/runde-luftduesen\\\/#primaryimage\",\"url\":\"https:\\\/\\\/www.siroco-hvac.com\\\/app\\\/uploads\\\/2021\\\/04\\\/sensyo-72-metallic-0420-5101-diffuseurs-dair-siroco.jpg\",\"contentUrl\":\"https:\\\/\\\/www.siroco-hvac.com\\\/app\\\/uploads\\\/2021\\\/04\\\/sensyo-72-metallic-0420-5101-diffuseurs-dair-siroco.jpg\",\"width\":814,\"height\":661},{\"@type\":\"BreadcrumbList\",\"@id\":\"https:\\\/\\\/www.siroco-hvac.com\\\/de\\\/sensyo-luftduesen\\\/runde-luftduesen\\\/#breadcrumb\",\"itemListElement\":[{\"@type\":\"ListItem\",\"position\":1,\"name\":\"Home\",\"item\":\"https:\\\/\\\/www.siroco-hvac.com\\\/de\\\/\"},{\"@type\":\"ListItem\",\"position\":2,\"name\":\"SENSYO LUFTD\u00dcSEN\",\"item\":\"https:\\\/\\\/www.siroco-hvac.com\\\/de\\\/sensyo-luftduesen\\\/\"},{\"@type\":\"ListItem\",\"position\":3,\"name\":\"Runde Luftd\u00fcsen\"}]},{\"@type\":\"WebSite\",\"@id\":\"https:\\\/\\\/www.siroco-hvac.com\\\/de\\\/#website\",\"url\":\"https:\\\/\\\/www.siroco-hvac.com\\\/de\\\/\",\"name\":\"Siroco\",\"description\":\"Energize the air\",\"potentialAction\":[{\"@type\":\"SearchAction\",\"target\":{\"@type\":\"EntryPoint\",\"urlTemplate\":\"https:\\\/\\\/www.siroco-hvac.com\\\/de\\\/?s={search_term_string}\"},\"query-input\":{\"@type\":\"PropertyValueSpecification\",\"valueRequired\":true,\"valueName\":\"search_term_string\"}}],\"inLanguage\":\"de-DE\"}]}<\/script>\n<!-- \/ Yoast SEO plugin. -->","yoast_head_json":{"title":"Runde Luftd\u00fcsen - Siroco","robots":{"index":"index","follow":"follow","max-snippet":"max-snippet:-1","max-image-preview":"max-image-preview:large","max-video-preview":"max-video-preview:-1"},"canonical":"https:\/\/www.siroco-hvac.com\/de\/sensyo-luftduesen\/runde-luftduesen\/","og_locale":"de_DE","og_type":"article","og_title":"Runde Luftd\u00fcsen - Siroco","og_description":"Entdecken Sie unser breites Standardsortiment an\u00a0Sensyo\u00a0runden, schwenkbaren und\u00a0verschlie\u00dfbaren Luftausl\u00e4ssen, die mit einem IP20-Schutzgitter, Winkel- oder geraden Muffen f\u00fcr den Luftkanalanschluss...","og_url":"https:\/\/www.siroco-hvac.com\/de\/sensyo-luftduesen\/runde-luftduesen\/","og_site_name":"Siroco","article_modified_time":"2024-01-05T12:59:49+00:00","og_image":[{"width":814,"height":661,"url":"https:\/\/www.siroco-hvac.com\/app\/uploads\/2021\/04\/sensyo-72-metallic-0420-5101-diffuseurs-dair-siroco.jpg","type":"image\/jpeg"}],"twitter_card":"summary_large_image","twitter_misc":{"Est. reading time":"1 minute"},"schema":{"@context":"https:\/\/schema.org","@graph":[{"@type":"WebPage","@id":"https:\/\/www.siroco-hvac.com\/de\/sensyo-luftduesen\/runde-luftduesen\/","url":"https:\/\/www.siroco-hvac.com\/de\/sensyo-luftduesen\/runde-luftduesen\/","name":"Runde Luftd\u00fcsen - Siroco","isPartOf":{"@id":"https:\/\/www.siroco-hvac.com\/de\/#website"},"primaryImageOfPage":{"@id":"https:\/\/www.siroco-hvac.com\/de\/sensyo-luftduesen\/runde-luftduesen\/#primaryimage"},"image":{"@id":"https:\/\/www.siroco-hvac.com\/de\/sensyo-luftduesen\/runde-luftduesen\/#primaryimage"},"thumbnailUrl":"https:\/\/www.siroco-hvac.com\/app\/uploads\/2021\/04\/sensyo-72-metallic-0420-5101-diffuseurs-dair-siroco.jpg","datePublished":"2021-02-16T11:32:59+00:00","dateModified":"2024-01-05T12:59:49+00:00","breadcrumb":{"@id":"https:\/\/www.siroco-hvac.com\/de\/sensyo-luftduesen\/runde-luftduesen\/#breadcrumb"},"inLanguage":"de-DE","potentialAction":[{"@type":"ReadAction","target":["https:\/\/www.siroco-hvac.com\/de\/sensyo-luftduesen\/runde-luftduesen\/"]}]},{"@type":"ImageObject","inLanguage":"de-DE","@id":"https:\/\/www.siroco-hvac.com\/de\/sensyo-luftduesen\/runde-luftduesen\/#primaryimage","url":"https:\/\/www.siroco-hvac.com\/app\/uploads\/2021\/04\/sensyo-72-metallic-0420-5101-diffuseurs-dair-siroco.jpg","contentUrl":"https:\/\/www.siroco-hvac.com\/app\/uploads\/2021\/04\/sensyo-72-metallic-0420-5101-diffuseurs-dair-siroco.jpg","width":814,"height":661},{"@type":"BreadcrumbList","@id":"https:\/\/www.siroco-hvac.com\/de\/sensyo-luftduesen\/runde-luftduesen\/#breadcrumb","itemListElement":[{"@type":"ListItem","position":1,"name":"Home","item":"https:\/\/www.siroco-hvac.com\/de\/"},{"@type":"ListItem","position":2,"name":"SENSYO LUFTD\u00dcSEN","item":"https:\/\/www.siroco-hvac.com\/de\/sensyo-luftduesen\/"},{"@type":"ListItem","position":3,"name":"Runde Luftd\u00fcsen"}]},{"@type":"WebSite","@id":"https:\/\/www.siroco-hvac.com\/de\/#website","url":"https:\/\/www.siroco-hvac.com\/de\/","name":"Siroco","description":"Energize the air","potentialAction":[{"@type":"SearchAction","target":{"@type":"EntryPoint","urlTemplate":"https:\/\/www.siroco-hvac.com\/de\/?s={search_term_string}"},"query-input":{"@type":"PropertyValueSpecification","valueRequired":true,"valueName":"search_term_string"}}],"inLanguage":"de-DE"}]}},"_links":{"self":[{"href":"https:\/\/www.siroco-hvac.com\/de\/wp-json\/wp\/v2\/pages\/7913","targetHints":{"allow":["GET"]}}],"collection":[{"href":"https:\/\/www.siroco-hvac.com\/de\/wp-json\/wp\/v2\/pages"}],"about":[{"href":"https:\/\/www.siroco-hvac.com\/de\/wp-json\/wp\/v2\/types\/page"}],"author":[{"embeddable":true,"href":"https:\/\/www.siroco-hvac.com\/de\/wp-json\/wp\/v2\/users\/1"}],"replies":[{"embeddable":true,"href":"https:\/\/www.siroco-hvac.com\/de\/wp-json\/wp\/v2\/comments?post=7913"}],"version-history":[{"count":4,"href":"https:\/\/www.siroco-hvac.com\/de\/wp-json\/wp\/v2\/pages\/7913\/revisions"}],"predecessor-version":[{"id":20131,"href":"https:\/\/www.siroco-hvac.com\/de\/wp-json\/wp\/v2\/pages\/7913\/revisions\/20131"}],"up":[{"embeddable":true,"href":"https:\/\/www.siroco-hvac.com\/de\/wp-json\/wp\/v2\/pages\/7988"}],"wp:featuredmedia":[{"embeddable":true,"href":"https:\/\/www.siroco-hvac.com\/de\/wp-json\/wp\/v2\/media\/2108"}],"wp:attachment":[{"href":"https:\/\/www.siroco-hvac.com\/de\/wp-json\/wp\/v2\/media?parent=7913"}],"wp:term":[{"taxonomy":"product_category","embeddable":true,"href":"https:\/\/www.siroco-hvac.com\/de\/wp-json\/wp\/v2\/product_category?post=7913"}],"curies":[{"name":"wp","href":"https:\/\/api.w.org\/{rel}","templated":true}]}}