{"id":19775,"date":"2023-10-27T16:39:21","date_gmt":"2023-10-27T14:39:21","guid":{"rendered":"https:\/\/www.siroco-hvac.com\/sensyo-luftverteiler\/plafonnier\/"},"modified":"2023-10-27T16:44:21","modified_gmt":"2023-10-27T14:44:21","slug":"plafonnier","status":"publish","type":"page","link":"https:\/\/www.siroco-hvac.com\/de\/sensyo-luftduesen\/plafonnier\/","title":{"rendered":"Luftverteilerplatte"},"content":{"rendered":"<p>Siroco entwickelt und entwirft Standard- und ma\u00dfgeschneiderte L\u00f6sungen f\u00fcr Luftverteilungssysteme mit integrierter oder abgesetzter Steuerung, um sein Angebot an elektrischen Dachklimaanlagen zu vervollst\u00e4ndigen. Gestalten Sie die Farbe, den Grad der Luftfilterung und das Steuerungssystem nach Ihren W\u00fcnschen.<\/p>\n<p>F\u00fcr spezielle W\u00fcnsche <a href=\"https:\/\/www.siroco-hvac.com\/de\/kontakt\/\">kontaktieren Sie uns bitte<\/a>.<\/p>\n","protected":false},"excerpt":{"rendered":"<p>Siroco entwickelt und entwirft Standard- und ma\u00dfgeschneiderte L\u00f6sungen f\u00fcr Luftverteilungssysteme mit integrierter oder abgesetzter Steuerung, um sein Angebot an elektrischen&#8230;<\/p>\n","protected":false},"author":13,"featured_media":0,"parent":7988,"menu_order":0,"comment_status":"closed","ping_status":"closed","template":"views\/sub-category.blade.php","meta":{"_acf_changed":false,"inline_featured_image":false,"footnotes":""},"product_category":[73],"class_list":["post-19775","page","type-page","status-publish","hentry","product_category-sous-categorie-de"],"acf":[],"yoast_head":"<!-- This site is optimized with the Yoast SEO plugin v27.6 - https:\/\/yoast.com\/product\/yoast-seo-wordpress\/ -->\n<title>Luftverteilerplatte - Siroco<\/title>\n<meta name=\"description\" content=\"Siroco entwickelt und entwirft Standard- und ma\u00dfgeschneiderte L\u00f6sungen f\u00fcr Luftverteilungssysteme mit integrierter oder abgesetzter Steuerung.\" \/>\n<meta name=\"robots\" content=\"index, follow, max-snippet:-1, max-image-preview:large, max-video-preview:-1\" \/>\n<link rel=\"canonical\" href=\"https:\/\/www.siroco-hvac.com\/de\/sensyo-luftduesen\/plafonnier\/\" \/>\n<meta property=\"og:locale\" content=\"de_DE\" \/>\n<meta property=\"og:type\" content=\"article\" \/>\n<meta property=\"og:title\" content=\"Luftverteilerplatte - Siroco\" \/>\n<meta property=\"og:description\" content=\"Siroco entwickelt und entwirft Standard- und ma\u00dfgeschneiderte L\u00f6sungen f\u00fcr Luftverteilungssysteme mit integrierter oder abgesetzter Steuerung.\" \/>\n<meta property=\"og:url\" content=\"https:\/\/www.siroco-hvac.com\/de\/sensyo-luftduesen\/plafonnier\/\" \/>\n<meta property=\"og:site_name\" content=\"Siroco\" \/>\n<meta property=\"article:modified_time\" content=\"2023-10-27T14:44:21+00:00\" \/>\n<meta name=\"twitter:card\" content=\"summary_large_image\" \/>\n<meta name=\"twitter:label1\" content=\"Est. reading time\" \/>\n\t<meta name=\"twitter:data1\" content=\"1 minute\" \/>\n<script type=\"application\/ld+json\" class=\"yoast-schema-graph\">{\"@context\":\"https:\\\/\\\/schema.org\",\"@graph\":[{\"@type\":\"WebPage\",\"@id\":\"https:\\\/\\\/www.siroco-hvac.com\\\/de\\\/sensyo-luftduesen\\\/plafonnier\\\/\",\"url\":\"https:\\\/\\\/www.siroco-hvac.com\\\/de\\\/sensyo-luftduesen\\\/plafonnier\\\/\",\"name\":\"Luftverteilerplatte - Siroco\",\"isPartOf\":{\"@id\":\"https:\\\/\\\/www.siroco-hvac.com\\\/de\\\/#website\"},\"datePublished\":\"2023-10-27T14:39:21+00:00\",\"dateModified\":\"2023-10-27T14:44:21+00:00\",\"description\":\"Siroco entwickelt und entwirft Standard- und ma\u00dfgeschneiderte L\u00f6sungen f\u00fcr Luftverteilungssysteme mit integrierter oder abgesetzter Steuerung.\",\"breadcrumb\":{\"@id\":\"https:\\\/\\\/www.siroco-hvac.com\\\/de\\\/sensyo-luftduesen\\\/plafonnier\\\/#breadcrumb\"},\"inLanguage\":\"de-DE\",\"potentialAction\":[{\"@type\":\"ReadAction\",\"target\":[\"https:\\\/\\\/www.siroco-hvac.com\\\/de\\\/sensyo-luftduesen\\\/plafonnier\\\/\"]}]},{\"@type\":\"BreadcrumbList\",\"@id\":\"https:\\\/\\\/www.siroco-hvac.com\\\/de\\\/sensyo-luftduesen\\\/plafonnier\\\/#breadcrumb\",\"itemListElement\":[{\"@type\":\"ListItem\",\"position\":1,\"name\":\"Home\",\"item\":\"https:\\\/\\\/www.siroco-hvac.com\\\/de\\\/\"},{\"@type\":\"ListItem\",\"position\":2,\"name\":\"SENSYO LUFTD\u00dcSEN\",\"item\":\"https:\\\/\\\/www.siroco-hvac.com\\\/de\\\/sensyo-luftduesen\\\/\"},{\"@type\":\"ListItem\",\"position\":3,\"name\":\"Luftverteilerplatte\"}]},{\"@type\":\"WebSite\",\"@id\":\"https:\\\/\\\/www.siroco-hvac.com\\\/de\\\/#website\",\"url\":\"https:\\\/\\\/www.siroco-hvac.com\\\/de\\\/\",\"name\":\"Siroco\",\"description\":\"Energize the air\",\"potentialAction\":[{\"@type\":\"SearchAction\",\"target\":{\"@type\":\"EntryPoint\",\"urlTemplate\":\"https:\\\/\\\/www.siroco-hvac.com\\\/de\\\/?s={search_term_string}\"},\"query-input\":{\"@type\":\"PropertyValueSpecification\",\"valueRequired\":true,\"valueName\":\"search_term_string\"}}],\"inLanguage\":\"de-DE\"}]}<\/script>\n<!-- \/ Yoast SEO plugin. -->","yoast_head_json":{"title":"Luftverteilerplatte - Siroco","description":"Siroco entwickelt und entwirft Standard- und ma\u00dfgeschneiderte L\u00f6sungen f\u00fcr Luftverteilungssysteme mit integrierter oder abgesetzter Steuerung.","robots":{"index":"index","follow":"follow","max-snippet":"max-snippet:-1","max-image-preview":"max-image-preview:large","max-video-preview":"max-video-preview:-1"},"canonical":"https:\/\/www.siroco-hvac.com\/de\/sensyo-luftduesen\/plafonnier\/","og_locale":"de_DE","og_type":"article","og_title":"Luftverteilerplatte - Siroco","og_description":"Siroco entwickelt und entwirft Standard- und ma\u00dfgeschneiderte L\u00f6sungen f\u00fcr Luftverteilungssysteme mit integrierter oder abgesetzter Steuerung.","og_url":"https:\/\/www.siroco-hvac.com\/de\/sensyo-luftduesen\/plafonnier\/","og_site_name":"Siroco","article_modified_time":"2023-10-27T14:44:21+00:00","twitter_card":"summary_large_image","twitter_misc":{"Est. reading time":"1 minute"},"schema":{"@context":"https:\/\/schema.org","@graph":[{"@type":"WebPage","@id":"https:\/\/www.siroco-hvac.com\/de\/sensyo-luftduesen\/plafonnier\/","url":"https:\/\/www.siroco-hvac.com\/de\/sensyo-luftduesen\/plafonnier\/","name":"Luftverteilerplatte - Siroco","isPartOf":{"@id":"https:\/\/www.siroco-hvac.com\/de\/#website"},"datePublished":"2023-10-27T14:39:21+00:00","dateModified":"2023-10-27T14:44:21+00:00","description":"Siroco entwickelt und entwirft Standard- und ma\u00dfgeschneiderte L\u00f6sungen f\u00fcr Luftverteilungssysteme mit integrierter oder abgesetzter Steuerung.","breadcrumb":{"@id":"https:\/\/www.siroco-hvac.com\/de\/sensyo-luftduesen\/plafonnier\/#breadcrumb"},"inLanguage":"de-DE","potentialAction":[{"@type":"ReadAction","target":["https:\/\/www.siroco-hvac.com\/de\/sensyo-luftduesen\/plafonnier\/"]}]},{"@type":"BreadcrumbList","@id":"https:\/\/www.siroco-hvac.com\/de\/sensyo-luftduesen\/plafonnier\/#breadcrumb","itemListElement":[{"@type":"ListItem","position":1,"name":"Home","item":"https:\/\/www.siroco-hvac.com\/de\/"},{"@type":"ListItem","position":2,"name":"SENSYO LUFTD\u00dcSEN","item":"https:\/\/www.siroco-hvac.com\/de\/sensyo-luftduesen\/"},{"@type":"ListItem","position":3,"name":"Luftverteilerplatte"}]},{"@type":"WebSite","@id":"https:\/\/www.siroco-hvac.com\/de\/#website","url":"https:\/\/www.siroco-hvac.com\/de\/","name":"Siroco","description":"Energize the air","potentialAction":[{"@type":"SearchAction","target":{"@type":"EntryPoint","urlTemplate":"https:\/\/www.siroco-hvac.com\/de\/?s={search_term_string}"},"query-input":{"@type":"PropertyValueSpecification","valueRequired":true,"valueName":"search_term_string"}}],"inLanguage":"de-DE"}]}},"_links":{"self":[{"href":"https:\/\/www.siroco-hvac.com\/de\/wp-json\/wp\/v2\/pages\/19775","targetHints":{"allow":["GET"]}}],"collection":[{"href":"https:\/\/www.siroco-hvac.com\/de\/wp-json\/wp\/v2\/pages"}],"about":[{"href":"https:\/\/www.siroco-hvac.com\/de\/wp-json\/wp\/v2\/types\/page"}],"author":[{"embeddable":true,"href":"https:\/\/www.siroco-hvac.com\/de\/wp-json\/wp\/v2\/users\/13"}],"replies":[{"embeddable":true,"href":"https:\/\/www.siroco-hvac.com\/de\/wp-json\/wp\/v2\/comments?post=19775"}],"version-history":[{"count":2,"href":"https:\/\/www.siroco-hvac.com\/de\/wp-json\/wp\/v2\/pages\/19775\/revisions"}],"predecessor-version":[{"id":19782,"href":"https:\/\/www.siroco-hvac.com\/de\/wp-json\/wp\/v2\/pages\/19775\/revisions\/19782"}],"up":[{"embeddable":true,"href":"https:\/\/www.siroco-hvac.com\/de\/wp-json\/wp\/v2\/pages\/7988"}],"wp:attachment":[{"href":"https:\/\/www.siroco-hvac.com\/de\/wp-json\/wp\/v2\/media?parent=19775"}],"wp:term":[{"taxonomy":"product_category","embeddable":true,"href":"https:\/\/www.siroco-hvac.com\/de\/wp-json\/wp\/v2\/product_category?post=19775"}],"curies":[{"name":"wp","href":"https:\/\/api.w.org\/{rel}","templated":true}]}}