{"id":13162,"date":"2021-08-25T11:02:01","date_gmt":"2021-08-25T09:02:01","guid":{"rendered":"https:\/\/siroco.pamplemousse.site\/?page_id=13162"},"modified":"2026-04-16T11:42:02","modified_gmt":"2026-04-16T09:42:02","slug":"katalog-herunterladen","status":"publish","type":"page","link":"https:\/\/www.siroco-hvac.com\/de\/katalog-herunterladen\/","title":{"rendered":"Katalog herunterladen"},"content":{"rendered":"<h3>Gerne stellen wir Ihnen unseren Online-Katalog zur Verf\u00fcgung. Bitte f\u00fcllen Sie dazu das untenstehende Formular aus und senden es ab. Der Katalog wird sich direkt nach dem absenden des Formulars im Browser \u00f6ffnen. Sie k\u00f6nnen sich dann ein Lesezeichen in Ihrem Browser f\u00fcr sp\u00e4teren Zugriff setzen. Ansonsten k\u00f6nnen Sie jederzeit das Formular nochmals absenden. Vielen Dank f\u00fcr Ihr Vertrauen. Wenn Sie Fragen haben, k\u00f6nnen Sie sich gerne <a href=\"https:\/\/www.siroco-hvac.com\/de\/kontakt\/\">an uns wenden<\/a>.<\/h3>\n","protected":false},"excerpt":{"rendered":"<p>Gerne stellen wir Ihnen unseren Online-Katalog zur Verf\u00fcgung. Bitte f\u00fcllen Sie dazu das untenstehende Formular aus und senden es ab&#8230;.<\/p>\n","protected":false},"author":3,"featured_media":12080,"parent":0,"menu_order":12,"comment_status":"closed","ping_status":"closed","template":"","meta":{"_acf_changed":false,"inline_featured_image":false,"footnotes":""},"product_category":[],"class_list":["post-13162","page","type-page","status-publish","has-post-thumbnail","hentry"],"acf":[],"yoast_head":"<!-- This site is optimized with the Yoast SEO plugin v27.4 - https:\/\/yoast.com\/product\/yoast-seo-wordpress\/ -->\n<title>Katalog herunterladen - Siroco<\/title>\n<meta name=\"robots\" content=\"index, follow, max-snippet:-1, max-image-preview:large, max-video-preview:-1\" \/>\n<link rel=\"canonical\" href=\"https:\/\/www.siroco-hvac.com\/de\/katalog-herunterladen\/\" \/>\n<meta property=\"og:locale\" content=\"de_DE\" \/>\n<meta property=\"og:type\" content=\"article\" \/>\n<meta property=\"og:title\" content=\"Katalog herunterladen - Siroco\" \/>\n<meta property=\"og:description\" content=\"Gerne stellen wir Ihnen unseren Online-Katalog zur Verf\u00fcgung. Bitte f\u00fcllen Sie dazu das untenstehende Formular aus und senden es ab....\" \/>\n<meta property=\"og:url\" content=\"https:\/\/www.siroco-hvac.com\/de\/katalog-herunterladen\/\" \/>\n<meta property=\"og:site_name\" content=\"Siroco\" \/>\n<meta property=\"article:modified_time\" content=\"2026-04-16T09:42:02+00:00\" \/>\n<meta property=\"og:image\" content=\"https:\/\/www.siroco-hvac.com\/app\/uploads\/2021\/06\/write-us.jpg\" \/>\n\t<meta property=\"og:image:width\" content=\"852\" \/>\n\t<meta property=\"og:image:height\" content=\"480\" \/>\n\t<meta property=\"og:image:type\" content=\"image\/jpeg\" \/>\n<meta name=\"twitter:card\" content=\"summary_large_image\" \/>\n<meta name=\"twitter:label1\" content=\"Est. reading time\" \/>\n\t<meta name=\"twitter:data1\" content=\"1 minute\" \/>\n<script type=\"application\/ld+json\" class=\"yoast-schema-graph\">{\"@context\":\"https:\\\/\\\/schema.org\",\"@graph\":[{\"@type\":\"WebPage\",\"@id\":\"https:\\\/\\\/www.siroco-hvac.com\\\/de\\\/katalog-herunterladen\\\/\",\"url\":\"https:\\\/\\\/www.siroco-hvac.com\\\/de\\\/katalog-herunterladen\\\/\",\"name\":\"Katalog herunterladen - Siroco\",\"isPartOf\":{\"@id\":\"https:\\\/\\\/www.siroco-hvac.com\\\/de\\\/#website\"},\"primaryImageOfPage\":{\"@id\":\"https:\\\/\\\/www.siroco-hvac.com\\\/de\\\/katalog-herunterladen\\\/#primaryimage\"},\"image\":{\"@id\":\"https:\\\/\\\/www.siroco-hvac.com\\\/de\\\/katalog-herunterladen\\\/#primaryimage\"},\"thumbnailUrl\":\"https:\\\/\\\/www.siroco-hvac.com\\\/app\\\/uploads\\\/2021\\\/06\\\/write-us.jpg\",\"datePublished\":\"2021-08-25T09:02:01+00:00\",\"dateModified\":\"2026-04-16T09:42:02+00:00\",\"breadcrumb\":{\"@id\":\"https:\\\/\\\/www.siroco-hvac.com\\\/de\\\/katalog-herunterladen\\\/#breadcrumb\"},\"inLanguage\":\"de-DE\",\"potentialAction\":[{\"@type\":\"ReadAction\",\"target\":[\"https:\\\/\\\/www.siroco-hvac.com\\\/de\\\/katalog-herunterladen\\\/\"]}]},{\"@type\":\"ImageObject\",\"inLanguage\":\"de-DE\",\"@id\":\"https:\\\/\\\/www.siroco-hvac.com\\\/de\\\/katalog-herunterladen\\\/#primaryimage\",\"url\":\"https:\\\/\\\/www.siroco-hvac.com\\\/app\\\/uploads\\\/2021\\\/06\\\/write-us.jpg\",\"contentUrl\":\"https:\\\/\\\/www.siroco-hvac.com\\\/app\\\/uploads\\\/2021\\\/06\\\/write-us.jpg\",\"width\":852,\"height\":480},{\"@type\":\"BreadcrumbList\",\"@id\":\"https:\\\/\\\/www.siroco-hvac.com\\\/de\\\/katalog-herunterladen\\\/#breadcrumb\",\"itemListElement\":[{\"@type\":\"ListItem\",\"position\":1,\"name\":\"Home\",\"item\":\"https:\\\/\\\/www.siroco-hvac.com\\\/de\\\/\"},{\"@type\":\"ListItem\",\"position\":2,\"name\":\"Katalog herunterladen\"}]},{\"@type\":\"WebSite\",\"@id\":\"https:\\\/\\\/www.siroco-hvac.com\\\/de\\\/#website\",\"url\":\"https:\\\/\\\/www.siroco-hvac.com\\\/de\\\/\",\"name\":\"Siroco\",\"description\":\"Energize the air\",\"potentialAction\":[{\"@type\":\"SearchAction\",\"target\":{\"@type\":\"EntryPoint\",\"urlTemplate\":\"https:\\\/\\\/www.siroco-hvac.com\\\/de\\\/?s={search_term_string}\"},\"query-input\":{\"@type\":\"PropertyValueSpecification\",\"valueRequired\":true,\"valueName\":\"search_term_string\"}}],\"inLanguage\":\"de-DE\"}]}<\/script>\n<!-- \/ Yoast SEO plugin. -->","yoast_head_json":{"title":"Katalog herunterladen - Siroco","robots":{"index":"index","follow":"follow","max-snippet":"max-snippet:-1","max-image-preview":"max-image-preview:large","max-video-preview":"max-video-preview:-1"},"canonical":"https:\/\/www.siroco-hvac.com\/de\/katalog-herunterladen\/","og_locale":"de_DE","og_type":"article","og_title":"Katalog herunterladen - Siroco","og_description":"Gerne stellen wir Ihnen unseren Online-Katalog zur Verf\u00fcgung. Bitte f\u00fcllen Sie dazu das untenstehende Formular aus und senden es ab....","og_url":"https:\/\/www.siroco-hvac.com\/de\/katalog-herunterladen\/","og_site_name":"Siroco","article_modified_time":"2026-04-16T09:42:02+00:00","og_image":[{"width":852,"height":480,"url":"https:\/\/www.siroco-hvac.com\/app\/uploads\/2021\/06\/write-us.jpg","type":"image\/jpeg"}],"twitter_card":"summary_large_image","twitter_misc":{"Est. reading time":"1 minute"},"schema":{"@context":"https:\/\/schema.org","@graph":[{"@type":"WebPage","@id":"https:\/\/www.siroco-hvac.com\/de\/katalog-herunterladen\/","url":"https:\/\/www.siroco-hvac.com\/de\/katalog-herunterladen\/","name":"Katalog herunterladen - Siroco","isPartOf":{"@id":"https:\/\/www.siroco-hvac.com\/de\/#website"},"primaryImageOfPage":{"@id":"https:\/\/www.siroco-hvac.com\/de\/katalog-herunterladen\/#primaryimage"},"image":{"@id":"https:\/\/www.siroco-hvac.com\/de\/katalog-herunterladen\/#primaryimage"},"thumbnailUrl":"https:\/\/www.siroco-hvac.com\/app\/uploads\/2021\/06\/write-us.jpg","datePublished":"2021-08-25T09:02:01+00:00","dateModified":"2026-04-16T09:42:02+00:00","breadcrumb":{"@id":"https:\/\/www.siroco-hvac.com\/de\/katalog-herunterladen\/#breadcrumb"},"inLanguage":"de-DE","potentialAction":[{"@type":"ReadAction","target":["https:\/\/www.siroco-hvac.com\/de\/katalog-herunterladen\/"]}]},{"@type":"ImageObject","inLanguage":"de-DE","@id":"https:\/\/www.siroco-hvac.com\/de\/katalog-herunterladen\/#primaryimage","url":"https:\/\/www.siroco-hvac.com\/app\/uploads\/2021\/06\/write-us.jpg","contentUrl":"https:\/\/www.siroco-hvac.com\/app\/uploads\/2021\/06\/write-us.jpg","width":852,"height":480},{"@type":"BreadcrumbList","@id":"https:\/\/www.siroco-hvac.com\/de\/katalog-herunterladen\/#breadcrumb","itemListElement":[{"@type":"ListItem","position":1,"name":"Home","item":"https:\/\/www.siroco-hvac.com\/de\/"},{"@type":"ListItem","position":2,"name":"Katalog herunterladen"}]},{"@type":"WebSite","@id":"https:\/\/www.siroco-hvac.com\/de\/#website","url":"https:\/\/www.siroco-hvac.com\/de\/","name":"Siroco","description":"Energize the air","potentialAction":[{"@type":"SearchAction","target":{"@type":"EntryPoint","urlTemplate":"https:\/\/www.siroco-hvac.com\/de\/?s={search_term_string}"},"query-input":{"@type":"PropertyValueSpecification","valueRequired":true,"valueName":"search_term_string"}}],"inLanguage":"de-DE"}]}},"_links":{"self":[{"href":"https:\/\/www.siroco-hvac.com\/de\/wp-json\/wp\/v2\/pages\/13162","targetHints":{"allow":["GET"]}}],"collection":[{"href":"https:\/\/www.siroco-hvac.com\/de\/wp-json\/wp\/v2\/pages"}],"about":[{"href":"https:\/\/www.siroco-hvac.com\/de\/wp-json\/wp\/v2\/types\/page"}],"author":[{"embeddable":true,"href":"https:\/\/www.siroco-hvac.com\/de\/wp-json\/wp\/v2\/users\/3"}],"replies":[{"embeddable":true,"href":"https:\/\/www.siroco-hvac.com\/de\/wp-json\/wp\/v2\/comments?post=13162"}],"version-history":[{"count":4,"href":"https:\/\/www.siroco-hvac.com\/de\/wp-json\/wp\/v2\/pages\/13162\/revisions"}],"predecessor-version":[{"id":22609,"href":"https:\/\/www.siroco-hvac.com\/de\/wp-json\/wp\/v2\/pages\/13162\/revisions\/22609"}],"wp:featuredmedia":[{"embeddable":true,"href":"https:\/\/www.siroco-hvac.com\/de\/wp-json\/wp\/v2\/media\/12080"}],"wp:attachment":[{"href":"https:\/\/www.siroco-hvac.com\/de\/wp-json\/wp\/v2\/media?parent=13162"}],"wp:term":[{"taxonomy":"product_category","embeddable":true,"href":"https:\/\/www.siroco-hvac.com\/de\/wp-json\/wp\/v2\/product_category?post=13162"}],"curies":[{"name":"wp","href":"https:\/\/api.w.org\/{rel}","templated":true}]}}